{"id":17890,"date":"2023-10-31T17:29:53","date_gmt":"2023-10-31T16:29:53","guid":{"rendered":"https:\/\/saloni.pl\/?post_type=product&#038;p=17890"},"modified":"2023-10-31T17:30:48","modified_gmt":"2023-10-31T16:30:48","slug":"kabina-prysznicowa-walk-in-avexa-jednoelementowa-100-cm-szklo-8-mm","status":"publish","type":"product","link":"https:\/\/saloni.pl\/index.php\/produkt\/kabina-prysznicowa-walk-in-avexa-jednoelementowa-100-cm-szklo-8-mm\/","title":{"rendered":"Kabina prysznicowa Walk-in Avexa, jednoelementowa 100 cm, szk\u0142o 8 mm"},"content":{"rendered":"<h5>Kabina prysznicowa Avexa Walk-in 100 cm, wersja chrom, szk\u0142o przejrzyste 8 mm z pow\u0142ok\u0105 Active Shield<\/h5>\n<h5><\/h5>\n<h5><strong>Kabina dost\u0119pna w wielu wymiarach, nie znalaz\u0142e\u015b wymiaru kt\u00f3rego szukasz?<\/strong><\/h5>\n<div class=\"option-content\">\n<p><strong>Zadzwo\u0144 do nas lub napisz, przedstawimy ci najlepsz\u0105 ofert\u0119.<\/strong><\/p>\n<p>Model Avexa posiada eleganckie, chromowane detale o wyko\u0144czeniu w po\u0142ysku. Kabina wyposa\u017cona jest w bezpieczn\u0105, hartowan\u0105 szyb\u0119 o grubo\u015bci 8 mm, z pow\u0142ok\u0105 ochronn\u0105 Active Shield. Kolekcja obj\u0119ta 7-letnim okresem gwarancji. Kabina prysznicowa mo\u017ce by\u0107 montowana zar\u00f3wno z brodzikiem, jak i bez brodzika. Istnieje mo\u017cliwo\u015b\u0107 zam\u00f3wienia produktu tak\u017ce w opcji na wymiar.<\/p>\n<p><img loading=\"lazy\" decoding=\"async\" class=\"alignnone size-full wp-image-17879\" src=\"https:\/\/saloni.pl\/wp-content\/uploads\/2023\/10\/AVEXA-WALKIN-CECHY.jpg\" alt=\"\" width=\"350\" height=\"350\" srcset=\"https:\/\/saloni.pl\/wp-content\/uploads\/2023\/10\/AVEXA-WALKIN-CECHY.jpg 350w, https:\/\/saloni.pl\/wp-content\/uploads\/2023\/10\/AVEXA-WALKIN-CECHY-300x300.jpg 300w, https:\/\/saloni.pl\/wp-content\/uploads\/2023\/10\/AVEXA-WALKIN-CECHY-150x150.jpg 150w, https:\/\/saloni.pl\/wp-content\/uploads\/2023\/10\/AVEXA-WALKIN-CECHY-100x100.jpg 100w, https:\/\/saloni.pl\/wp-content\/uploads\/2023\/10\/AVEXA-WALKIN-CECHY-50x50.jpg 50w\" sizes=\"auto, (max-width: 350px) 100vw, 350px\" \/><\/p>\n<p><img loading=\"lazy\" decoding=\"async\" class=\"alignnone size-full wp-image-17881\" src=\"https:\/\/saloni.pl\/wp-content\/uploads\/2023\/10\/AVEXA-WALKIN-RYS-TECHN.jpg\" alt=\"\" width=\"500\" height=\"669\" srcset=\"https:\/\/saloni.pl\/wp-content\/uploads\/2023\/10\/AVEXA-WALKIN-RYS-TECHN.jpg 500w, https:\/\/saloni.pl\/wp-content\/uploads\/2023\/10\/AVEXA-WALKIN-RYS-TECHN-224x300.jpg 224w, https:\/\/saloni.pl\/wp-content\/uploads\/2023\/10\/AVEXA-WALKIN-RYS-TECHN-300x401.jpg 300w\" sizes=\"auto, (max-width: 500px) 100vw, 500px\" \/><\/p>\n<h3><strong>A= 100-101 cm<\/strong><\/h3>\n<h3><strong>B= max 120 cm<\/strong><\/h3>\n<h3><strong>H= 200 cm<\/strong><\/h3>\n<\/div>\n","protected":false},"excerpt":{"rendered":"<p>Kabina prysznicowa Avexa Walk-in 100 cm, wersja chrom, szk\u0142o przejrzyste 8 mm z pow\u0142ok\u0105 Active Shield Kabina dost\u0119pna w wielu wymiarach, nie znalaz\u0142e\u015b wymiaru kt\u00f3rego szukasz? Zadzwo\u0144 do nas lub napisz, przedstawimy ci najlepsz\u0105 ofert\u0119. Model Avexa posiada eleganckie, chromowane detale o wyko\u0144czeniu w po\u0142ysku. Kabina wyposa\u017cona jest w bezpieczn\u0105, hartowan\u0105 szyb\u0119 o grubo\u015bci 8 [&hellip;]<\/p>\n","protected":false},"featured_media":17880,"comment_status":"closed","ping_status":"closed","template":"","meta":[],"product_brand":[],"product_cat":[219,16,133],"product_tag":[490,425,433],"berocket_brand":[124],"class_list":{"0":"post-17890","1":"product","2":"type-product","3":"status-publish","4":"has-post-thumbnail","6":"product_cat-chrom-walk-in-jednoczesiowe","7":"product_cat-kabiny-prysznicowe","8":"product_cat-walk-in-jednoczesiowe","9":"product_tag-avexa","10":"product_tag-chrom","11":"product_tag-walk-in","12":"berocket_brand-new-trendy","14":"first","15":"instock","16":"sale","17":"featured","18":"shipping-taxable","19":"purchasable","20":"product-type-simple"},"_links":{"self":[{"href":"https:\/\/saloni.pl\/index.php\/wp-json\/wp\/v2\/product\/17890","targetHints":{"allow":["GET"]}}],"collection":[{"href":"https:\/\/saloni.pl\/index.php\/wp-json\/wp\/v2\/product"}],"about":[{"href":"https:\/\/saloni.pl\/index.php\/wp-json\/wp\/v2\/types\/product"}],"replies":[{"embeddable":true,"href":"https:\/\/saloni.pl\/index.php\/wp-json\/wp\/v2\/comments?post=17890"}],"wp:featuredmedia":[{"embeddable":true,"href":"https:\/\/saloni.pl\/index.php\/wp-json\/wp\/v2\/media\/17880"}],"wp:attachment":[{"href":"https:\/\/saloni.pl\/index.php\/wp-json\/wp\/v2\/media?parent=17890"}],"wp:term":[{"taxonomy":"product_brand","embeddable":true,"href":"https:\/\/saloni.pl\/index.php\/wp-json\/wp\/v2\/product_brand?post=17890"},{"taxonomy":"product_cat","embeddable":true,"href":"https:\/\/saloni.pl\/index.php\/wp-json\/wp\/v2\/product_cat?post=17890"},{"taxonomy":"product_tag","embeddable":true,"href":"https:\/\/saloni.pl\/index.php\/wp-json\/wp\/v2\/product_tag?post=17890"},{"taxonomy":"berocket_brand","embeddable":true,"href":"https:\/\/saloni.pl\/index.php\/wp-json\/wp\/v2\/berocket_brand?post=17890"}],"curies":[{"name":"wp","href":"https:\/\/api.w.org\/{rel}","templated":true}]}}