{"id":17874,"date":"2023-10-19T17:38:50","date_gmt":"2023-10-19T15:38:50","guid":{"rendered":"https:\/\/saloni.pl\/?post_type=product&#038;p=17874"},"modified":"2023-10-19T17:40:01","modified_gmt":"2023-10-19T15:40:01","slug":"drzwi-wnekowe-avexa-chrome-jednoskrzydlowe-prawe-100-cm","status":"publish","type":"product","link":"https:\/\/saloni.pl\/index.php\/produkt\/drzwi-wnekowe-avexa-chrome-jednoskrzydlowe-prawe-100-cm\/","title":{"rendered":"Drzwi wn\u0119kowe Avexa Chrome, jednoskrzyd\u0142owe, prawe 100 cm"},"content":{"rendered":"<h5>Drzwi prysznicowe Avexa Chrome 100 cm, prawe z pojedynczymi drzwiami otwieranymi na zewn\u0105trz, wersja chrom, szk\u0142o przejrzyste 6 mm z pow\u0142ok\u0105 Active Shield<\/h5>\n<h5><\/h5>\n<h5><strong>Drzwi dost\u0119pne w wielu wymiarach, nie znalaz\u0142e\u015b wymiaru kt\u00f3rego szukasz?<\/strong><\/h5>\n<div class=\"option-content\">\n<p><strong>Zadzwo\u0144 do nas lub napisz, przedstawimy ci najlepsz\u0105 ofert\u0119.<\/strong><\/p>\n<p>Model Avexa posiada eleganckie, chromowane detale o wyko\u0144czeniu w po\u0142ysku. Drzwi prysznicowe wyposa\u017cone w bezpieczn\u0105, hartowan\u0105 szyb\u0119 o grubo\u015bci 6mm, z pow\u0142ok\u0105 ochronn\u0105 Active Shield 2.0. W dolnej cz\u0119\u015bci drzwi znajduje si\u0119 rynienka, odprowadzaj\u0105ca wod\u0119 z szyby do wewn\u0105trz strefy prysznicowej. Produkt mo\u017ce by\u0107 instalowany z brodzikiem lub bez brodzika. Kolekcja obj\u0119ta 7-letnim okresem gwarancji. Istnieje mo\u017cliwo\u015b\u0107 zam\u00f3wienia produktu tak\u017ce w opcji na wymiar.<\/p>\n<p><img loading=\"lazy\" decoding=\"async\" class=\"alignnone size-full wp-image-17853\" src=\"https:\/\/saloni.pl\/wp-content\/uploads\/2023\/10\/AVEXA-CHROME-DRZWI-JEDNOSKRZYDLOWE-PRAWE.jpg\" alt=\"\" width=\"404\" height=\"404\" srcset=\"https:\/\/saloni.pl\/wp-content\/uploads\/2023\/10\/AVEXA-CHROME-DRZWI-JEDNOSKRZYDLOWE-PRAWE.jpg 404w, https:\/\/saloni.pl\/wp-content\/uploads\/2023\/10\/AVEXA-CHROME-DRZWI-JEDNOSKRZYDLOWE-PRAWE-300x300.jpg 300w, https:\/\/saloni.pl\/wp-content\/uploads\/2023\/10\/AVEXA-CHROME-DRZWI-JEDNOSKRZYDLOWE-PRAWE-150x150.jpg 150w, https:\/\/saloni.pl\/wp-content\/uploads\/2023\/10\/AVEXA-CHROME-DRZWI-JEDNOSKRZYDLOWE-PRAWE-100x100.jpg 100w, https:\/\/saloni.pl\/wp-content\/uploads\/2023\/10\/AVEXA-CHROME-DRZWI-JEDNOSKRZYDLOWE-PRAWE-50x50.jpg 50w\" sizes=\"auto, (max-width: 404px) 100vw, 404px\" \/><\/p>\n<p><img loading=\"lazy\" decoding=\"async\" class=\"alignnone size-full wp-image-17854\" src=\"https:\/\/saloni.pl\/wp-content\/uploads\/2023\/10\/CECHY-1.jpg\" alt=\"\" width=\"773\" height=\"762\" srcset=\"https:\/\/saloni.pl\/wp-content\/uploads\/2023\/10\/CECHY-1.jpg 773w, https:\/\/saloni.pl\/wp-content\/uploads\/2023\/10\/CECHY-1-300x296.jpg 300w, https:\/\/saloni.pl\/wp-content\/uploads\/2023\/10\/CECHY-1-768x757.jpg 768w, https:\/\/saloni.pl\/wp-content\/uploads\/2023\/10\/CECHY-1-600x591.jpg 600w, https:\/\/saloni.pl\/wp-content\/uploads\/2023\/10\/CECHY-1-100x100.jpg 100w, https:\/\/saloni.pl\/wp-content\/uploads\/2023\/10\/CECHY-1-50x50.jpg 50w\" sizes=\"auto, (max-width: 773px) 100vw, 773px\" \/><\/p>\n<p><img loading=\"lazy\" decoding=\"async\" class=\"alignnone size-full wp-image-17855\" src=\"https:\/\/saloni.pl\/wp-content\/uploads\/2023\/10\/CECHY-2.jpg\" alt=\"\" width=\"772\" height=\"414\" srcset=\"https:\/\/saloni.pl\/wp-content\/uploads\/2023\/10\/CECHY-2.jpg 772w, https:\/\/saloni.pl\/wp-content\/uploads\/2023\/10\/CECHY-2-300x161.jpg 300w, https:\/\/saloni.pl\/wp-content\/uploads\/2023\/10\/CECHY-2-768x412.jpg 768w, https:\/\/saloni.pl\/wp-content\/uploads\/2023\/10\/CECHY-2-600x322.jpg 600w\" sizes=\"auto, (max-width: 772px) 100vw, 772px\" \/><\/p>\n<p><img loading=\"lazy\" decoding=\"async\" class=\"alignnone size-full wp-image-17856\" src=\"https:\/\/saloni.pl\/wp-content\/uploads\/2023\/10\/CECHY-3.jpg\" alt=\"\" width=\"733\" height=\"518\" srcset=\"https:\/\/saloni.pl\/wp-content\/uploads\/2023\/10\/CECHY-3.jpg 733w, https:\/\/saloni.pl\/wp-content\/uploads\/2023\/10\/CECHY-3-300x212.jpg 300w, https:\/\/saloni.pl\/wp-content\/uploads\/2023\/10\/CECHY-3-600x424.jpg 600w\" sizes=\"auto, (max-width: 733px) 100vw, 733px\" \/><\/p>\n<p><img loading=\"lazy\" decoding=\"async\" class=\"alignnone size-full wp-image-17857\" src=\"https:\/\/saloni.pl\/wp-content\/uploads\/2023\/10\/CECHY-4.jpg\" alt=\"\" width=\"752\" height=\"670\" srcset=\"https:\/\/saloni.pl\/wp-content\/uploads\/2023\/10\/CECHY-4.jpg 752w, https:\/\/saloni.pl\/wp-content\/uploads\/2023\/10\/CECHY-4-300x267.jpg 300w, https:\/\/saloni.pl\/wp-content\/uploads\/2023\/10\/CECHY-4-600x535.jpg 600w\" sizes=\"auto, (max-width: 752px) 100vw, 752px\" \/><\/p>\n<p><img loading=\"lazy\" decoding=\"async\" class=\"alignnone size-full wp-image-17848\" src=\"https:\/\/saloni.pl\/wp-content\/uploads\/2023\/10\/AVEXA-CHROME-DRZWI-JEDNOSKRZYDLOWE-LEWE-RYS-TECHN.jpg\" alt=\"\" width=\"388\" height=\"520\" srcset=\"https:\/\/saloni.pl\/wp-content\/uploads\/2023\/10\/AVEXA-CHROME-DRZWI-JEDNOSKRZYDLOWE-LEWE-RYS-TECHN.jpg 388w, https:\/\/saloni.pl\/wp-content\/uploads\/2023\/10\/AVEXA-CHROME-DRZWI-JEDNOSKRZYDLOWE-LEWE-RYS-TECHN-224x300.jpg 224w, https:\/\/saloni.pl\/wp-content\/uploads\/2023\/10\/AVEXA-CHROME-DRZWI-JEDNOSKRZYDLOWE-LEWE-RYS-TECHN-300x402.jpg 300w\" sizes=\"auto, (max-width: 388px) 100vw, 388px\" \/><\/p>\n<h3><strong>A= 99,5-100,5 cm<\/strong><\/h3>\n<h3><strong>B= 33,5 cm<\/strong><\/h3>\n<h3><strong>W= 63 cm<\/strong><\/h3>\n<h3><strong>H= 200 cm<\/strong><\/h3>\n<\/div>\n","protected":false},"excerpt":{"rendered":"<p>Drzwi prysznicowe Avexa Chrome 100 cm, prawe z pojedynczymi drzwiami otwieranymi na zewn\u0105trz, wersja chrom, szk\u0142o przejrzyste 6 mm z pow\u0142ok\u0105 Active Shield Drzwi dost\u0119pne w wielu wymiarach, nie znalaz\u0142e\u015b wymiaru kt\u00f3rego szukasz? Zadzwo\u0144 do nas lub napisz, przedstawimy ci najlepsz\u0105 ofert\u0119. Model Avexa posiada eleganckie, chromowane detale o wyko\u0144czeniu w po\u0142ysku. Drzwi prysznicowe wyposa\u017cone [&hellip;]<\/p>\n","protected":false},"featured_media":17852,"comment_status":"closed","ping_status":"closed","template":"","meta":[],"product_brand":[],"product_cat":[371,20,109],"product_tag":[490,425,459,478],"berocket_brand":[124],"class_list":{"0":"post-17874","1":"product","2":"type-product","3":"status-publish","4":"has-post-thumbnail","6":"product_cat-chrom-na-zewnatrz","7":"product_cat-drzwi-wnekowe","8":"product_cat-na-zewnatrz","9":"product_tag-avexa","10":"product_tag-chrom","11":"product_tag-drzwi-prysznicowe","12":"product_tag-otwierane-na-zewnatrz","13":"berocket_brand-new-trendy","15":"first","16":"instock","17":"sale","18":"featured","19":"shipping-taxable","20":"purchasable","21":"product-type-simple"},"_links":{"self":[{"href":"https:\/\/saloni.pl\/index.php\/wp-json\/wp\/v2\/product\/17874","targetHints":{"allow":["GET"]}}],"collection":[{"href":"https:\/\/saloni.pl\/index.php\/wp-json\/wp\/v2\/product"}],"about":[{"href":"https:\/\/saloni.pl\/index.php\/wp-json\/wp\/v2\/types\/product"}],"replies":[{"embeddable":true,"href":"https:\/\/saloni.pl\/index.php\/wp-json\/wp\/v2\/comments?post=17874"}],"wp:featuredmedia":[{"embeddable":true,"href":"https:\/\/saloni.pl\/index.php\/wp-json\/wp\/v2\/media\/17852"}],"wp:attachment":[{"href":"https:\/\/saloni.pl\/index.php\/wp-json\/wp\/v2\/media?parent=17874"}],"wp:term":[{"taxonomy":"product_brand","embeddable":true,"href":"https:\/\/saloni.pl\/index.php\/wp-json\/wp\/v2\/product_brand?post=17874"},{"taxonomy":"product_cat","embeddable":true,"href":"https:\/\/saloni.pl\/index.php\/wp-json\/wp\/v2\/product_cat?post=17874"},{"taxonomy":"product_tag","embeddable":true,"href":"https:\/\/saloni.pl\/index.php\/wp-json\/wp\/v2\/product_tag?post=17874"},{"taxonomy":"berocket_brand","embeddable":true,"href":"https:\/\/saloni.pl\/index.php\/wp-json\/wp\/v2\/berocket_brand?post=17874"}],"curies":[{"name":"wp","href":"https:\/\/api.w.org\/{rel}","templated":true}]}}