{"id":17784,"date":"2023-10-16T17:17:11","date_gmt":"2023-10-16T15:17:11","guid":{"rendered":"https:\/\/saloni.pl\/?post_type=product&#038;p=17784"},"modified":"2023-10-16T17:19:18","modified_gmt":"2023-10-16T15:19:18","slug":"kabina-prysznicowa-eventa-black-chrome-80-cm-drzwi-lewe-90-cm-scianka-stala","status":"publish","type":"product","link":"https:\/\/saloni.pl\/index.php\/produkt\/kabina-prysznicowa-eventa-black-chrome-80-cm-drzwi-lewe-90-cm-scianka-stala\/","title":{"rendered":"Kabina prysznicowa Eventa Black Chrome 80 cm drzwi lewe, 90 cm \u015bcianka sta\u0142a"},"content":{"rendered":"<h5>Kabina prysznicowa\u00a0 Eventa Black Chrome 80 cm drzwi lewe pojedyncze otwierane na zewn\u0105trz, \u015bcianka sta\u0142a 90 cm, wersja po\u0142ysk, szk\u0142o przejrzyste 8 mm z pow\u0142ok\u0105 Active Shield<\/h5>\n<h5><\/h5>\n<h5><strong>Kabiny dost\u0119pne w wielu rozmiarach, nie znalaz\u0142e\u015b wymiaru kt\u00f3rego szukasz?<\/strong><\/h5>\n<div class=\"option-content\">\n<h4><strong>Zadzwo\u0144 do nas lub napisz, przedstawimy ci najlepsz\u0105 ofert\u0119.<\/strong><\/h4>\n<p>Model Eventa Black Chrome posiada eleganckie, czarne detale o wyko\u0144czeniu w po\u0142ysku. Drzwi wn\u0119kowe, wyposa\u017cone w bezpieczne, hartowane szyby o grubo\u015bci 8 mm, z pow\u0142ok\u0105 ochronn\u0105 Active Shield. W dolnej cz\u0119\u015bci drzwi znajduje si\u0119 rynienka, odprowadzaj\u0105ca wod\u0119 z szyby do wewn\u0105trz strefy prysznicowej. Produkt mo\u017ce by\u0107 instalowany z brodzikiem lub bez brodzika. Kolekcja obj\u0119ta 7-letnim okresem gwarancji. Istnieje mo\u017cliwo\u015b\u0107 zam\u00f3wienia modelu tak\u017ce w opcji na wymiar i w wielu kolorach szk\u0142a. Wymagana szeroko\u015b\u0107 wn\u0119ki 80-81 cm. Istnieje mo\u017cliwo\u015b\u0107 zwi\u0119kszenia regulacji o 1 cm przez dodanie profilu poszerzaj\u0105cego.<\/p>\n<p><img loading=\"lazy\" decoding=\"async\" class=\"alignnone size-full wp-image-17776\" src=\"https:\/\/saloni.pl\/wp-content\/uploads\/2023\/10\/KABINA-EVENTA-BLACK-CHROME-LEWA-CECHY.jpg\" alt=\"\" width=\"350\" height=\"391\" srcset=\"https:\/\/saloni.pl\/wp-content\/uploads\/2023\/10\/KABINA-EVENTA-BLACK-CHROME-LEWA-CECHY.jpg 350w, https:\/\/saloni.pl\/wp-content\/uploads\/2023\/10\/KABINA-EVENTA-BLACK-CHROME-LEWA-CECHY-269x300.jpg 269w, https:\/\/saloni.pl\/wp-content\/uploads\/2023\/10\/KABINA-EVENTA-BLACK-CHROME-LEWA-CECHY-300x335.jpg 300w\" sizes=\"auto, (max-width: 350px) 100vw, 350px\" \/><\/p>\n<p><img loading=\"lazy\" decoding=\"async\" class=\"alignnone size-full wp-image-17737\" src=\"https:\/\/saloni.pl\/wp-content\/uploads\/2023\/10\/BLACK-CHROME-DETALE-1.jpg\" alt=\"\" width=\"517\" height=\"564\" srcset=\"https:\/\/saloni.pl\/wp-content\/uploads\/2023\/10\/BLACK-CHROME-DETALE-1.jpg 517w, https:\/\/saloni.pl\/wp-content\/uploads\/2023\/10\/BLACK-CHROME-DETALE-1-275x300.jpg 275w, https:\/\/saloni.pl\/wp-content\/uploads\/2023\/10\/BLACK-CHROME-DETALE-1-300x327.jpg 300w\" sizes=\"auto, (max-width: 517px) 100vw, 517px\" \/><\/p>\n<p><img loading=\"lazy\" decoding=\"async\" class=\"alignnone size-full wp-image-17738\" src=\"https:\/\/saloni.pl\/wp-content\/uploads\/2023\/10\/BLACK-CHROME-DETALE-2.jpg\" alt=\"\" width=\"501\" height=\"526\" srcset=\"https:\/\/saloni.pl\/wp-content\/uploads\/2023\/10\/BLACK-CHROME-DETALE-2.jpg 501w, https:\/\/saloni.pl\/wp-content\/uploads\/2023\/10\/BLACK-CHROME-DETALE-2-286x300.jpg 286w, https:\/\/saloni.pl\/wp-content\/uploads\/2023\/10\/BLACK-CHROME-DETALE-2-300x315.jpg 300w\" sizes=\"auto, (max-width: 501px) 100vw, 501px\" \/><\/p>\n<p><img loading=\"lazy\" decoding=\"async\" class=\"alignnone size-full wp-image-17743\" src=\"https:\/\/saloni.pl\/wp-content\/uploads\/2023\/10\/EVENTA-MONTAZ-1.jpg\" alt=\"\" width=\"728\" height=\"415\" srcset=\"https:\/\/saloni.pl\/wp-content\/uploads\/2023\/10\/EVENTA-MONTAZ-1.jpg 728w, https:\/\/saloni.pl\/wp-content\/uploads\/2023\/10\/EVENTA-MONTAZ-1-300x171.jpg 300w, https:\/\/saloni.pl\/wp-content\/uploads\/2023\/10\/EVENTA-MONTAZ-1-600x342.jpg 600w\" sizes=\"auto, (max-width: 728px) 100vw, 728px\" \/><\/p>\n<p><img loading=\"lazy\" decoding=\"async\" class=\"alignnone size-full wp-image-17744\" src=\"https:\/\/saloni.pl\/wp-content\/uploads\/2023\/10\/EVENTA-MONTAZ-2.jpg\" alt=\"\" width=\"750\" height=\"335\" srcset=\"https:\/\/saloni.pl\/wp-content\/uploads\/2023\/10\/EVENTA-MONTAZ-2.jpg 750w, https:\/\/saloni.pl\/wp-content\/uploads\/2023\/10\/EVENTA-MONTAZ-2-300x134.jpg 300w, https:\/\/saloni.pl\/wp-content\/uploads\/2023\/10\/EVENTA-MONTAZ-2-600x268.jpg 600w\" sizes=\"auto, (max-width: 750px) 100vw, 750px\" \/><\/p>\n<p><img loading=\"lazy\" decoding=\"async\" class=\"alignnone size-full wp-image-17780\" src=\"https:\/\/saloni.pl\/wp-content\/uploads\/2023\/10\/KABINA-EVENTA-RYSUNEK-TECHNICZNY.jpg\" alt=\"\" width=\"603\" height=\"313\" srcset=\"https:\/\/saloni.pl\/wp-content\/uploads\/2023\/10\/KABINA-EVENTA-RYSUNEK-TECHNICZNY.jpg 603w, https:\/\/saloni.pl\/wp-content\/uploads\/2023\/10\/KABINA-EVENTA-RYSUNEK-TECHNICZNY-300x156.jpg 300w, https:\/\/saloni.pl\/wp-content\/uploads\/2023\/10\/KABINA-EVENTA-RYSUNEK-TECHNICZNY-600x311.jpg 600w\" sizes=\"auto, (max-width: 603px) 100vw, 603px\" \/><\/p>\n<h3><strong>A= 79,7- 80,7 cm<\/strong><\/h3>\n<h3><strong>B= 89,7- 90,7 cm<\/strong><\/h3>\n<h3><strong>C= 24,5 cm<\/strong><\/h3>\n<h3><strong>W= 53 cm<\/strong><\/h3>\n<h3><strong>H= 200 cm<\/strong><\/h3>\n<\/div>\n","protected":false},"excerpt":{"rendered":"<p>Kabina prysznicowa\u00a0 Eventa Black Chrome 80 cm drzwi lewe pojedyncze otwierane na zewn\u0105trz, \u015bcianka sta\u0142a 90 cm, wersja po\u0142ysk, szk\u0142o przejrzyste 8 mm z pow\u0142ok\u0105 Active Shield Kabiny dost\u0119pne w wielu rozmiarach, nie znalaz\u0142e\u015b wymiaru kt\u00f3rego szukasz? Zadzwo\u0144 do nas lub napisz, przedstawimy ci najlepsz\u0105 ofert\u0119. Model Eventa Black Chrome posiada eleganckie, czarne detale o [&hellip;]<\/p>\n","protected":false},"featured_media":17777,"comment_status":"closed","ping_status":"closed","template":"","meta":[],"product_brand":[],"product_cat":[482,16,483,100],"product_tag":[421,484,476,145,478],"berocket_brand":[124],"class_list":{"0":"post-17784","1":"product","2":"type-product","3":"status-publish","4":"has-post-thumbnail","6":"product_cat-black-chrome-prostokatne","7":"product_cat-kabiny-prysznicowe","8":"product_cat-otwierane-na-zewnatrz-black-chrome-prostokatne","9":"product_cat-prostokatne","10":"product_tag-black","11":"product_tag-black-chrome","12":"product_tag-eventa","13":"product_tag-kabina-prysznicowa","14":"product_tag-otwierane-na-zewnatrz","15":"berocket_brand-new-trendy","17":"first","18":"instock","19":"sale","20":"featured","21":"shipping-taxable","22":"purchasable","23":"product-type-simple"},"_links":{"self":[{"href":"https:\/\/saloni.pl\/index.php\/wp-json\/wp\/v2\/product\/17784","targetHints":{"allow":["GET"]}}],"collection":[{"href":"https:\/\/saloni.pl\/index.php\/wp-json\/wp\/v2\/product"}],"about":[{"href":"https:\/\/saloni.pl\/index.php\/wp-json\/wp\/v2\/types\/product"}],"replies":[{"embeddable":true,"href":"https:\/\/saloni.pl\/index.php\/wp-json\/wp\/v2\/comments?post=17784"}],"wp:featuredmedia":[{"embeddable":true,"href":"https:\/\/saloni.pl\/index.php\/wp-json\/wp\/v2\/media\/17777"}],"wp:attachment":[{"href":"https:\/\/saloni.pl\/index.php\/wp-json\/wp\/v2\/media?parent=17784"}],"wp:term":[{"taxonomy":"product_brand","embeddable":true,"href":"https:\/\/saloni.pl\/index.php\/wp-json\/wp\/v2\/product_brand?post=17784"},{"taxonomy":"product_cat","embeddable":true,"href":"https:\/\/saloni.pl\/index.php\/wp-json\/wp\/v2\/product_cat?post=17784"},{"taxonomy":"product_tag","embeddable":true,"href":"https:\/\/saloni.pl\/index.php\/wp-json\/wp\/v2\/product_tag?post=17784"},{"taxonomy":"berocket_brand","embeddable":true,"href":"https:\/\/saloni.pl\/index.php\/wp-json\/wp\/v2\/berocket_brand?post=17784"}],"curies":[{"name":"wp","href":"https:\/\/api.w.org\/{rel}","templated":true}]}}