{"id":17746,"date":"2023-10-10T18:26:00","date_gmt":"2023-10-10T16:26:00","guid":{"rendered":"https:\/\/saloni.pl\/?post_type=product&#038;p=17746"},"modified":"2023-10-11T16:25:12","modified_gmt":"2023-10-11T14:25:12","slug":"drzwi-wnekowe-eventa-black-chrome-prawe-80-cm","status":"publish","type":"product","link":"https:\/\/saloni.pl\/index.php\/produkt\/drzwi-wnekowe-eventa-black-chrome-prawe-80-cm\/","title":{"rendered":"Drzwi wn\u0119kowe Eventa Black Chrome, prawe 80 cm"},"content":{"rendered":"<h5>Drzwi prysznicowe Eventa Black Chrome 80 cm, prawe z pojedynczymi drzwiami otwieranymi na zewn\u0105trz, wersja chrom po\u0142ysk, szk\u0142o przejrzyste 8 mm z pow\u0142ok\u0105 Active Shield<\/h5>\n<h5><\/h5>\n<h5><strong>Drzwi dost\u0119pne w wielu wymiarach, nie znalaz\u0142e\u015b wymiaru kt\u00f3rego szukasz?<\/strong><\/h5>\n<div class=\"option-content\">\n<p><strong>Zadzwo\u0144 do nas lub napisz, przedstawimy ci najlepsz\u0105 ofert\u0119.<\/strong><\/p>\n<p>Model Eventa Black Chrome posiada eleganckie, czarne detale o wyko\u0144czeniu w po\u0142ysku. Drzwi wn\u0119kowe, wyposa\u017cone w bezpieczne, hartowane szyby o grubo\u015bci 8 mm, z pow\u0142ok\u0105 ochronn\u0105 Active Shield. W dolnej cz\u0119\u015bci drzwi znajduje si\u0119 rynienka, odprowadzaj\u0105ca wod\u0119 z szyby do wewn\u0105trz strefy prysznicowej. Produkt mo\u017ce by\u0107 instalowany z brodzikiem lub bez brodzika. Kolekcja obj\u0119ta 7-letnim okresem gwarancji. Istnieje mo\u017cliwo\u015b\u0107 zam\u00f3wienia modelu tak\u017ce w opcji na wymiar i w wielu kolorach szk\u0142a. Wymagana szeroko\u015b\u0107 wn\u0119ki 80-81 cm. Istnieje mo\u017cliwo\u015b\u0107 zwi\u0119kszenia regulacji o 1 cm przez dodanie profilu poszerzaj\u0105cego.<\/p>\n<p><img loading=\"lazy\" decoding=\"async\" class=\"alignnone size-full wp-image-17741\" src=\"https:\/\/saloni.pl\/wp-content\/uploads\/2023\/10\/EVENTA-BLACK-CHROME-DRZWI-PRAWE-RYSUNEK.jpg\" alt=\"\" width=\"300\" height=\"300\" srcset=\"https:\/\/saloni.pl\/wp-content\/uploads\/2023\/10\/EVENTA-BLACK-CHROME-DRZWI-PRAWE-RYSUNEK.jpg 300w, https:\/\/saloni.pl\/wp-content\/uploads\/2023\/10\/EVENTA-BLACK-CHROME-DRZWI-PRAWE-RYSUNEK-150x150.jpg 150w, https:\/\/saloni.pl\/wp-content\/uploads\/2023\/10\/EVENTA-BLACK-CHROME-DRZWI-PRAWE-RYSUNEK-100x100.jpg 100w, https:\/\/saloni.pl\/wp-content\/uploads\/2023\/10\/EVENTA-BLACK-CHROME-DRZWI-PRAWE-RYSUNEK-50x50.jpg 50w\" sizes=\"auto, (max-width: 300px) 100vw, 300px\" \/><\/p>\n<p><img loading=\"lazy\" decoding=\"async\" class=\"alignnone size-full wp-image-17737\" src=\"https:\/\/saloni.pl\/wp-content\/uploads\/2023\/10\/BLACK-CHROME-DETALE-1.jpg\" alt=\"\" width=\"517\" height=\"564\" srcset=\"https:\/\/saloni.pl\/wp-content\/uploads\/2023\/10\/BLACK-CHROME-DETALE-1.jpg 517w, https:\/\/saloni.pl\/wp-content\/uploads\/2023\/10\/BLACK-CHROME-DETALE-1-275x300.jpg 275w, https:\/\/saloni.pl\/wp-content\/uploads\/2023\/10\/BLACK-CHROME-DETALE-1-300x327.jpg 300w\" sizes=\"auto, (max-width: 517px) 100vw, 517px\" \/><\/p>\n<p><img loading=\"lazy\" decoding=\"async\" class=\"alignnone size-full wp-image-17738\" src=\"https:\/\/saloni.pl\/wp-content\/uploads\/2023\/10\/BLACK-CHROME-DETALE-2.jpg\" alt=\"\" width=\"501\" height=\"526\" srcset=\"https:\/\/saloni.pl\/wp-content\/uploads\/2023\/10\/BLACK-CHROME-DETALE-2.jpg 501w, https:\/\/saloni.pl\/wp-content\/uploads\/2023\/10\/BLACK-CHROME-DETALE-2-286x300.jpg 286w, https:\/\/saloni.pl\/wp-content\/uploads\/2023\/10\/BLACK-CHROME-DETALE-2-300x315.jpg 300w\" sizes=\"auto, (max-width: 501px) 100vw, 501px\" \/><\/p>\n<p><img loading=\"lazy\" decoding=\"async\" class=\"alignnone size-full wp-image-17743\" src=\"https:\/\/saloni.pl\/wp-content\/uploads\/2023\/10\/EVENTA-MONTAZ-1.jpg\" alt=\"\" width=\"728\" height=\"415\" srcset=\"https:\/\/saloni.pl\/wp-content\/uploads\/2023\/10\/EVENTA-MONTAZ-1.jpg 728w, https:\/\/saloni.pl\/wp-content\/uploads\/2023\/10\/EVENTA-MONTAZ-1-300x171.jpg 300w, https:\/\/saloni.pl\/wp-content\/uploads\/2023\/10\/EVENTA-MONTAZ-1-600x342.jpg 600w\" sizes=\"auto, (max-width: 728px) 100vw, 728px\" \/><\/p>\n<p><img loading=\"lazy\" decoding=\"async\" class=\"alignnone size-full wp-image-17744\" src=\"https:\/\/saloni.pl\/wp-content\/uploads\/2023\/10\/EVENTA-MONTAZ-2.jpg\" alt=\"\" width=\"750\" height=\"335\" srcset=\"https:\/\/saloni.pl\/wp-content\/uploads\/2023\/10\/EVENTA-MONTAZ-2.jpg 750w, https:\/\/saloni.pl\/wp-content\/uploads\/2023\/10\/EVENTA-MONTAZ-2-300x134.jpg 300w, https:\/\/saloni.pl\/wp-content\/uploads\/2023\/10\/EVENTA-MONTAZ-2-600x268.jpg 600w\" sizes=\"auto, (max-width: 750px) 100vw, 750px\" \/><\/p>\n<p><img loading=\"lazy\" decoding=\"async\" class=\"alignnone size-full wp-image-17745\" src=\"https:\/\/saloni.pl\/wp-content\/uploads\/2023\/10\/EVENTA-BLACK-CHROME-RYSUNEK-TECHNICZNY.jpg\" alt=\"\" width=\"550\" height=\"403\" srcset=\"https:\/\/saloni.pl\/wp-content\/uploads\/2023\/10\/EVENTA-BLACK-CHROME-RYSUNEK-TECHNICZNY.jpg 550w, https:\/\/saloni.pl\/wp-content\/uploads\/2023\/10\/EVENTA-BLACK-CHROME-RYSUNEK-TECHNICZNY-300x220.jpg 300w\" sizes=\"auto, (max-width: 550px) 100vw, 550px\" \/><\/p>\n<h3><strong>A= 80-81 cm<\/strong><\/h3>\n<h3><strong>B= 24,5 cm<\/strong><\/h3>\n<h3><strong>W= 53 cm<\/strong><\/h3>\n<h3><strong>H= 200 cm<\/strong><\/h3>\n<\/div>\n","protected":false},"excerpt":{"rendered":"<p>Drzwi prysznicowe Eventa Black Chrome 80 cm, prawe z pojedynczymi drzwiami otwieranymi na zewn\u0105trz, wersja chrom po\u0142ysk, szk\u0142o przejrzyste 8 mm z pow\u0142ok\u0105 Active Shield Drzwi dost\u0119pne w wielu wymiarach, nie znalaz\u0142e\u015b wymiaru kt\u00f3rego szukasz? Zadzwo\u0144 do nas lub napisz, przedstawimy ci najlepsz\u0105 ofert\u0119. Model Eventa Black Chrome posiada eleganckie, czarne detale o wyko\u0144czeniu w [&hellip;]<\/p>\n","protected":false},"featured_media":17742,"comment_status":"closed","ping_status":"closed","template":"","meta":[],"product_brand":[],"product_cat":[479,20,109],"product_tag":[421,459,476,478],"berocket_brand":[124],"class_list":{"0":"post-17746","1":"product","2":"type-product","3":"status-publish","4":"has-post-thumbnail","6":"product_cat-black-chrome","7":"product_cat-drzwi-wnekowe","8":"product_cat-na-zewnatrz","9":"product_tag-black","10":"product_tag-drzwi-prysznicowe","11":"product_tag-eventa","12":"product_tag-otwierane-na-zewnatrz","13":"berocket_brand-new-trendy","15":"first","16":"instock","17":"sale","18":"featured","19":"shipping-taxable","20":"purchasable","21":"product-type-simple"},"_links":{"self":[{"href":"https:\/\/saloni.pl\/index.php\/wp-json\/wp\/v2\/product\/17746","targetHints":{"allow":["GET"]}}],"collection":[{"href":"https:\/\/saloni.pl\/index.php\/wp-json\/wp\/v2\/product"}],"about":[{"href":"https:\/\/saloni.pl\/index.php\/wp-json\/wp\/v2\/types\/product"}],"replies":[{"embeddable":true,"href":"https:\/\/saloni.pl\/index.php\/wp-json\/wp\/v2\/comments?post=17746"}],"wp:featuredmedia":[{"embeddable":true,"href":"https:\/\/saloni.pl\/index.php\/wp-json\/wp\/v2\/media\/17742"}],"wp:attachment":[{"href":"https:\/\/saloni.pl\/index.php\/wp-json\/wp\/v2\/media?parent=17746"}],"wp:term":[{"taxonomy":"product_brand","embeddable":true,"href":"https:\/\/saloni.pl\/index.php\/wp-json\/wp\/v2\/product_brand?post=17746"},{"taxonomy":"product_cat","embeddable":true,"href":"https:\/\/saloni.pl\/index.php\/wp-json\/wp\/v2\/product_cat?post=17746"},{"taxonomy":"product_tag","embeddable":true,"href":"https:\/\/saloni.pl\/index.php\/wp-json\/wp\/v2\/product_tag?post=17746"},{"taxonomy":"berocket_brand","embeddable":true,"href":"https:\/\/saloni.pl\/index.php\/wp-json\/wp\/v2\/berocket_brand?post=17746"}],"curies":[{"name":"wp","href":"https:\/\/api.w.org\/{rel}","templated":true}]}}