{"id":17669,"date":"2023-03-16T13:46:11","date_gmt":"2023-03-16T12:46:11","guid":{"rendered":"https:\/\/saloni.pl\/?post_type=product&#038;p=17669"},"modified":"2023-03-16T13:47:08","modified_gmt":"2023-03-16T12:47:08","slug":"parawan-nawannowy-idea-black-pn-dwj-150-prawy","status":"publish","type":"product","link":"https:\/\/saloni.pl\/index.php\/produkt\/parawan-nawannowy-idea-black-pn-dwj-150-prawy\/","title":{"rendered":"Parawan nawannowy Idea Black PN DWJ 150 prawy"},"content":{"rendered":"<h5><span style=\"color: #000000;\">Parawan nawannowy Idea Black PN DWJ 150 cm z pojedynczymi drzwiami przesuwnymi, wersja black, szk\u0142o przejrzyste z pow\u0142ok\u0105 Easy Clean<\/span><\/h5>\n<h5><\/h5>\n<h5><strong>Parawan dost\u0119pny w wielu wymiarach, nie znalaz\u0142e\u015b wymiaru kt\u00f3rego szukasz?<\/strong><\/h5>\n<div class=\"option-content\">\n<p><strong>Zadzwo\u0144 do nas lub napisz, przedstawimy ci najlepsz\u0105 ofert\u0119.<\/strong><\/p>\n<p>Parawany Idea to wynik designerskiego po\u0142\u0105czenia szk\u0142a z eleganckimi chromowanymi detalami \u2013 doskonale sprawdz\u0105 si\u0119 we wn\u0119trzu o minimalistycznym stylu , ale r\u00f3wnie harmonijnie b\u0119d\u0105 wsp\u00f3\u0142gra\u0107 ze stylem klasycznym. S\u0105 to parawany dla os\u00f3b ceni\u0105cych dobry design, kt\u00f3re preferuj\u0105 geometryczne formy sk\u0142adaj\u0105ce si\u0119 w proporcjonaln\u0105 ca\u0142o\u015b\u0107.<\/p>\n<p><img loading=\"lazy\" decoding=\"async\" class=\"alignnone size-full wp-image-17016\" src=\"https:\/\/saloni.pl\/wp-content\/uploads\/2022\/12\/IDEA_DWJ-CECHY-PRAWE.jpg\" alt=\"\" width=\"300\" height=\"302\" srcset=\"https:\/\/saloni.pl\/wp-content\/uploads\/2022\/12\/IDEA_DWJ-CECHY-PRAWE.jpg 300w, https:\/\/saloni.pl\/wp-content\/uploads\/2022\/12\/IDEA_DWJ-CECHY-PRAWE-298x300.jpg 298w, https:\/\/saloni.pl\/wp-content\/uploads\/2022\/12\/IDEA_DWJ-CECHY-PRAWE-150x150.jpg 150w, https:\/\/saloni.pl\/wp-content\/uploads\/2022\/12\/IDEA_DWJ-CECHY-PRAWE-100x100.jpg 100w, https:\/\/saloni.pl\/wp-content\/uploads\/2022\/12\/IDEA_DWJ-CECHY-PRAWE-50x50.jpg 50w\" sizes=\"auto, (max-width: 300px) 100vw, 300px\" \/><\/p>\n<p><img loading=\"lazy\" decoding=\"async\" class=\"alignnone size-full wp-image-11375\" src=\"https:\/\/saloni.pl\/wp-content\/uploads\/2022\/07\/IDEA-CECHY-2.jpg\" alt=\"\" width=\"704\" height=\"499\" srcset=\"https:\/\/saloni.pl\/wp-content\/uploads\/2022\/07\/IDEA-CECHY-2.jpg 704w, https:\/\/saloni.pl\/wp-content\/uploads\/2022\/07\/IDEA-CECHY-2-300x213.jpg 300w, https:\/\/saloni.pl\/wp-content\/uploads\/2022\/07\/IDEA-CECHY-2-600x425.jpg 600w\" sizes=\"auto, (max-width: 704px) 100vw, 704px\" \/><\/p>\n<p><img loading=\"lazy\" decoding=\"async\" class=\"alignnone size-full wp-image-11382\" src=\"https:\/\/saloni.pl\/wp-content\/uploads\/2022\/07\/IDEA-CECHY-31.jpg\" alt=\"\" width=\"706\" height=\"394\" srcset=\"https:\/\/saloni.pl\/wp-content\/uploads\/2022\/07\/IDEA-CECHY-31.jpg 706w, https:\/\/saloni.pl\/wp-content\/uploads\/2022\/07\/IDEA-CECHY-31-300x167.jpg 300w, https:\/\/saloni.pl\/wp-content\/uploads\/2022\/07\/IDEA-CECHY-31-600x335.jpg 600w\" sizes=\"auto, (max-width: 706px) 100vw, 706px\" \/><\/p>\n<p><img loading=\"lazy\" decoding=\"async\" class=\"alignnone size-full wp-image-17659\" src=\"https:\/\/saloni.pl\/wp-content\/uploads\/2023\/03\/IDEA-CECHY-41-black.jpg\" alt=\"\" width=\"715\" height=\"438\" srcset=\"https:\/\/saloni.pl\/wp-content\/uploads\/2023\/03\/IDEA-CECHY-41-black.jpg 715w, https:\/\/saloni.pl\/wp-content\/uploads\/2023\/03\/IDEA-CECHY-41-black-300x184.jpg 300w, https:\/\/saloni.pl\/wp-content\/uploads\/2023\/03\/IDEA-CECHY-41-black-600x368.jpg 600w\" sizes=\"auto, (max-width: 715px) 100vw, 715px\" \/><\/p>\n<p><img loading=\"lazy\" decoding=\"async\" class=\"alignnone size-full wp-image-17647\" src=\"https:\/\/saloni.pl\/wp-content\/uploads\/2023\/03\/IDEA_PN_DWJ-rysunek-techniczny.jpg\" alt=\"\" width=\"742\" height=\"740\" srcset=\"https:\/\/saloni.pl\/wp-content\/uploads\/2023\/03\/IDEA_PN_DWJ-rysunek-techniczny.jpg 742w, https:\/\/saloni.pl\/wp-content\/uploads\/2023\/03\/IDEA_PN_DWJ-rysunek-techniczny-300x299.jpg 300w, https:\/\/saloni.pl\/wp-content\/uploads\/2023\/03\/IDEA_PN_DWJ-rysunek-techniczny-150x150.jpg 150w, https:\/\/saloni.pl\/wp-content\/uploads\/2023\/03\/IDEA_PN_DWJ-rysunek-techniczny-600x598.jpg 600w, https:\/\/saloni.pl\/wp-content\/uploads\/2023\/03\/IDEA_PN_DWJ-rysunek-techniczny-100x100.jpg 100w, https:\/\/saloni.pl\/wp-content\/uploads\/2023\/03\/IDEA_PN_DWJ-rysunek-techniczny-50x50.jpg 50w\" sizes=\"auto, (max-width: 742px) 100vw, 742px\" \/><\/p>\n<p>&nbsp;<\/p>\n<\/div>\n","protected":false},"excerpt":{"rendered":"<p>Parawan nawannowy Idea Black PN DWJ 150 cm z pojedynczymi drzwiami przesuwnymi, wersja black, szk\u0142o przejrzyste z pow\u0142ok\u0105 Easy Clean Parawan dost\u0119pny w wielu wymiarach, nie znalaz\u0142e\u015b wymiaru kt\u00f3rego szukasz? Zadzwo\u0144 do nas lub napisz, przedstawimy ci najlepsz\u0105 ofert\u0119. Parawany Idea to wynik designerskiego po\u0142\u0105czenia szk\u0142a z eleganckimi chromowanymi detalami \u2013 doskonale sprawdz\u0105 si\u0119 we [&hellip;]<\/p>\n","protected":false},"featured_media":17661,"comment_status":"closed","ping_status":"closed","template":"","meta":[],"product_brand":[],"product_cat":[24,118],"product_tag":[421,471,429],"berocket_brand":[123],"class_list":{"0":"post-17669","1":"product","2":"type-product","3":"status-publish","4":"has-post-thumbnail","6":"product_cat-parawany-nawannowe","7":"product_cat-przesuwne-parawany-nawannowe","8":"product_tag-black","9":"product_tag-idea-black-pn-dwj","10":"product_tag-przesuwne","11":"berocket_brand-radaway","13":"first","14":"onbackorder","15":"sale","16":"shipping-taxable","17":"purchasable","18":"product-type-simple"},"_links":{"self":[{"href":"https:\/\/saloni.pl\/index.php\/wp-json\/wp\/v2\/product\/17669","targetHints":{"allow":["GET"]}}],"collection":[{"href":"https:\/\/saloni.pl\/index.php\/wp-json\/wp\/v2\/product"}],"about":[{"href":"https:\/\/saloni.pl\/index.php\/wp-json\/wp\/v2\/types\/product"}],"replies":[{"embeddable":true,"href":"https:\/\/saloni.pl\/index.php\/wp-json\/wp\/v2\/comments?post=17669"}],"wp:featuredmedia":[{"embeddable":true,"href":"https:\/\/saloni.pl\/index.php\/wp-json\/wp\/v2\/media\/17661"}],"wp:attachment":[{"href":"https:\/\/saloni.pl\/index.php\/wp-json\/wp\/v2\/media?parent=17669"}],"wp:term":[{"taxonomy":"product_brand","embeddable":true,"href":"https:\/\/saloni.pl\/index.php\/wp-json\/wp\/v2\/product_brand?post=17669"},{"taxonomy":"product_cat","embeddable":true,"href":"https:\/\/saloni.pl\/index.php\/wp-json\/wp\/v2\/product_cat?post=17669"},{"taxonomy":"product_tag","embeddable":true,"href":"https:\/\/saloni.pl\/index.php\/wp-json\/wp\/v2\/product_tag?post=17669"},{"taxonomy":"berocket_brand","embeddable":true,"href":"https:\/\/saloni.pl\/index.php\/wp-json\/wp\/v2\/berocket_brand?post=17669"}],"curies":[{"name":"wp","href":"https:\/\/api.w.org\/{rel}","templated":true}]}}