{"id":17643,"date":"2023-03-14T17:32:01","date_gmt":"2023-03-14T16:32:01","guid":{"rendered":"https:\/\/saloni.pl\/?post_type=product&#038;p=17643"},"modified":"2023-03-14T17:32:55","modified_gmt":"2023-03-14T16:32:55","slug":"parawan-furo-gold-pnd-ii-120-wariant-prawy","status":"publish","type":"product","link":"https:\/\/saloni.pl\/index.php\/produkt\/parawan-furo-gold-pnd-ii-120-wariant-prawy\/","title":{"rendered":"Parawan Furo Gold PND II 120, wariant prawy"},"content":{"rendered":"<h5><span style=\"color: #000000;\">Parawan Furo Gold PND II 120 cm, wersja prawa z pojedynczym elementem przesuwnym, chrom, szk\u0142o przejrzyste z pow\u0142ok\u0105 Easy Clean<\/span><\/h5>\n<h5><\/h5>\n<h5><strong>Kabina dost\u0119pna w wielu wymiarach, nie znalaz\u0142e\u015b wymiaru kt\u00f3rego szukasz?<\/strong><\/h5>\n<div class=\"option-content\">\n<p><strong>Zadzwo\u0144 do nas lub napisz, przedstawimy ci najlepsz\u0105 ofert\u0119.<\/strong><\/p>\n<p>Seria <strong>Furo<\/strong> to niespotykana dot\u0105d jako\u015b\u0107 w\u015br\u00f3d przesuwnych kabin prysznicowych. Dzi\u0119ki rezygnacji z g\u00f3rnej prowadnicy i osadzeniu drzwi na rolkach uzyskali\u015bmy kabiny o niezwyk\u0142ej elegancji, lekko\u015bci i przejrzysto\u015bci. Rolki zosta\u0142y zlicowane od wewn\u0119trznej strony ze szk\u0142em, u\u0142atwiaj\u0105c utrzymanie kabiny w czysto\u015bci. Przy otwarciu drzwi przesuwaj\u0105 si\u0119 przed sta\u0142y segment, dzi\u0119ki czemu otrzymujemy przestronne i wygodne wej\u015bcie.<\/p>\n<p>Produkty z tej kolekcji mo\u017cna dopasowa\u0107 do swoich potrzeb m.in. poprzez zamian\u0119 uchwyt\u00f3w, sposoby stabilizacji, kolor uszczelek czy kolor profili.<\/p>\n<p><img loading=\"lazy\" decoding=\"async\" class=\"alignnone size-full wp-image-17606\" src=\"https:\/\/saloni.pl\/wp-content\/uploads\/2023\/03\/FURO-PND-II-CECHY-PRAWE.jpg\" alt=\"\" width=\"300\" height=\"534\" srcset=\"https:\/\/saloni.pl\/wp-content\/uploads\/2023\/03\/FURO-PND-II-CECHY-PRAWE.jpg 300w, https:\/\/saloni.pl\/wp-content\/uploads\/2023\/03\/FURO-PND-II-CECHY-PRAWE-169x300.jpg 169w\" sizes=\"auto, (max-width: 300px) 100vw, 300px\" \/><\/p>\n<p><img loading=\"lazy\" decoding=\"async\" class=\"alignnone size-full wp-image-17615\" src=\"https:\/\/saloni.pl\/wp-content\/uploads\/2023\/03\/FURO-PND-II-CECHY-x.jpg\" alt=\"\" width=\"574\" height=\"581\" srcset=\"https:\/\/saloni.pl\/wp-content\/uploads\/2023\/03\/FURO-PND-II-CECHY-x.jpg 574w, https:\/\/saloni.pl\/wp-content\/uploads\/2023\/03\/FURO-PND-II-CECHY-x-296x300.jpg 296w, https:\/\/saloni.pl\/wp-content\/uploads\/2023\/03\/FURO-PND-II-CECHY-x-300x304.jpg 300w, https:\/\/saloni.pl\/wp-content\/uploads\/2023\/03\/FURO-PND-II-CECHY-x-100x100.jpg 100w, https:\/\/saloni.pl\/wp-content\/uploads\/2023\/03\/FURO-PND-II-CECHY-x-50x50.jpg 50w\" sizes=\"auto, (max-width: 574px) 100vw, 574px\" \/><\/p>\n<p><img loading=\"lazy\" decoding=\"async\" class=\"alignnone size-full wp-image-17608\" src=\"https:\/\/saloni.pl\/wp-content\/uploads\/2023\/03\/FURO-PND-II-CECHY-2.jpg\" alt=\"\" width=\"586\" height=\"604\" srcset=\"https:\/\/saloni.pl\/wp-content\/uploads\/2023\/03\/FURO-PND-II-CECHY-2.jpg 586w, https:\/\/saloni.pl\/wp-content\/uploads\/2023\/03\/FURO-PND-II-CECHY-2-291x300.jpg 291w, https:\/\/saloni.pl\/wp-content\/uploads\/2023\/03\/FURO-PND-II-CECHY-2-300x309.jpg 300w\" sizes=\"auto, (max-width: 586px) 100vw, 586px\" \/><\/p>\n<p><img loading=\"lazy\" decoding=\"async\" class=\"alignnone size-full wp-image-17609\" src=\"https:\/\/saloni.pl\/wp-content\/uploads\/2023\/03\/FURO-PND-II-RYS-TECHN.jpg\" alt=\"\" width=\"723\" height=\"744\" srcset=\"https:\/\/saloni.pl\/wp-content\/uploads\/2023\/03\/FURO-PND-II-RYS-TECHN.jpg 723w, https:\/\/saloni.pl\/wp-content\/uploads\/2023\/03\/FURO-PND-II-RYS-TECHN-292x300.jpg 292w, https:\/\/saloni.pl\/wp-content\/uploads\/2023\/03\/FURO-PND-II-RYS-TECHN-300x309.jpg 300w, https:\/\/saloni.pl\/wp-content\/uploads\/2023\/03\/FURO-PND-II-RYS-TECHN-600x617.jpg 600w, https:\/\/saloni.pl\/wp-content\/uploads\/2023\/03\/FURO-PND-II-RYS-TECHN-50x50.jpg 50w\" sizes=\"auto, (max-width: 723px) 100vw, 723px\" \/><\/p>\n<p>&nbsp;<\/p>\n<\/div>\n","protected":false},"excerpt":{"rendered":"<p>Parawan Furo Gold PND II 120 cm, wersja prawa z pojedynczym elementem przesuwnym, chrom, szk\u0142o przejrzyste z pow\u0142ok\u0105 Easy Clean Kabina dost\u0119pna w wielu wymiarach, nie znalaz\u0142e\u015b wymiaru kt\u00f3rego szukasz? Zadzwo\u0144 do nas lub napisz, przedstawimy ci najlepsz\u0105 ofert\u0119. Seria Furo to niespotykana dot\u0105d jako\u015b\u0107 w\u015br\u00f3d przesuwnych kabin prysznicowych. Dzi\u0119ki rezygnacji z g\u00f3rnej prowadnicy i [&hellip;]<\/p>\n","protected":false},"featured_media":17636,"comment_status":"closed","ping_status":"closed","template":"","meta":[],"product_brand":[],"product_cat":[24,118],"product_tag":[469,422,443,429],"berocket_brand":[123],"class_list":{"0":"post-17643","1":"product","2":"type-product","3":"status-publish","4":"has-post-thumbnail","6":"product_cat-parawany-nawannowe","7":"product_cat-przesuwne-parawany-nawannowe","8":"product_tag-furo-gold-pnd-ii","9":"product_tag-gold","10":"product_tag-parawan","11":"product_tag-przesuwne","12":"berocket_brand-radaway","14":"first","15":"instock","16":"sale","17":"shipping-taxable","18":"purchasable","19":"product-type-simple"},"_links":{"self":[{"href":"https:\/\/saloni.pl\/index.php\/wp-json\/wp\/v2\/product\/17643","targetHints":{"allow":["GET"]}}],"collection":[{"href":"https:\/\/saloni.pl\/index.php\/wp-json\/wp\/v2\/product"}],"about":[{"href":"https:\/\/saloni.pl\/index.php\/wp-json\/wp\/v2\/types\/product"}],"replies":[{"embeddable":true,"href":"https:\/\/saloni.pl\/index.php\/wp-json\/wp\/v2\/comments?post=17643"}],"wp:featuredmedia":[{"embeddable":true,"href":"https:\/\/saloni.pl\/index.php\/wp-json\/wp\/v2\/media\/17636"}],"wp:attachment":[{"href":"https:\/\/saloni.pl\/index.php\/wp-json\/wp\/v2\/media?parent=17643"}],"wp:term":[{"taxonomy":"product_brand","embeddable":true,"href":"https:\/\/saloni.pl\/index.php\/wp-json\/wp\/v2\/product_brand?post=17643"},{"taxonomy":"product_cat","embeddable":true,"href":"https:\/\/saloni.pl\/index.php\/wp-json\/wp\/v2\/product_cat?post=17643"},{"taxonomy":"product_tag","embeddable":true,"href":"https:\/\/saloni.pl\/index.php\/wp-json\/wp\/v2\/product_tag?post=17643"},{"taxonomy":"berocket_brand","embeddable":true,"href":"https:\/\/saloni.pl\/index.php\/wp-json\/wp\/v2\/berocket_brand?post=17643"}],"curies":[{"name":"wp","href":"https:\/\/api.w.org\/{rel}","templated":true}]}}