{"id":17545,"date":"2023-02-14T17:12:01","date_gmt":"2023-02-14T16:12:01","guid":{"rendered":"https:\/\/saloni.pl\/?post_type=product&#038;p=17545"},"modified":"2023-02-14T17:13:17","modified_gmt":"2023-02-14T16:13:17","slug":"kabina-essenza-pro-kdj-90x90-lewa","status":"publish","type":"product","link":"https:\/\/saloni.pl\/index.php\/produkt\/kabina-essenza-pro-kdj-90x90-lewa\/","title":{"rendered":"Kabina Essenza Pro KDJ 90x90 lewa"},"content":{"rendered":"<h5><span style=\"color: #000000;\">Kabina prysznicowa Essenza Pro KDJ 90x90 z drzwiami otwieranymi na zewn\u0105trz, szk\u0142o przejrzyste z pow\u0142ok\u0105 Easy Clean<\/span><\/h5>\n<h5><span style=\"color: #000000;\">Front z drzwiami 90 cm lewy, \u015bcianka sta\u0142a 90 cm<\/span><\/h5>\n<div class=\"option-content\">\n<p><strong>Kabina dost\u0119pna w wielu wymiarach, nie znalaz\u0142e\u015b wymiaru kt\u00f3rego szukasz?<\/strong><\/p>\n<p><strong>Zadzwo\u0144 do nas lub napisz, przedstawimy ci najlepsz\u0105 ofert\u0119.<\/strong><\/p>\n<\/div>\n<p>Seria <strong>Essenza Pro<\/strong> przeznaczona jest dla os\u00f3b szukaj\u0105cych komfortowych i nowoczesnych rozwi\u0105za\u0144, kt\u00f3re projektowane s\u0105 w oparciu o najnowsze trendy aran\u017cacyjne. Monta\u017c do \u015bciany za pomoc\u0105 systemu klamer oraz eleganckie detale nadaj\u0105 kabinie lekko\u015bci, harmonijnie buduj\u0105c przestrze\u0144 ka\u017cdej \u0142azienki.<\/p>\n<p><img loading=\"lazy\" decoding=\"async\" class=\"alignnone size-full wp-image-17536\" src=\"https:\/\/saloni.pl\/wp-content\/uploads\/2023\/02\/Essenza-Pro-KDJ-cechy-lewe.jpg\" alt=\"\" width=\"250\" height=\"500\" srcset=\"https:\/\/saloni.pl\/wp-content\/uploads\/2023\/02\/Essenza-Pro-KDJ-cechy-lewe.jpg 250w, https:\/\/saloni.pl\/wp-content\/uploads\/2023\/02\/Essenza-Pro-KDJ-cechy-lewe-150x300.jpg 150w\" sizes=\"auto, (max-width: 250px) 100vw, 250px\" \/><\/p>\n<p><img loading=\"lazy\" decoding=\"async\" class=\"alignnone size-full wp-image-17530\" src=\"https:\/\/saloni.pl\/wp-content\/uploads\/2023\/02\/Essenza-PRO-CECHY-1.jpg\" alt=\"\" width=\"568\" height=\"581\" srcset=\"https:\/\/saloni.pl\/wp-content\/uploads\/2023\/02\/Essenza-PRO-CECHY-1.jpg 568w, https:\/\/saloni.pl\/wp-content\/uploads\/2023\/02\/Essenza-PRO-CECHY-1-293x300.jpg 293w, https:\/\/saloni.pl\/wp-content\/uploads\/2023\/02\/Essenza-PRO-CECHY-1-300x307.jpg 300w, https:\/\/saloni.pl\/wp-content\/uploads\/2023\/02\/Essenza-PRO-CECHY-1-50x50.jpg 50w\" sizes=\"auto, (max-width: 568px) 100vw, 568px\" \/><\/p>\n<p><img loading=\"lazy\" decoding=\"async\" class=\"alignnone size-full wp-image-17533\" src=\"https:\/\/saloni.pl\/wp-content\/uploads\/2023\/02\/Essenza-PRO-CECHY-2.jpg\" alt=\"\" width=\"584\" height=\"598\" srcset=\"https:\/\/saloni.pl\/wp-content\/uploads\/2023\/02\/Essenza-PRO-CECHY-2.jpg 584w, https:\/\/saloni.pl\/wp-content\/uploads\/2023\/02\/Essenza-PRO-CECHY-2-293x300.jpg 293w, https:\/\/saloni.pl\/wp-content\/uploads\/2023\/02\/Essenza-PRO-CECHY-2-300x307.jpg 300w, https:\/\/saloni.pl\/wp-content\/uploads\/2023\/02\/Essenza-PRO-CECHY-2-50x50.jpg 50w\" sizes=\"auto, (max-width: 584px) 100vw, 584px\" \/><\/p>\n<h5><strong><span style=\"color: #000000;\">Rysunek techniczny<\/span><\/strong><\/h5>\n<p><img loading=\"lazy\" decoding=\"async\" class=\"alignnone size-full wp-image-17544\" src=\"https:\/\/saloni.pl\/wp-content\/uploads\/2023\/02\/Essenza-Pro-KDJ-rysunek-techniczny.jpg\" alt=\"\" width=\"672\" height=\"750\" srcset=\"https:\/\/saloni.pl\/wp-content\/uploads\/2023\/02\/Essenza-Pro-KDJ-rysunek-techniczny.jpg 672w, https:\/\/saloni.pl\/wp-content\/uploads\/2023\/02\/Essenza-Pro-KDJ-rysunek-techniczny-269x300.jpg 269w, https:\/\/saloni.pl\/wp-content\/uploads\/2023\/02\/Essenza-Pro-KDJ-rysunek-techniczny-300x335.jpg 300w, https:\/\/saloni.pl\/wp-content\/uploads\/2023\/02\/Essenza-Pro-KDJ-rysunek-techniczny-600x670.jpg 600w\" sizes=\"auto, (max-width: 672px) 100vw, 672px\" \/><\/p>\n<p>&nbsp;<\/p>\n","protected":false},"excerpt":{"rendered":"<p>Kabina prysznicowa Essenza Pro KDJ 90x90 z drzwiami otwieranymi na zewn\u0105trz, szk\u0142o przejrzyste z pow\u0142ok\u0105 Easy Clean Front z drzwiami 90 cm lewy, \u015bcianka sta\u0142a 90 cm Kabina dost\u0119pna w wielu wymiarach, nie znalaz\u0142e\u015b wymiaru kt\u00f3rego szukasz? Zadzwo\u0144 do nas lub napisz, przedstawimy ci najlepsz\u0105 ofert\u0119. Seria Essenza Pro przeznaczona jest dla os\u00f3b szukaj\u0105cych komfortowych [&hellip;]<\/p>\n","protected":false},"featured_media":17539,"comment_status":"closed","ping_status":"closed","template":"","meta":[],"product_brand":[],"product_cat":[187,16,101,227],"product_tag":[425,463,145,390],"berocket_brand":[123],"class_list":{"0":"post-17545","1":"product","2":"type-product","3":"status-publish","4":"has-post-thumbnail","6":"product_cat-chrom","7":"product_cat-kabiny-prysznicowe","8":"product_cat-kwadratowe","9":"product_cat-otwierane-na-zewnatrz","10":"product_tag-chrom","11":"product_tag-essenza-pro-kdj","12":"product_tag-kabina-prysznicowa","13":"product_tag-radaway","14":"berocket_brand-radaway","16":"first","17":"instock","18":"sale","19":"shipping-taxable","20":"purchasable","21":"product-type-simple"},"_links":{"self":[{"href":"https:\/\/saloni.pl\/index.php\/wp-json\/wp\/v2\/product\/17545","targetHints":{"allow":["GET"]}}],"collection":[{"href":"https:\/\/saloni.pl\/index.php\/wp-json\/wp\/v2\/product"}],"about":[{"href":"https:\/\/saloni.pl\/index.php\/wp-json\/wp\/v2\/types\/product"}],"replies":[{"embeddable":true,"href":"https:\/\/saloni.pl\/index.php\/wp-json\/wp\/v2\/comments?post=17545"}],"wp:featuredmedia":[{"embeddable":true,"href":"https:\/\/saloni.pl\/index.php\/wp-json\/wp\/v2\/media\/17539"}],"wp:attachment":[{"href":"https:\/\/saloni.pl\/index.php\/wp-json\/wp\/v2\/media?parent=17545"}],"wp:term":[{"taxonomy":"product_brand","embeddable":true,"href":"https:\/\/saloni.pl\/index.php\/wp-json\/wp\/v2\/product_brand?post=17545"},{"taxonomy":"product_cat","embeddable":true,"href":"https:\/\/saloni.pl\/index.php\/wp-json\/wp\/v2\/product_cat?post=17545"},{"taxonomy":"product_tag","embeddable":true,"href":"https:\/\/saloni.pl\/index.php\/wp-json\/wp\/v2\/product_tag?post=17545"},{"taxonomy":"berocket_brand","embeddable":true,"href":"https:\/\/saloni.pl\/index.php\/wp-json\/wp\/v2\/berocket_brand?post=17545"}],"curies":[{"name":"wp","href":"https:\/\/api.w.org\/{rel}","templated":true}]}}