{"id":17478,"date":"2023-02-01T16:33:31","date_gmt":"2023-02-01T15:33:31","guid":{"rendered":"https:\/\/saloni.pl\/?post_type=product&#038;p=17478"},"modified":"2023-02-01T16:34:28","modified_gmt":"2023-02-01T15:34:28","slug":"furo-dwj-110-prawe-chrom","status":"publish","type":"product","link":"https:\/\/saloni.pl\/index.php\/produkt\/furo-dwj-110-prawe-chrom\/","title":{"rendered":"Furo DWJ 110 prawe, chrom"},"content":{"rendered":"<h5><span style=\"color: #000000;\">Drzwi prysznicowe Furo DWJ 110 cm, wersja prawa z pojedynczymi drzwiami przesuwnymi, chrom, szk\u0142o przejrzyste z pow\u0142ok\u0105 Easy Clean<\/span><\/h5>\n<h5><\/h5>\n<h5><strong>Kabina dost\u0119pna w wielu wymiarach, nie znalaz\u0142e\u015b wymiaru kt\u00f3rego szukasz?<\/strong><\/h5>\n<div class=\"option-content\">\n<p><strong>Zadzwo\u0144 do nas lub napisz, przedstawimy ci najlepsz\u0105 ofert\u0119.<\/strong><\/p>\n<p>Seria <strong>Furo<\/strong> to niespotykana dot\u0105d jako\u015b\u0107 w\u015br\u00f3d przesuwnych kabin prysznicowych. Dzi\u0119ki rezygnacji z g\u00f3rnej prowadnicy i osadzeniu drzwi na rolkach uzyskali\u015bmy kabiny o niezwyk\u0142ej elegancji, lekko\u015bci i przejrzysto\u015bci. Rolki zosta\u0142y zlicowane od wewn\u0119trznej strony ze szk\u0142em, u\u0142atwiaj\u0105c utrzymanie kabiny w czysto\u015bci. Przy otwarciu drzwi przesuwaj\u0105 si\u0119 przed sta\u0142y segment, dzi\u0119ki czemu otrzymujemy przestronne i wygodne wej\u015bcie.<\/p>\n<p>Produkty z tej kolekcji mo\u017cna dopasowa\u0107 do swoich potrzeb m.in. poprzez zamian\u0119 uchwyt\u00f3w, sposoby stabilizacji, kolor uszczelek czy kolor profili.<\/p>\n<p><img loading=\"lazy\" decoding=\"async\" class=\"alignnone size-full wp-image-17477\" src=\"https:\/\/saloni.pl\/wp-content\/uploads\/2023\/02\/Furo-DWJ_LEWE-PRAWE-1.jpg\" alt=\"\" width=\"300\" height=\"430\" srcset=\"https:\/\/saloni.pl\/wp-content\/uploads\/2023\/02\/Furo-DWJ_LEWE-PRAWE-1.jpg 300w, https:\/\/saloni.pl\/wp-content\/uploads\/2023\/02\/Furo-DWJ_LEWE-PRAWE-1-209x300.jpg 209w\" sizes=\"auto, (max-width: 300px) 100vw, 300px\" \/><\/p>\n<p><img loading=\"lazy\" decoding=\"async\" class=\"alignnone size-full wp-image-16799\" src=\"https:\/\/saloni.pl\/wp-content\/uploads\/2022\/10\/FURO-CECHY-1.jpg\" alt=\"\" width=\"543\" height=\"504\" srcset=\"https:\/\/saloni.pl\/wp-content\/uploads\/2022\/10\/FURO-CECHY-1.jpg 543w, https:\/\/saloni.pl\/wp-content\/uploads\/2022\/10\/FURO-CECHY-1-300x278.jpg 300w\" sizes=\"auto, (max-width: 543px) 100vw, 543px\" \/><img loading=\"lazy\" decoding=\"async\" class=\"alignnone size-full wp-image-16800\" src=\"https:\/\/saloni.pl\/wp-content\/uploads\/2022\/10\/FURO-CECHY-2.jpg\" alt=\"\" width=\"577\" height=\"391\" srcset=\"https:\/\/saloni.pl\/wp-content\/uploads\/2022\/10\/FURO-CECHY-2.jpg 577w, https:\/\/saloni.pl\/wp-content\/uploads\/2022\/10\/FURO-CECHY-2-300x203.jpg 300w\" sizes=\"auto, (max-width: 577px) 100vw, 577px\" \/><\/p>\n<p><img loading=\"lazy\" decoding=\"async\" class=\"alignnone size-full wp-image-16801\" src=\"https:\/\/saloni.pl\/wp-content\/uploads\/2022\/10\/FURO-CECHY-3.jpg\" alt=\"\" width=\"591\" height=\"569\" srcset=\"https:\/\/saloni.pl\/wp-content\/uploads\/2022\/10\/FURO-CECHY-3.jpg 591w, https:\/\/saloni.pl\/wp-content\/uploads\/2022\/10\/FURO-CECHY-3-300x289.jpg 300w\" sizes=\"auto, (max-width: 591px) 100vw, 591px\" \/><\/p>\n<p><img loading=\"lazy\" decoding=\"async\" class=\"alignnone size-full wp-image-16802\" src=\"https:\/\/saloni.pl\/wp-content\/uploads\/2022\/10\/FURO-CECHY-4.jpg\" alt=\"\" width=\"500\" height=\"117\" srcset=\"https:\/\/saloni.pl\/wp-content\/uploads\/2022\/10\/FURO-CECHY-4.jpg 500w, https:\/\/saloni.pl\/wp-content\/uploads\/2022\/10\/FURO-CECHY-4-300x70.jpg 300w\" sizes=\"auto, (max-width: 500px) 100vw, 500px\" \/><\/p>\n<p>&nbsp;<\/p>\n<p><img loading=\"lazy\" decoding=\"async\" class=\"alignnone size-full wp-image-17469\" src=\"https:\/\/saloni.pl\/wp-content\/uploads\/2023\/02\/Furo-DWJ_RYS-TECHN.jpg\" alt=\"\" width=\"700\" height=\"733\" srcset=\"https:\/\/saloni.pl\/wp-content\/uploads\/2023\/02\/Furo-DWJ_RYS-TECHN.jpg 700w, https:\/\/saloni.pl\/wp-content\/uploads\/2023\/02\/Furo-DWJ_RYS-TECHN-286x300.jpg 286w, https:\/\/saloni.pl\/wp-content\/uploads\/2023\/02\/Furo-DWJ_RYS-TECHN-300x314.jpg 300w, https:\/\/saloni.pl\/wp-content\/uploads\/2023\/02\/Furo-DWJ_RYS-TECHN-600x628.jpg 600w\" sizes=\"auto, (max-width: 700px) 100vw, 700px\" \/><\/p>\n<p>&nbsp;<\/p>\n<\/div>\n","protected":false},"excerpt":{"rendered":"<p>Drzwi prysznicowe Furo DWJ 110 cm, wersja prawa z pojedynczymi drzwiami przesuwnymi, chrom, szk\u0142o przejrzyste z pow\u0142ok\u0105 Easy Clean Kabina dost\u0119pna w wielu wymiarach, nie znalaz\u0142e\u015b wymiaru kt\u00f3rego szukasz? Zadzwo\u0144 do nas lub napisz, przedstawimy ci najlepsz\u0105 ofert\u0119. Seria Furo to niespotykana dot\u0105d jako\u015b\u0107 w\u015br\u00f3d przesuwnych kabin prysznicowych. Dzi\u0119ki rezygnacji z g\u00f3rnej prowadnicy i osadzeniu [&hellip;]<\/p>\n","protected":false},"featured_media":17468,"comment_status":"closed","ping_status":"closed","template":"","meta":[],"product_brand":[],"product_cat":[375,20,111],"product_tag":[425,459,458,429],"berocket_brand":[123],"class_list":{"0":"post-17478","1":"product","2":"type-product","3":"status-publish","4":"has-post-thumbnail","6":"product_cat-chrom-przesuwne","7":"product_cat-drzwi-wnekowe","8":"product_cat-przesuwne","9":"product_tag-chrom","10":"product_tag-drzwi-prysznicowe","11":"product_tag-furo-dwj","12":"product_tag-przesuwne","13":"berocket_brand-radaway","15":"first","16":"instock","17":"sale","18":"shipping-taxable","19":"purchasable","20":"product-type-simple"},"_links":{"self":[{"href":"https:\/\/saloni.pl\/index.php\/wp-json\/wp\/v2\/product\/17478","targetHints":{"allow":["GET"]}}],"collection":[{"href":"https:\/\/saloni.pl\/index.php\/wp-json\/wp\/v2\/product"}],"about":[{"href":"https:\/\/saloni.pl\/index.php\/wp-json\/wp\/v2\/types\/product"}],"replies":[{"embeddable":true,"href":"https:\/\/saloni.pl\/index.php\/wp-json\/wp\/v2\/comments?post=17478"}],"wp:featuredmedia":[{"embeddable":true,"href":"https:\/\/saloni.pl\/index.php\/wp-json\/wp\/v2\/media\/17468"}],"wp:attachment":[{"href":"https:\/\/saloni.pl\/index.php\/wp-json\/wp\/v2\/media?parent=17478"}],"wp:term":[{"taxonomy":"product_brand","embeddable":true,"href":"https:\/\/saloni.pl\/index.php\/wp-json\/wp\/v2\/product_brand?post=17478"},{"taxonomy":"product_cat","embeddable":true,"href":"https:\/\/saloni.pl\/index.php\/wp-json\/wp\/v2\/product_cat?post=17478"},{"taxonomy":"product_tag","embeddable":true,"href":"https:\/\/saloni.pl\/index.php\/wp-json\/wp\/v2\/product_tag?post=17478"},{"taxonomy":"berocket_brand","embeddable":true,"href":"https:\/\/saloni.pl\/index.php\/wp-json\/wp\/v2\/berocket_brand?post=17478"}],"curies":[{"name":"wp","href":"https:\/\/api.w.org\/{rel}","templated":true}]}}