{"id":17448,"date":"2023-01-25T17:40:37","date_gmt":"2023-01-25T16:40:37","guid":{"rendered":"https:\/\/saloni.pl\/?post_type=product&#038;p=17448"},"modified":"2023-01-25T17:42:19","modified_gmt":"2023-01-25T16:42:19","slug":"drzwi-wnekowe-nes-dwd-90","status":"publish","type":"product","link":"https:\/\/saloni.pl\/index.php\/produkt\/drzwi-wnekowe-nes-dwd-90\/","title":{"rendered":"Drzwi wn\u0119kowe Nes DWD 90"},"content":{"rendered":"<h5><span style=\"color: #000000;\">Drzwi wn\u0119kowe Nes DWD 90 cm, otwierane na zewn\u0105trz i do wewn\u0105trz kabiny, szk\u0142o przejrzyste z pow\u0142ok\u0105 Easy Clean<\/span><\/h5>\n<p><span style=\"color: #000000;\">Seria <strong>Nes <\/strong>to po\u0142\u0105czenie wysokiej jako\u015bci kabin prysznicowych ze wsp\u00f3\u0142czesnym designem. <\/span><\/p>\n<p><span style=\"color: #000000;\">Ich przestronne wn\u0119trze gwarantuje maksymalny komfort k\u0105pieli. <\/span><\/p>\n<p><span style=\"color: #000000;\">Seri\u0119 kabin <strong>Nes<\/strong> charakteryzuje nowoczesny design i elegancja, kt\u00f3re z jednej strony zachwycaj\u0105 uniwersalno\u015bci\u0105, a z drugiej oryginalno\u015bci\u0105. R\u00f3\u017cnorodno\u015b\u0107 modeli pozwala wykorzysta\u0107 je do aran\u017cacji pomieszczenia w wielu stylach. Atutem serii jest specjalny system, pozwalaj\u0105cy na niwelacj\u0119 krzywizny \u015bciany do 15 mm<\/span><\/p>\n<p><img loading=\"lazy\" decoding=\"async\" class=\"alignnone size-full wp-image-17443\" src=\"https:\/\/saloni.pl\/wp-content\/uploads\/2023\/01\/NES-DWD-CECHY.jpg\" alt=\"\" width=\"250\" height=\"527\" srcset=\"https:\/\/saloni.pl\/wp-content\/uploads\/2023\/01\/NES-DWD-CECHY.jpg 250w, https:\/\/saloni.pl\/wp-content\/uploads\/2023\/01\/NES-DWD-CECHY-142x300.jpg 142w\" sizes=\"auto, (max-width: 250px) 100vw, 250px\" \/><\/p>\n<p><img loading=\"lazy\" decoding=\"async\" class=\"alignnone size-full wp-image-17313\" src=\"https:\/\/saloni.pl\/wp-content\/uploads\/2023\/01\/NES-DWJ-I-CECHY-1.jpg\" alt=\"\" width=\"452\" height=\"570\" srcset=\"https:\/\/saloni.pl\/wp-content\/uploads\/2023\/01\/NES-DWJ-I-CECHY-1.jpg 452w, https:\/\/saloni.pl\/wp-content\/uploads\/2023\/01\/NES-DWJ-I-CECHY-1-238x300.jpg 238w, https:\/\/saloni.pl\/wp-content\/uploads\/2023\/01\/NES-DWJ-I-CECHY-1-300x378.jpg 300w\" sizes=\"auto, (max-width: 452px) 100vw, 452px\" \/><\/p>\n<p><img loading=\"lazy\" decoding=\"async\" class=\"alignnone size-full wp-image-17314\" src=\"https:\/\/saloni.pl\/wp-content\/uploads\/2023\/01\/NES-DWJ-I-CECHY-2.jpg\" alt=\"\" width=\"460\" height=\"615\" srcset=\"https:\/\/saloni.pl\/wp-content\/uploads\/2023\/01\/NES-DWJ-I-CECHY-2.jpg 460w, https:\/\/saloni.pl\/wp-content\/uploads\/2023\/01\/NES-DWJ-I-CECHY-2-224x300.jpg 224w, https:\/\/saloni.pl\/wp-content\/uploads\/2023\/01\/NES-DWJ-I-CECHY-2-300x401.jpg 300w\" sizes=\"auto, (max-width: 460px) 100vw, 460px\" \/><\/p>\n<p><img loading=\"lazy\" decoding=\"async\" class=\"alignnone size-full wp-image-17444\" src=\"https:\/\/saloni.pl\/wp-content\/uploads\/2023\/01\/NES-DWD-RYS-TECHNICZNY.jpg\" alt=\"\" width=\"759\" height=\"555\" srcset=\"https:\/\/saloni.pl\/wp-content\/uploads\/2023\/01\/NES-DWD-RYS-TECHNICZNY.jpg 759w, https:\/\/saloni.pl\/wp-content\/uploads\/2023\/01\/NES-DWD-RYS-TECHNICZNY-300x219.jpg 300w, https:\/\/saloni.pl\/wp-content\/uploads\/2023\/01\/NES-DWD-RYS-TECHNICZNY-600x439.jpg 600w\" sizes=\"auto, (max-width: 759px) 100vw, 759px\" \/><\/p>\n","protected":false},"excerpt":{"rendered":"<p>Drzwi wn\u0119kowe Nes DWD 90 cm, otwierane na zewn\u0105trz i do wewn\u0105trz kabiny, szk\u0142o przejrzyste z pow\u0142ok\u0105 Easy Clean Seria Nes to po\u0142\u0105czenie wysokiej jako\u015bci kabin prysznicowych ze wsp\u00f3\u0142czesnym designem. Ich przestronne wn\u0119trze gwarantuje maksymalny komfort k\u0105pieli. Seri\u0119 kabin Nes charakteryzuje nowoczesny design i elegancja, kt\u00f3re z jednej strony zachwycaj\u0105 uniwersalno\u015bci\u0105, a z drugiej oryginalno\u015bci\u0105. [&hellip;]<\/p>\n","protected":false},"featured_media":17445,"comment_status":"closed","ping_status":"closed","template":"","meta":[],"product_brand":[],"product_cat":[383,20,21,110],"product_tag":[425,400,457,390],"berocket_brand":[123],"class_list":{"0":"post-17448","1":"product","2":"type-product","3":"status-publish","4":"has-post-thumbnail","6":"product_cat-chrom-wahadlowe","7":"product_cat-drzwi-wnekowe","8":"product_cat-radaway-drzwi-wnekowe","9":"product_cat-wahadlowe","10":"product_tag-chrom","11":"product_tag-drzwi","12":"product_tag-nes-dwd","13":"product_tag-radaway","14":"berocket_brand-radaway","16":"first","17":"instock","18":"sale","19":"shipping-taxable","20":"purchasable","21":"product-type-simple"},"_links":{"self":[{"href":"https:\/\/saloni.pl\/index.php\/wp-json\/wp\/v2\/product\/17448","targetHints":{"allow":["GET"]}}],"collection":[{"href":"https:\/\/saloni.pl\/index.php\/wp-json\/wp\/v2\/product"}],"about":[{"href":"https:\/\/saloni.pl\/index.php\/wp-json\/wp\/v2\/types\/product"}],"replies":[{"embeddable":true,"href":"https:\/\/saloni.pl\/index.php\/wp-json\/wp\/v2\/comments?post=17448"}],"wp:featuredmedia":[{"embeddable":true,"href":"https:\/\/saloni.pl\/index.php\/wp-json\/wp\/v2\/media\/17445"}],"wp:attachment":[{"href":"https:\/\/saloni.pl\/index.php\/wp-json\/wp\/v2\/media?parent=17448"}],"wp:term":[{"taxonomy":"product_brand","embeddable":true,"href":"https:\/\/saloni.pl\/index.php\/wp-json\/wp\/v2\/product_brand?post=17448"},{"taxonomy":"product_cat","embeddable":true,"href":"https:\/\/saloni.pl\/index.php\/wp-json\/wp\/v2\/product_cat?post=17448"},{"taxonomy":"product_tag","embeddable":true,"href":"https:\/\/saloni.pl\/index.php\/wp-json\/wp\/v2\/product_tag?post=17448"},{"taxonomy":"berocket_brand","embeddable":true,"href":"https:\/\/saloni.pl\/index.php\/wp-json\/wp\/v2\/berocket_brand?post=17448"}],"curies":[{"name":"wp","href":"https:\/\/api.w.org\/{rel}","templated":true}]}}