{"id":17424,"date":"2023-01-24T18:04:33","date_gmt":"2023-01-24T17:04:33","guid":{"rendered":"https:\/\/saloni.pl\/?post_type=product&#038;p=17424"},"modified":"2023-01-24T18:11:20","modified_gmt":"2023-01-24T17:11:20","slug":"drzwi-wnekowe-nes-black-dwb-70-lewe","status":"publish","type":"product","link":"https:\/\/saloni.pl\/index.php\/produkt\/drzwi-wnekowe-nes-black-dwb-70-lewe\/","title":{"rendered":"Drzwi wn\u0119kowe Nes Black DWB 70 lewe"},"content":{"rendered":"<h5><span style=\"color: #000000;\">Drzwi wn\u0119kowe Nes Black DWB 70 cm typu bifold, sk\u0142adane na \u015bcian\u0119 do wewn\u0105trz kabiny, wariant lewy, szk\u0142o przejrzyste z pow\u0142ok\u0105 Easy Clean<\/span><\/h5>\n<p><span style=\"color: #000000;\">Seria <strong>Nes <\/strong>to po\u0142\u0105czenie wysokiej jako\u015bci kabin prysznicowych ze wsp\u00f3\u0142czesnym designem. <\/span><\/p>\n<p><span style=\"color: #000000;\">Ich przestronne wn\u0119trze gwarantuje maksymalny komfort k\u0105pieli. <\/span><\/p>\n<p><span style=\"color: #000000;\">Seria <strong>Nes Black<\/strong> to wsp\u00f3\u0142czesny design i elegancja w po\u0142\u0105czeniu z hipnotyzuj\u0105c\u0105 czerni\u0105. Kabiny z tej serii nadadz\u0105 \u0142azience wyj\u0105tkowy charakter. Czarne linie, kt\u00f3re s\u0105 charakterystyczne dla modeli Frame i Factory, wykonane s\u0105 farb\u0105 ceramiczn\u0105. Dzi\u0119ki zespoleniu zdobienia ze szk\u0142em w procesie hartowania, kabin\u0119 wyr\u00f3\u017cnia trwa\u0142o\u015b\u0107, ponadprzeci\u0119tna jako\u015b\u0107 oraz odporno\u015b\u0107 na \u015bcieranie i promieniowanie UV.<\/span><\/p>\n<p><img loading=\"lazy\" decoding=\"async\" class=\"alignnone size-full wp-image-17412\" src=\"https:\/\/saloni.pl\/wp-content\/uploads\/2023\/01\/NES-DWB-cechy-lewe.jpg\" alt=\"\" width=\"250\" height=\"651\" srcset=\"https:\/\/saloni.pl\/wp-content\/uploads\/2023\/01\/NES-DWB-cechy-lewe.jpg 250w, https:\/\/saloni.pl\/wp-content\/uploads\/2023\/01\/NES-DWB-cechy-lewe-115x300.jpg 115w\" sizes=\"auto, (max-width: 250px) 100vw, 250px\" \/><\/p>\n<p><img loading=\"lazy\" decoding=\"async\" class=\"alignnone size-full wp-image-17313\" src=\"https:\/\/saloni.pl\/wp-content\/uploads\/2023\/01\/NES-DWJ-I-CECHY-1.jpg\" alt=\"\" width=\"452\" height=\"570\" srcset=\"https:\/\/saloni.pl\/wp-content\/uploads\/2023\/01\/NES-DWJ-I-CECHY-1.jpg 452w, https:\/\/saloni.pl\/wp-content\/uploads\/2023\/01\/NES-DWJ-I-CECHY-1-238x300.jpg 238w, https:\/\/saloni.pl\/wp-content\/uploads\/2023\/01\/NES-DWJ-I-CECHY-1-300x378.jpg 300w\" sizes=\"auto, (max-width: 452px) 100vw, 452px\" \/><\/p>\n<p><img loading=\"lazy\" decoding=\"async\" class=\"alignnone size-full wp-image-17314\" src=\"https:\/\/saloni.pl\/wp-content\/uploads\/2023\/01\/NES-DWJ-I-CECHY-2.jpg\" alt=\"\" width=\"460\" height=\"615\" srcset=\"https:\/\/saloni.pl\/wp-content\/uploads\/2023\/01\/NES-DWJ-I-CECHY-2.jpg 460w, https:\/\/saloni.pl\/wp-content\/uploads\/2023\/01\/NES-DWJ-I-CECHY-2-224x300.jpg 224w, https:\/\/saloni.pl\/wp-content\/uploads\/2023\/01\/NES-DWJ-I-CECHY-2-300x401.jpg 300w\" sizes=\"auto, (max-width: 460px) 100vw, 460px\" \/><\/p>\n<p><img loading=\"lazy\" decoding=\"async\" class=\"alignnone size-full wp-image-17416\" src=\"https:\/\/saloni.pl\/wp-content\/uploads\/2023\/01\/NES-DWB-RYS-TECHN.jpg\" alt=\"\" width=\"690\" height=\"513\" srcset=\"https:\/\/saloni.pl\/wp-content\/uploads\/2023\/01\/NES-DWB-RYS-TECHN.jpg 690w, https:\/\/saloni.pl\/wp-content\/uploads\/2023\/01\/NES-DWB-RYS-TECHN-300x223.jpg 300w, https:\/\/saloni.pl\/wp-content\/uploads\/2023\/01\/NES-DWB-RYS-TECHN-600x446.jpg 600w\" sizes=\"auto, (max-width: 690px) 100vw, 690px\" \/><\/p>\n","protected":false},"excerpt":{"rendered":"<p>Drzwi wn\u0119kowe Nes Black DWB 70 cm typu bifold, sk\u0142adane na \u015bcian\u0119 do wewn\u0105trz kabiny, wariant lewy, szk\u0142o przejrzyste z pow\u0142ok\u0105 Easy Clean Seria Nes to po\u0142\u0105czenie wysokiej jako\u015bci kabin prysznicowych ze wsp\u00f3\u0142czesnym designem. Ich przestronne wn\u0119trze gwarantuje maksymalny komfort k\u0105pieli. Seria Nes Black to wsp\u00f3\u0142czesny design i elegancja w po\u0142\u0105czeniu z hipnotyzuj\u0105c\u0105 czerni\u0105. Kabiny [&hellip;]<\/p>\n","protected":false},"featured_media":17427,"comment_status":"closed","ping_status":"closed","template":"","meta":[],"product_brand":[],"product_cat":[380,20,21,112],"product_tag":[421,400,456,390],"berocket_brand":[123],"class_list":{"0":"post-17424","1":"product","2":"type-product","3":"status-publish","4":"has-post-thumbnail","6":"product_cat-black-skladane","7":"product_cat-drzwi-wnekowe","8":"product_cat-radaway-drzwi-wnekowe","9":"product_cat-skladane","10":"product_tag-black","11":"product_tag-drzwi","12":"product_tag-nes-black-dwb","13":"product_tag-radaway","14":"berocket_brand-radaway","16":"first","17":"onbackorder","18":"sale","19":"shipping-taxable","20":"purchasable","21":"product-type-simple"},"_links":{"self":[{"href":"https:\/\/saloni.pl\/index.php\/wp-json\/wp\/v2\/product\/17424","targetHints":{"allow":["GET"]}}],"collection":[{"href":"https:\/\/saloni.pl\/index.php\/wp-json\/wp\/v2\/product"}],"about":[{"href":"https:\/\/saloni.pl\/index.php\/wp-json\/wp\/v2\/types\/product"}],"replies":[{"embeddable":true,"href":"https:\/\/saloni.pl\/index.php\/wp-json\/wp\/v2\/comments?post=17424"}],"wp:featuredmedia":[{"embeddable":true,"href":"https:\/\/saloni.pl\/index.php\/wp-json\/wp\/v2\/media\/17427"}],"wp:attachment":[{"href":"https:\/\/saloni.pl\/index.php\/wp-json\/wp\/v2\/media?parent=17424"}],"wp:term":[{"taxonomy":"product_brand","embeddable":true,"href":"https:\/\/saloni.pl\/index.php\/wp-json\/wp\/v2\/product_brand?post=17424"},{"taxonomy":"product_cat","embeddable":true,"href":"https:\/\/saloni.pl\/index.php\/wp-json\/wp\/v2\/product_cat?post=17424"},{"taxonomy":"product_tag","embeddable":true,"href":"https:\/\/saloni.pl\/index.php\/wp-json\/wp\/v2\/product_tag?post=17424"},{"taxonomy":"berocket_brand","embeddable":true,"href":"https:\/\/saloni.pl\/index.php\/wp-json\/wp\/v2\/berocket_brand?post=17424"}],"curies":[{"name":"wp","href":"https:\/\/api.w.org\/{rel}","templated":true}]}}