{"id":17341,"date":"2023-01-05T18:37:36","date_gmt":"2023-01-05T17:37:36","guid":{"rendered":"https:\/\/saloni.pl\/?post_type=product&#038;p=17341"},"modified":"2023-01-05T18:38:31","modified_gmt":"2023-01-05T17:38:31","slug":"drzwi-wnekowe-nes-black-dwj-i-100-lewe","status":"publish","type":"product","link":"https:\/\/saloni.pl\/index.php\/produkt\/drzwi-wnekowe-nes-black-dwj-i-100-lewe\/","title":{"rendered":"Drzwi wn\u0119kowe Nes Black DWJ I 100 lewe"},"content":{"rendered":"<h5><span style=\"color: #000000;\">Drzwi wn\u0119kowe Nes Black DWJ I 100 cm, otwierane na zewn\u0105trz i do wewn\u0105trz kabiny, wariant lewy, szk\u0142o przejrzyste z pow\u0142ok\u0105 Easy Clean<\/span><\/h5>\n<p><span style=\"color: #000000;\">Seria <strong>Nes <\/strong>to po\u0142\u0105czenie wysokiej jako\u015bci kabin prysznicowych ze wsp\u00f3\u0142czesnym designem. <\/span><\/p>\n<p><span style=\"color: #000000;\">Seria <strong>Nes Black<\/strong> to wsp\u00f3\u0142czesny design i elegancja w po\u0142\u0105czeniu z hipnotyzuj\u0105c\u0105 czerni\u0105. Kabiny z tej serii nadadz\u0105 \u0142azience wyj\u0105tkowy charakter. Czarne linie, kt\u00f3re s\u0105 charakterystyczne dla modeli Frame i Factory, wykonane s\u0105 farb\u0105 ceramiczn\u0105. Dzi\u0119ki zespoleniu zdobienia ze szk\u0142em w procesie hartowania, kabin\u0119 wyr\u00f3\u017cnia trwa\u0142o\u015b\u0107, ponadprzeci\u0119tna jako\u015b\u0107 oraz odporno\u015b\u0107 na \u015bcieranie i promieniowanie UV.<\/span><\/p>\n<p><img loading=\"lazy\" decoding=\"async\" class=\"alignnone size-full wp-image-17311\" src=\"https:\/\/saloni.pl\/wp-content\/uploads\/2023\/01\/NES-DWJ-I-CECHY-0-lewe.jpg\" alt=\"\" width=\"250\" height=\"637\" srcset=\"https:\/\/saloni.pl\/wp-content\/uploads\/2023\/01\/NES-DWJ-I-CECHY-0-lewe.jpg 250w, https:\/\/saloni.pl\/wp-content\/uploads\/2023\/01\/NES-DWJ-I-CECHY-0-lewe-118x300.jpg 118w\" sizes=\"auto, (max-width: 250px) 100vw, 250px\" \/><\/p>\n<p><img loading=\"lazy\" decoding=\"async\" class=\"alignnone size-full wp-image-17313\" src=\"https:\/\/saloni.pl\/wp-content\/uploads\/2023\/01\/NES-DWJ-I-CECHY-1.jpg\" alt=\"\" width=\"452\" height=\"570\" srcset=\"https:\/\/saloni.pl\/wp-content\/uploads\/2023\/01\/NES-DWJ-I-CECHY-1.jpg 452w, https:\/\/saloni.pl\/wp-content\/uploads\/2023\/01\/NES-DWJ-I-CECHY-1-238x300.jpg 238w, https:\/\/saloni.pl\/wp-content\/uploads\/2023\/01\/NES-DWJ-I-CECHY-1-300x378.jpg 300w\" sizes=\"auto, (max-width: 452px) 100vw, 452px\" \/><\/p>\n<p><img loading=\"lazy\" decoding=\"async\" class=\"alignnone size-full wp-image-17314\" src=\"https:\/\/saloni.pl\/wp-content\/uploads\/2023\/01\/NES-DWJ-I-CECHY-2.jpg\" alt=\"\" width=\"460\" height=\"615\" srcset=\"https:\/\/saloni.pl\/wp-content\/uploads\/2023\/01\/NES-DWJ-I-CECHY-2.jpg 460w, https:\/\/saloni.pl\/wp-content\/uploads\/2023\/01\/NES-DWJ-I-CECHY-2-224x300.jpg 224w, https:\/\/saloni.pl\/wp-content\/uploads\/2023\/01\/NES-DWJ-I-CECHY-2-300x401.jpg 300w\" sizes=\"auto, (max-width: 460px) 100vw, 460px\" \/><\/p>\n<p><img loading=\"lazy\" decoding=\"async\" class=\"alignnone size-full wp-image-17318\" src=\"https:\/\/saloni.pl\/wp-content\/uploads\/2023\/01\/NES-DWJ-I-CECHY-rys-techn.jpg\" alt=\"\" width=\"720\" height=\"706\" srcset=\"https:\/\/saloni.pl\/wp-content\/uploads\/2023\/01\/NES-DWJ-I-CECHY-rys-techn.jpg 720w, https:\/\/saloni.pl\/wp-content\/uploads\/2023\/01\/NES-DWJ-I-CECHY-rys-techn-300x294.jpg 300w, https:\/\/saloni.pl\/wp-content\/uploads\/2023\/01\/NES-DWJ-I-CECHY-rys-techn-600x588.jpg 600w, https:\/\/saloni.pl\/wp-content\/uploads\/2023\/01\/NES-DWJ-I-CECHY-rys-techn-50x50.jpg 50w\" sizes=\"auto, (max-width: 720px) 100vw, 720px\" \/><\/p>\n","protected":false},"excerpt":{"rendered":"<p>Drzwi wn\u0119kowe Nes Black DWJ I 100 cm, otwierane na zewn\u0105trz i do wewn\u0105trz kabiny, wariant lewy, szk\u0142o przejrzyste z pow\u0142ok\u0105 Easy Clean Seria Nes to po\u0142\u0105czenie wysokiej jako\u015bci kabin prysznicowych ze wsp\u00f3\u0142czesnym designem. Seria Nes Black to wsp\u00f3\u0142czesny design i elegancja w po\u0142\u0105czeniu z hipnotyzuj\u0105c\u0105 czerni\u0105. Kabiny z tej serii nadadz\u0105 \u0142azience wyj\u0105tkowy charakter. [&hellip;]<\/p>\n","protected":false},"featured_media":17338,"comment_status":"closed","ping_status":"closed","template":"","meta":[],"product_brand":[],"product_cat":[384,20,21,110],"product_tag":[400,451,390],"berocket_brand":[123],"class_list":{"0":"post-17341","1":"product","2":"type-product","3":"status-publish","4":"has-post-thumbnail","6":"product_cat-black-wahadlowe","7":"product_cat-drzwi-wnekowe","8":"product_cat-radaway-drzwi-wnekowe","9":"product_cat-wahadlowe","10":"product_tag-drzwi","11":"product_tag-nes-black-dwj-i","12":"product_tag-radaway","13":"berocket_brand-radaway","15":"first","16":"instock","17":"sale","18":"shipping-taxable","19":"purchasable","20":"product-type-simple"},"_links":{"self":[{"href":"https:\/\/saloni.pl\/index.php\/wp-json\/wp\/v2\/product\/17341","targetHints":{"allow":["GET"]}}],"collection":[{"href":"https:\/\/saloni.pl\/index.php\/wp-json\/wp\/v2\/product"}],"about":[{"href":"https:\/\/saloni.pl\/index.php\/wp-json\/wp\/v2\/types\/product"}],"replies":[{"embeddable":true,"href":"https:\/\/saloni.pl\/index.php\/wp-json\/wp\/v2\/comments?post=17341"}],"wp:featuredmedia":[{"embeddable":true,"href":"https:\/\/saloni.pl\/index.php\/wp-json\/wp\/v2\/media\/17338"}],"wp:attachment":[{"href":"https:\/\/saloni.pl\/index.php\/wp-json\/wp\/v2\/media?parent=17341"}],"wp:term":[{"taxonomy":"product_brand","embeddable":true,"href":"https:\/\/saloni.pl\/index.php\/wp-json\/wp\/v2\/product_brand?post=17341"},{"taxonomy":"product_cat","embeddable":true,"href":"https:\/\/saloni.pl\/index.php\/wp-json\/wp\/v2\/product_cat?post=17341"},{"taxonomy":"product_tag","embeddable":true,"href":"https:\/\/saloni.pl\/index.php\/wp-json\/wp\/v2\/product_tag?post=17341"},{"taxonomy":"berocket_brand","embeddable":true,"href":"https:\/\/saloni.pl\/index.php\/wp-json\/wp\/v2\/berocket_brand?post=17341"}],"curies":[{"name":"wp","href":"https:\/\/api.w.org\/{rel}","templated":true}]}}