{"id":17321,"date":"2023-01-05T17:42:57","date_gmt":"2023-01-05T16:42:57","guid":{"rendered":"https:\/\/saloni.pl\/?post_type=product&#038;p=17321"},"modified":"2023-01-05T17:43:47","modified_gmt":"2023-01-05T16:43:47","slug":"drzwi-wnekowe-nes-dwj-i-100-prawe","status":"publish","type":"product","link":"https:\/\/saloni.pl\/index.php\/produkt\/drzwi-wnekowe-nes-dwj-i-100-prawe\/","title":{"rendered":"Drzwi wn\u0119kowe Nes DWJ I 100 prawe"},"content":{"rendered":"<h5><span style=\"color: #000000;\">Drzwi wn\u0119kowe Nes DWJ I 100 cm, otwierane na zewn\u0105trz i do wewn\u0105trz kabiny, wariant prawy, szk\u0142o przejrzyste z pow\u0142ok\u0105 Easy Clean<\/span><\/h5>\n<p><span style=\"color: #000000;\">Seria <strong>Nes <\/strong>to po\u0142\u0105czenie wysokiej jako\u015bci kabin prysznicowych ze wsp\u00f3\u0142czesnym designem. <\/span><\/p>\n<p><span style=\"color: #000000;\">Ich przestronne wn\u0119trze gwarantuje maksymalny komfort k\u0105pieli. <\/span><\/p>\n<p><span style=\"color: #000000;\">Seri\u0119 kabin <strong>Nes<\/strong> charakteryzuje nowoczesny design i elegancja, kt\u00f3re z jednej strony zachwycaj\u0105 uniwersalno\u015bci\u0105, a z drugiej oryginalno\u015bci\u0105. R\u00f3\u017cnorodno\u015b\u0107 modeli pozwala wykorzysta\u0107 je do aran\u017cacji pomieszczenia w wielu stylach. Atutem serii jest specjalny system, pozwalaj\u0105cy na niwelacj\u0119 krzywizny \u015bciany do 15 mm<\/span><\/p>\n<p><img loading=\"lazy\" decoding=\"async\" class=\"alignnone size-full wp-image-17312\" src=\"https:\/\/saloni.pl\/wp-content\/uploads\/2023\/01\/NES-DWJ-I-CECHY-0-prawe.jpg\" alt=\"\" width=\"250\" height=\"637\" srcset=\"https:\/\/saloni.pl\/wp-content\/uploads\/2023\/01\/NES-DWJ-I-CECHY-0-prawe.jpg 250w, https:\/\/saloni.pl\/wp-content\/uploads\/2023\/01\/NES-DWJ-I-CECHY-0-prawe-118x300.jpg 118w\" sizes=\"auto, (max-width: 250px) 100vw, 250px\" \/><\/p>\n<p><img loading=\"lazy\" decoding=\"async\" class=\"alignnone size-full wp-image-17313\" src=\"https:\/\/saloni.pl\/wp-content\/uploads\/2023\/01\/NES-DWJ-I-CECHY-1.jpg\" alt=\"\" width=\"452\" height=\"570\" srcset=\"https:\/\/saloni.pl\/wp-content\/uploads\/2023\/01\/NES-DWJ-I-CECHY-1.jpg 452w, https:\/\/saloni.pl\/wp-content\/uploads\/2023\/01\/NES-DWJ-I-CECHY-1-238x300.jpg 238w, https:\/\/saloni.pl\/wp-content\/uploads\/2023\/01\/NES-DWJ-I-CECHY-1-300x378.jpg 300w\" sizes=\"auto, (max-width: 452px) 100vw, 452px\" \/><\/p>\n<p><img loading=\"lazy\" decoding=\"async\" class=\"alignnone size-full wp-image-17314\" src=\"https:\/\/saloni.pl\/wp-content\/uploads\/2023\/01\/NES-DWJ-I-CECHY-2.jpg\" alt=\"\" width=\"460\" height=\"615\" srcset=\"https:\/\/saloni.pl\/wp-content\/uploads\/2023\/01\/NES-DWJ-I-CECHY-2.jpg 460w, https:\/\/saloni.pl\/wp-content\/uploads\/2023\/01\/NES-DWJ-I-CECHY-2-224x300.jpg 224w, https:\/\/saloni.pl\/wp-content\/uploads\/2023\/01\/NES-DWJ-I-CECHY-2-300x401.jpg 300w\" sizes=\"auto, (max-width: 460px) 100vw, 460px\" \/><\/p>\n<p><img loading=\"lazy\" decoding=\"async\" class=\"alignnone size-full wp-image-17318\" src=\"https:\/\/saloni.pl\/wp-content\/uploads\/2023\/01\/NES-DWJ-I-CECHY-rys-techn.jpg\" alt=\"\" width=\"720\" height=\"706\" srcset=\"https:\/\/saloni.pl\/wp-content\/uploads\/2023\/01\/NES-DWJ-I-CECHY-rys-techn.jpg 720w, https:\/\/saloni.pl\/wp-content\/uploads\/2023\/01\/NES-DWJ-I-CECHY-rys-techn-300x294.jpg 300w, https:\/\/saloni.pl\/wp-content\/uploads\/2023\/01\/NES-DWJ-I-CECHY-rys-techn-600x588.jpg 600w, https:\/\/saloni.pl\/wp-content\/uploads\/2023\/01\/NES-DWJ-I-CECHY-rys-techn-50x50.jpg 50w\" sizes=\"auto, (max-width: 720px) 100vw, 720px\" \/><\/p>\n","protected":false},"excerpt":{"rendered":"<p>Drzwi wn\u0119kowe Nes DWJ I 100 cm, otwierane na zewn\u0105trz i do wewn\u0105trz kabiny, wariant prawy, szk\u0142o przejrzyste z pow\u0142ok\u0105 Easy Clean Seria Nes to po\u0142\u0105czenie wysokiej jako\u015bci kabin prysznicowych ze wsp\u00f3\u0142czesnym designem. Ich przestronne wn\u0119trze gwarantuje maksymalny komfort k\u0105pieli. Seri\u0119 kabin Nes charakteryzuje nowoczesny design i elegancja, kt\u00f3re z jednej strony zachwycaj\u0105 uniwersalno\u015bci\u0105, a [&hellip;]<\/p>\n","protected":false},"featured_media":17317,"comment_status":"closed","ping_status":"closed","template":"","meta":[],"product_brand":[],"product_cat":[383,20,21,110],"product_tag":[400,390],"berocket_brand":[123],"class_list":{"0":"post-17321","1":"product","2":"type-product","3":"status-publish","4":"has-post-thumbnail","6":"product_cat-chrom-wahadlowe","7":"product_cat-drzwi-wnekowe","8":"product_cat-radaway-drzwi-wnekowe","9":"product_cat-wahadlowe","10":"product_tag-drzwi","11":"product_tag-radaway","12":"berocket_brand-radaway","14":"first","15":"instock","16":"sale","17":"shipping-taxable","18":"purchasable","19":"product-type-simple"},"_links":{"self":[{"href":"https:\/\/saloni.pl\/index.php\/wp-json\/wp\/v2\/product\/17321","targetHints":{"allow":["GET"]}}],"collection":[{"href":"https:\/\/saloni.pl\/index.php\/wp-json\/wp\/v2\/product"}],"about":[{"href":"https:\/\/saloni.pl\/index.php\/wp-json\/wp\/v2\/types\/product"}],"replies":[{"embeddable":true,"href":"https:\/\/saloni.pl\/index.php\/wp-json\/wp\/v2\/comments?post=17321"}],"wp:featuredmedia":[{"embeddable":true,"href":"https:\/\/saloni.pl\/index.php\/wp-json\/wp\/v2\/media\/17317"}],"wp:attachment":[{"href":"https:\/\/saloni.pl\/index.php\/wp-json\/wp\/v2\/media?parent=17321"}],"wp:term":[{"taxonomy":"product_brand","embeddable":true,"href":"https:\/\/saloni.pl\/index.php\/wp-json\/wp\/v2\/product_brand?post=17321"},{"taxonomy":"product_cat","embeddable":true,"href":"https:\/\/saloni.pl\/index.php\/wp-json\/wp\/v2\/product_cat?post=17321"},{"taxonomy":"product_tag","embeddable":true,"href":"https:\/\/saloni.pl\/index.php\/wp-json\/wp\/v2\/product_tag?post=17321"},{"taxonomy":"berocket_brand","embeddable":true,"href":"https:\/\/saloni.pl\/index.php\/wp-json\/wp\/v2\/berocket_brand?post=17321"}],"curies":[{"name":"wp","href":"https:\/\/api.w.org\/{rel}","templated":true}]}}