{"id":17249,"date":"2023-01-03T13:34:28","date_gmt":"2023-01-03T12:34:28","guid":{"rendered":"https:\/\/saloni.pl\/?post_type=product&#038;p=17249"},"modified":"2023-01-03T13:36:43","modified_gmt":"2023-01-03T12:36:43","slug":"parawan-nes-pnj-i-60-prawy","status":"publish","type":"product","link":"https:\/\/saloni.pl\/index.php\/produkt\/parawan-nes-pnj-i-60-prawy\/","title":{"rendered":"Parawan Nes PNJ I 60 prawy"},"content":{"rendered":"<h5><span style=\"color: #000000;\">Parawan Nes PNJ I 60 cm, prawy, wersja chrom, szk\u0142o przejrzyste z pow\u0142ok\u0105 Easy Clean<\/span><\/h5>\n<h5><\/h5>\n<h5><strong>Parawan dost\u0119pny w wielu wymiarach, nie znalaz\u0142e\u015b wymiaru kt\u00f3rego szukasz?<\/strong><\/h5>\n<div class=\"option-content\">\n<p><strong>Zadzwo\u0144 do nas lub napisz, przedstawimy ci najlepsz\u0105 ofert\u0119.<\/strong><\/p>\n<p>Seri\u0119 kabin <strong>Nes<\/strong> charakteryzuje nowoczesny design i elegancja, kt\u00f3re z jednej strony zachwycaj\u0105 uniwersalno\u015bci\u0105, a z drugiej oryginalno\u015bci\u0105. R\u00f3\u017cnorodno\u015b\u0107 modeli pozwala wykorzysta\u0107 je do aran\u017cacji pomieszczenia w wielu stylach. Atutem serii jest specjalny system, pozwalaj\u0105cy na niwelacj\u0119 krzywizny \u015bciany do 15 mm.<\/p>\n<p><img loading=\"lazy\" decoding=\"async\" class=\"alignnone size-full wp-image-17238\" src=\"https:\/\/saloni.pl\/wp-content\/uploads\/2023\/01\/NES-PNJ-I-CR-CECHY-PRAWY.jpg\" alt=\"\" width=\"300\" height=\"595\" srcset=\"https:\/\/saloni.pl\/wp-content\/uploads\/2023\/01\/NES-PNJ-I-CR-CECHY-PRAWY.jpg 300w, https:\/\/saloni.pl\/wp-content\/uploads\/2023\/01\/NES-PNJ-I-CR-CECHY-PRAWY-151x300.jpg 151w\" sizes=\"auto, (max-width: 300px) 100vw, 300px\" \/><\/p>\n<p><img loading=\"lazy\" decoding=\"async\" class=\"alignnone size-full wp-image-17234\" src=\"https:\/\/saloni.pl\/wp-content\/uploads\/2023\/01\/NES-PNJ-I-CECHY-1.jpg\" alt=\"\" width=\"536\" height=\"414\" srcset=\"https:\/\/saloni.pl\/wp-content\/uploads\/2023\/01\/NES-PNJ-I-CECHY-1.jpg 536w, https:\/\/saloni.pl\/wp-content\/uploads\/2023\/01\/NES-PNJ-I-CECHY-1-300x232.jpg 300w\" sizes=\"auto, (max-width: 536px) 100vw, 536px\" \/><\/p>\n<p><img loading=\"lazy\" decoding=\"async\" class=\"alignnone size-full wp-image-17235\" src=\"https:\/\/saloni.pl\/wp-content\/uploads\/2023\/01\/NES-PNJ-I-CECHY-2.jpg\" alt=\"\" width=\"571\" height=\"271\" srcset=\"https:\/\/saloni.pl\/wp-content\/uploads\/2023\/01\/NES-PNJ-I-CECHY-2.jpg 571w, https:\/\/saloni.pl\/wp-content\/uploads\/2023\/01\/NES-PNJ-I-CECHY-2-300x142.jpg 300w\" sizes=\"auto, (max-width: 571px) 100vw, 571px\" \/><\/p>\n<p><img loading=\"lazy\" decoding=\"async\" class=\"alignnone size-full wp-image-17236\" src=\"https:\/\/saloni.pl\/wp-content\/uploads\/2023\/01\/NES-PNJ-I-CECHY-3.jpg\" alt=\"\" width=\"548\" height=\"500\" srcset=\"https:\/\/saloni.pl\/wp-content\/uploads\/2023\/01\/NES-PNJ-I-CECHY-3.jpg 548w, https:\/\/saloni.pl\/wp-content\/uploads\/2023\/01\/NES-PNJ-I-CECHY-3-300x274.jpg 300w\" sizes=\"auto, (max-width: 548px) 100vw, 548px\" \/><\/p>\n<p><img loading=\"lazy\" decoding=\"async\" class=\"alignnone size-full wp-image-17239\" src=\"https:\/\/saloni.pl\/wp-content\/uploads\/2023\/01\/NES-PNJ-I-CR-RYS-TECHN.jpg\" alt=\"\" width=\"678\" height=\"729\" srcset=\"https:\/\/saloni.pl\/wp-content\/uploads\/2023\/01\/NES-PNJ-I-CR-RYS-TECHN.jpg 678w, https:\/\/saloni.pl\/wp-content\/uploads\/2023\/01\/NES-PNJ-I-CR-RYS-TECHN-279x300.jpg 279w, https:\/\/saloni.pl\/wp-content\/uploads\/2023\/01\/NES-PNJ-I-CR-RYS-TECHN-300x323.jpg 300w, https:\/\/saloni.pl\/wp-content\/uploads\/2023\/01\/NES-PNJ-I-CR-RYS-TECHN-600x645.jpg 600w\" sizes=\"auto, (max-width: 678px) 100vw, 678px\" \/><\/p>\n<\/div>\n","protected":false},"excerpt":{"rendered":"<p>Parawan Nes PNJ I 60 cm, prawy, wersja chrom, szk\u0142o przejrzyste z pow\u0142ok\u0105 Easy Clean Parawan dost\u0119pny w wielu wymiarach, nie znalaz\u0142e\u015b wymiaru kt\u00f3rego szukasz? Zadzwo\u0144 do nas lub napisz, przedstawimy ci najlepsz\u0105 ofert\u0119. Seri\u0119 kabin Nes charakteryzuje nowoczesny design i elegancja, kt\u00f3re z jednej strony zachwycaj\u0105 uniwersalno\u015bci\u0105, a z drugiej oryginalno\u015bci\u0105. R\u00f3\u017cnorodno\u015b\u0107 modeli pozwala [&hellip;]<\/p>\n","protected":false},"featured_media":17241,"comment_status":"closed","ping_status":"closed","template":"","meta":[],"product_brand":[],"product_cat":[114,24],"product_tag":[425,446,443],"berocket_brand":[123],"class_list":{"0":"post-17249","1":"product","2":"type-product","3":"status-publish","4":"has-post-thumbnail","6":"product_cat-jednoczesciowe-skladane","7":"product_cat-parawany-nawannowe","8":"product_tag-chrom","9":"product_tag-nes-pnj-i","10":"product_tag-parawan","11":"berocket_brand-radaway","13":"first","14":"instock","15":"sale","16":"shipping-taxable","17":"purchasable","18":"product-type-simple"},"_links":{"self":[{"href":"https:\/\/saloni.pl\/index.php\/wp-json\/wp\/v2\/product\/17249","targetHints":{"allow":["GET"]}}],"collection":[{"href":"https:\/\/saloni.pl\/index.php\/wp-json\/wp\/v2\/product"}],"about":[{"href":"https:\/\/saloni.pl\/index.php\/wp-json\/wp\/v2\/types\/product"}],"replies":[{"embeddable":true,"href":"https:\/\/saloni.pl\/index.php\/wp-json\/wp\/v2\/comments?post=17249"}],"wp:featuredmedia":[{"embeddable":true,"href":"https:\/\/saloni.pl\/index.php\/wp-json\/wp\/v2\/media\/17241"}],"wp:attachment":[{"href":"https:\/\/saloni.pl\/index.php\/wp-json\/wp\/v2\/media?parent=17249"}],"wp:term":[{"taxonomy":"product_brand","embeddable":true,"href":"https:\/\/saloni.pl\/index.php\/wp-json\/wp\/v2\/product_brand?post=17249"},{"taxonomy":"product_cat","embeddable":true,"href":"https:\/\/saloni.pl\/index.php\/wp-json\/wp\/v2\/product_cat?post=17249"},{"taxonomy":"product_tag","embeddable":true,"href":"https:\/\/saloni.pl\/index.php\/wp-json\/wp\/v2\/product_tag?post=17249"},{"taxonomy":"berocket_brand","embeddable":true,"href":"https:\/\/saloni.pl\/index.php\/wp-json\/wp\/v2\/berocket_brand?post=17249"}],"curies":[{"name":"wp","href":"https:\/\/api.w.org\/{rel}","templated":true}]}}