{"id":17220,"date":"2023-01-03T12:54:28","date_gmt":"2023-01-03T11:54:28","guid":{"rendered":"https:\/\/saloni.pl\/?post_type=product&#038;p=17220"},"modified":"2023-01-03T12:55:18","modified_gmt":"2023-01-03T11:55:18","slug":"parawan-idea-pnj-ii-70","status":"publish","type":"product","link":"https:\/\/saloni.pl\/index.php\/produkt\/parawan-idea-pnj-ii-70\/","title":{"rendered":"Parawan Idea PNJ II 70"},"content":{"rendered":"<h5><span style=\"color: #000000;\">Parawan Idea PNJ II 70 cm, wersja chrom, szk\u0142o przejrzyste z pow\u0142ok\u0105 Easy Clean<\/span><\/h5>\n<h5><\/h5>\n<h5><strong>Parawan dost\u0119pny w wielu wymiarach, nie znalaz\u0142e\u015b wymiaru kt\u00f3rego szukasz?<\/strong><\/h5>\n<div class=\"option-content\">\n<p><strong>Zadzwo\u0144 do nas lub napisz, przedstawimy ci najlepsz\u0105 ofert\u0119.<\/strong><\/p>\n<p>Parawany z serii <strong>Idea <\/strong>zosta\u0142y stworzone z my\u015bl\u0105 o najnowszych trendach w projektowaniu \u0142azienek. Wszystkie modele wykonane s\u0105 z dba\u0142o\u015bci\u0105 o najdrobniejsze szczeg\u00f3\u0142y, tak aby komfort z ich posiadania towarzyszy\u0142 Pa\u0144stwu ka\u017cdego dnia.<\/p>\n<p><img loading=\"lazy\" decoding=\"async\" class=\"alignnone size-full wp-image-17219\" src=\"https:\/\/saloni.pl\/wp-content\/uploads\/2023\/01\/IDEA_PNJ_cechy-0.jpg\" alt=\"\" width=\"300\" height=\"442\" srcset=\"https:\/\/saloni.pl\/wp-content\/uploads\/2023\/01\/IDEA_PNJ_cechy-0.jpg 300w, https:\/\/saloni.pl\/wp-content\/uploads\/2023\/01\/IDEA_PNJ_cechy-0-204x300.jpg 204w\" sizes=\"auto, (max-width: 300px) 100vw, 300px\" \/><\/p>\n<p><img loading=\"lazy\" decoding=\"async\" class=\"alignnone size-full wp-image-17213\" src=\"https:\/\/saloni.pl\/wp-content\/uploads\/2023\/01\/IDEA_PNJ_cechy-1.jpg\" alt=\"\" width=\"579\" height=\"542\" srcset=\"https:\/\/saloni.pl\/wp-content\/uploads\/2023\/01\/IDEA_PNJ_cechy-1.jpg 579w, https:\/\/saloni.pl\/wp-content\/uploads\/2023\/01\/IDEA_PNJ_cechy-1-300x281.jpg 300w\" sizes=\"auto, (max-width: 579px) 100vw, 579px\" \/><\/p>\n<p><img loading=\"lazy\" decoding=\"async\" class=\"alignnone size-full wp-image-17214\" src=\"https:\/\/saloni.pl\/wp-content\/uploads\/2023\/01\/IDEA_PNJ_cechy-2.jpg\" alt=\"\" width=\"544\" height=\"571\" srcset=\"https:\/\/saloni.pl\/wp-content\/uploads\/2023\/01\/IDEA_PNJ_cechy-2.jpg 544w, https:\/\/saloni.pl\/wp-content\/uploads\/2023\/01\/IDEA_PNJ_cechy-2-286x300.jpg 286w, https:\/\/saloni.pl\/wp-content\/uploads\/2023\/01\/IDEA_PNJ_cechy-2-300x315.jpg 300w\" sizes=\"auto, (max-width: 544px) 100vw, 544px\" \/><\/p>\n<p><img loading=\"lazy\" decoding=\"async\" class=\"alignnone size-full wp-image-17216\" src=\"https:\/\/saloni.pl\/wp-content\/uploads\/2023\/01\/IDEA_PNJ_rys-techniczny.jpg\" alt=\"\" width=\"618\" height=\"740\" srcset=\"https:\/\/saloni.pl\/wp-content\/uploads\/2023\/01\/IDEA_PNJ_rys-techniczny.jpg 618w, https:\/\/saloni.pl\/wp-content\/uploads\/2023\/01\/IDEA_PNJ_rys-techniczny-251x300.jpg 251w, https:\/\/saloni.pl\/wp-content\/uploads\/2023\/01\/IDEA_PNJ_rys-techniczny-300x359.jpg 300w, https:\/\/saloni.pl\/wp-content\/uploads\/2023\/01\/IDEA_PNJ_rys-techniczny-600x718.jpg 600w\" sizes=\"auto, (max-width: 618px) 100vw, 618px\" \/><\/p>\n<p>&nbsp;<\/p>\n<\/div>\n","protected":false},"excerpt":{"rendered":"<p>Parawan Idea PNJ II 70 cm, wersja chrom, szk\u0142o przejrzyste z pow\u0142ok\u0105 Easy Clean Parawan dost\u0119pny w wielu wymiarach, nie znalaz\u0142e\u015b wymiaru kt\u00f3rego szukasz? Zadzwo\u0144 do nas lub napisz, przedstawimy ci najlepsz\u0105 ofert\u0119. Parawany z serii Idea zosta\u0142y stworzone z my\u015bl\u0105 o najnowszych trendach w projektowaniu \u0142azienek. Wszystkie modele wykonane s\u0105 z dba\u0142o\u015bci\u0105 o najdrobniejsze [&hellip;]<\/p>\n","protected":false},"featured_media":17215,"comment_status":"closed","ping_status":"closed","template":"","meta":[],"product_brand":[],"product_cat":[113,24],"product_tag":[425,444,443],"berocket_brand":[123],"class_list":{"0":"post-17220","1":"product","2":"type-product","3":"status-publish","4":"has-post-thumbnail","6":"product_cat-jednoczesciowe","7":"product_cat-parawany-nawannowe","8":"product_tag-chrom","9":"product_tag-idea-pnj-ii","10":"product_tag-parawan","11":"berocket_brand-radaway","13":"first","14":"instock","15":"sale","16":"shipping-taxable","17":"purchasable","18":"product-type-simple"},"_links":{"self":[{"href":"https:\/\/saloni.pl\/index.php\/wp-json\/wp\/v2\/product\/17220","targetHints":{"allow":["GET"]}}],"collection":[{"href":"https:\/\/saloni.pl\/index.php\/wp-json\/wp\/v2\/product"}],"about":[{"href":"https:\/\/saloni.pl\/index.php\/wp-json\/wp\/v2\/types\/product"}],"replies":[{"embeddable":true,"href":"https:\/\/saloni.pl\/index.php\/wp-json\/wp\/v2\/comments?post=17220"}],"wp:featuredmedia":[{"embeddable":true,"href":"https:\/\/saloni.pl\/index.php\/wp-json\/wp\/v2\/media\/17215"}],"wp:attachment":[{"href":"https:\/\/saloni.pl\/index.php\/wp-json\/wp\/v2\/media?parent=17220"}],"wp:term":[{"taxonomy":"product_brand","embeddable":true,"href":"https:\/\/saloni.pl\/index.php\/wp-json\/wp\/v2\/product_brand?post=17220"},{"taxonomy":"product_cat","embeddable":true,"href":"https:\/\/saloni.pl\/index.php\/wp-json\/wp\/v2\/product_cat?post=17220"},{"taxonomy":"product_tag","embeddable":true,"href":"https:\/\/saloni.pl\/index.php\/wp-json\/wp\/v2\/product_tag?post=17220"},{"taxonomy":"berocket_brand","embeddable":true,"href":"https:\/\/saloni.pl\/index.php\/wp-json\/wp\/v2\/berocket_brand?post=17220"}],"curies":[{"name":"wp","href":"https:\/\/api.w.org\/{rel}","templated":true}]}}