{"id":17188,"date":"2022-12-30T18:09:32","date_gmt":"2022-12-30T17:09:32","guid":{"rendered":"https:\/\/saloni.pl\/?post_type=product&#038;p=17188"},"modified":"2022-12-30T18:10:28","modified_gmt":"2022-12-30T17:10:28","slug":"drzwi-wnekowe-carena-dwj-120-lewe","status":"publish","type":"product","link":"https:\/\/saloni.pl\/index.php\/produkt\/drzwi-wnekowe-carena-dwj-120-lewe\/","title":{"rendered":"Drzwi wn\u0119kowe Carena DWJ 120 lewe"},"content":{"rendered":"<h5><span style=\"color: #000000;\">Drzwi prysznicowe Carena DWJ 120 cm z pojedynczymi drzwiami otwieranymi do \u015brodka, wersja chrom, szk\u0142o przejrzyste z pow\u0142ok\u0105 Easy Clean<\/span><\/h5>\n<h5><\/h5>\n<h5><strong>Drzwi dost\u0119pne w wielu wymiarach, nie znalaz\u0142e\u015b wymiaru kt\u00f3rego szukasz?<\/strong><\/h5>\n<div class=\"option-content\">\n<p><strong>Zadzwo\u0144 do nas lub napisz, przedstawimy ci najlepsz\u0105 ofert\u0119.<\/strong><\/p>\n<p>Kabiny z serii <strong>Carena<\/strong> zosta\u0142y zaprojektowane tak, aby codzienne u\u017cytkowanie \u0142azienki by\u0142o komfortowe, sprawne i efektywne. Kabiny prysznicowe <strong>Carena<\/strong> to rozwi\u0105zanie dla os\u00f3b, kt\u00f3re ceni\u0105 zar\u00f3wno funkcjonalno\u015b\u0107 jak i estetyk\u0119 \u0142azienkowych rozwi\u0105za\u0144.<\/p>\n<p><img loading=\"lazy\" decoding=\"async\" class=\"alignnone size-full wp-image-17187\" src=\"https:\/\/saloni.pl\/wp-content\/uploads\/2022\/12\/2.jpg\" alt=\"\" width=\"300\" height=\"572\" srcset=\"https:\/\/saloni.pl\/wp-content\/uploads\/2022\/12\/2.jpg 300w, https:\/\/saloni.pl\/wp-content\/uploads\/2022\/12\/2-157x300.jpg 157w\" sizes=\"auto, (max-width: 300px) 100vw, 300px\" \/><\/p>\n<p><img loading=\"lazy\" decoding=\"async\" class=\"alignnone size-full wp-image-17173\" src=\"https:\/\/saloni.pl\/wp-content\/uploads\/2022\/12\/CARENA-DWJ-CECHY-2.jpg\" alt=\"\" width=\"522\" height=\"576\" srcset=\"https:\/\/saloni.pl\/wp-content\/uploads\/2022\/12\/CARENA-DWJ-CECHY-2.jpg 522w, https:\/\/saloni.pl\/wp-content\/uploads\/2022\/12\/CARENA-DWJ-CECHY-2-272x300.jpg 272w, https:\/\/saloni.pl\/wp-content\/uploads\/2022\/12\/CARENA-DWJ-CECHY-2-300x331.jpg 300w\" sizes=\"auto, (max-width: 522px) 100vw, 522px\" \/><\/p>\n<p><img loading=\"lazy\" decoding=\"async\" class=\"alignnone size-full wp-image-17174\" src=\"https:\/\/saloni.pl\/wp-content\/uploads\/2022\/12\/CARENA-DWJ-CECHY-3.jpg\" alt=\"\" width=\"578\" height=\"472\" srcset=\"https:\/\/saloni.pl\/wp-content\/uploads\/2022\/12\/CARENA-DWJ-CECHY-3.jpg 578w, https:\/\/saloni.pl\/wp-content\/uploads\/2022\/12\/CARENA-DWJ-CECHY-3-300x245.jpg 300w\" sizes=\"auto, (max-width: 578px) 100vw, 578px\" \/><\/p>\n<p><img loading=\"lazy\" decoding=\"async\" class=\"alignnone size-full wp-image-17175\" src=\"https:\/\/saloni.pl\/wp-content\/uploads\/2022\/12\/CARENA-DWJ-CECHY-4.jpg\" alt=\"\" width=\"557\" height=\"553\" srcset=\"https:\/\/saloni.pl\/wp-content\/uploads\/2022\/12\/CARENA-DWJ-CECHY-4.jpg 557w, https:\/\/saloni.pl\/wp-content\/uploads\/2022\/12\/CARENA-DWJ-CECHY-4-300x298.jpg 300w, https:\/\/saloni.pl\/wp-content\/uploads\/2022\/12\/CARENA-DWJ-CECHY-4-150x150.jpg 150w, https:\/\/saloni.pl\/wp-content\/uploads\/2022\/12\/CARENA-DWJ-CECHY-4-100x100.jpg 100w, https:\/\/saloni.pl\/wp-content\/uploads\/2022\/12\/CARENA-DWJ-CECHY-4-50x50.jpg 50w\" sizes=\"auto, (max-width: 557px) 100vw, 557px\" \/><\/p>\n<p><img loading=\"lazy\" decoding=\"async\" class=\"alignnone size-full wp-image-17179\" src=\"https:\/\/saloni.pl\/wp-content\/uploads\/2022\/12\/CARENA-DWJ-RYS-TECHN.jpg\" alt=\"\" width=\"667\" height=\"703\" srcset=\"https:\/\/saloni.pl\/wp-content\/uploads\/2022\/12\/CARENA-DWJ-RYS-TECHN.jpg 667w, https:\/\/saloni.pl\/wp-content\/uploads\/2022\/12\/CARENA-DWJ-RYS-TECHN-285x300.jpg 285w, https:\/\/saloni.pl\/wp-content\/uploads\/2022\/12\/CARENA-DWJ-RYS-TECHN-300x316.jpg 300w, https:\/\/saloni.pl\/wp-content\/uploads\/2022\/12\/CARENA-DWJ-RYS-TECHN-600x632.jpg 600w\" sizes=\"auto, (max-width: 667px) 100vw, 667px\" \/><\/p>\n<p>&nbsp;<\/p>\n<\/div>\n","protected":false},"excerpt":{"rendered":"<p>Drzwi prysznicowe Carena DWJ 120 cm z pojedynczymi drzwiami otwieranymi do \u015brodka, wersja chrom, szk\u0142o przejrzyste z pow\u0142ok\u0105 Easy Clean Drzwi dost\u0119pne w wielu wymiarach, nie znalaz\u0142e\u015b wymiaru kt\u00f3rego szukasz? Zadzwo\u0144 do nas lub napisz, przedstawimy ci najlepsz\u0105 ofert\u0119. Kabiny z serii Carena zosta\u0142y zaprojektowane tak, aby codzienne u\u017cytkowanie \u0142azienki by\u0142o komfortowe, sprawne i efektywne. [&hellip;]<\/p>\n","protected":false},"featured_media":17177,"comment_status":"closed","ping_status":"closed","template":"","meta":[],"product_brand":[],"product_cat":[367,108,20],"product_tag":[440,425,441],"berocket_brand":[123],"class_list":{"0":"post-17188","1":"product","2":"type-product","3":"status-publish","4":"has-post-thumbnail","6":"product_cat-chrom-do-wewnatrz","7":"product_cat-do-wewnatrz","8":"product_cat-drzwi-wnekowe","9":"product_tag-carena-dwj","10":"product_tag-chrom","11":"product_tag-otwierane-do-srodka","12":"berocket_brand-radaway","14":"first","15":"instock","16":"sale","17":"shipping-taxable","18":"purchasable","19":"product-type-simple"},"_links":{"self":[{"href":"https:\/\/saloni.pl\/index.php\/wp-json\/wp\/v2\/product\/17188","targetHints":{"allow":["GET"]}}],"collection":[{"href":"https:\/\/saloni.pl\/index.php\/wp-json\/wp\/v2\/product"}],"about":[{"href":"https:\/\/saloni.pl\/index.php\/wp-json\/wp\/v2\/types\/product"}],"replies":[{"embeddable":true,"href":"https:\/\/saloni.pl\/index.php\/wp-json\/wp\/v2\/comments?post=17188"}],"wp:featuredmedia":[{"embeddable":true,"href":"https:\/\/saloni.pl\/index.php\/wp-json\/wp\/v2\/media\/17177"}],"wp:attachment":[{"href":"https:\/\/saloni.pl\/index.php\/wp-json\/wp\/v2\/media?parent=17188"}],"wp:term":[{"taxonomy":"product_brand","embeddable":true,"href":"https:\/\/saloni.pl\/index.php\/wp-json\/wp\/v2\/product_brand?post=17188"},{"taxonomy":"product_cat","embeddable":true,"href":"https:\/\/saloni.pl\/index.php\/wp-json\/wp\/v2\/product_cat?post=17188"},{"taxonomy":"product_tag","embeddable":true,"href":"https:\/\/saloni.pl\/index.php\/wp-json\/wp\/v2\/product_tag?post=17188"},{"taxonomy":"berocket_brand","embeddable":true,"href":"https:\/\/saloni.pl\/index.php\/wp-json\/wp\/v2\/berocket_brand?post=17188"}],"curies":[{"name":"wp","href":"https:\/\/api.w.org\/{rel}","templated":true}]}}