{"id":17152,"date":"2022-12-21T16:36:59","date_gmt":"2022-12-21T15:36:59","guid":{"rendered":"https:\/\/saloni.pl\/?post_type=product&#038;p=17152"},"modified":"2022-12-21T16:38:18","modified_gmt":"2022-12-21T15:38:18","slug":"kabina-premium-plus-a-1900-90x90","status":"publish","type":"product","link":"https:\/\/saloni.pl\/index.php\/produkt\/kabina-premium-plus-a-1900-90x90\/","title":{"rendered":"Kabina Premium Plus A 1900 90x90"},"content":{"rendered":"<h5><span style=\"color: #000000;\">Kabina prysznicowa Premium Plus A 1900 90x90 z podw\u00f3jnymi drzwiami przesuwnymi, szk\u0142o przejrzyste z pow\u0142ok\u0105 Easy Clean<\/span><\/h5>\n<div class=\"option-content\">\n<p><strong>Kabina dost\u0119pna w wielu wymiarach, nie znalaz\u0142e\u015b wymiaru kt\u00f3rego szukasz?<\/strong><\/p>\n<p><strong>Zadzwo\u0144 do nas lub napisz, przedstawimy ci najlepsz\u0105 ofert\u0119.<\/strong><\/p>\n<\/div>\n<p><strong>Seria Premium Plus <\/strong>to seria kabin o klasycznej formie, posiadaj\u0105cych funkcjonalne i estetyczne rozwi\u0105zania techniczne. Kabiny te, b\u0119d\u0105ce od wielu lat w ofercie firmy Radaway, niezmiennie ciesz\u0105 si\u0119 uznaniem Klient\u00f3w. Ponadczasowy minimalizm i wysoka praktyczno\u015b\u0107 to podstawowe cechy kabin z tej serii.<\/p>\n<p><img loading=\"lazy\" decoding=\"async\" class=\"alignnone size-full wp-image-17147\" src=\"https:\/\/saloni.pl\/wp-content\/uploads\/2022\/12\/Premium-Plus-cechy.jpg\" alt=\"\" width=\"300\" height=\"442\" srcset=\"https:\/\/saloni.pl\/wp-content\/uploads\/2022\/12\/Premium-Plus-cechy.jpg 300w, https:\/\/saloni.pl\/wp-content\/uploads\/2022\/12\/Premium-Plus-cechy-204x300.jpg 204w\" sizes=\"auto, (max-width: 300px) 100vw, 300px\" \/><\/p>\n<p><img loading=\"lazy\" decoding=\"async\" class=\"alignnone size-full wp-image-17144\" src=\"https:\/\/saloni.pl\/wp-content\/uploads\/2022\/12\/Premium-Plus-cechy-1.jpg\" alt=\"\" width=\"476\" height=\"444\" srcset=\"https:\/\/saloni.pl\/wp-content\/uploads\/2022\/12\/Premium-Plus-cechy-1.jpg 476w, https:\/\/saloni.pl\/wp-content\/uploads\/2022\/12\/Premium-Plus-cechy-1-300x280.jpg 300w\" sizes=\"auto, (max-width: 476px) 100vw, 476px\" \/><\/p>\n<p><img loading=\"lazy\" decoding=\"async\" class=\"alignnone size-full wp-image-17145\" src=\"https:\/\/saloni.pl\/wp-content\/uploads\/2022\/12\/Premium-Plus-cechy-2.jpg\" alt=\"\" width=\"523\" height=\"558\" srcset=\"https:\/\/saloni.pl\/wp-content\/uploads\/2022\/12\/Premium-Plus-cechy-2.jpg 523w, https:\/\/saloni.pl\/wp-content\/uploads\/2022\/12\/Premium-Plus-cechy-2-281x300.jpg 281w, https:\/\/saloni.pl\/wp-content\/uploads\/2022\/12\/Premium-Plus-cechy-2-300x320.jpg 300w\" sizes=\"auto, (max-width: 523px) 100vw, 523px\" \/><\/p>\n<p><img loading=\"lazy\" decoding=\"async\" class=\"alignnone size-full wp-image-17146\" src=\"https:\/\/saloni.pl\/wp-content\/uploads\/2022\/12\/Premium-Plus-cechy-3.jpg\" alt=\"\" width=\"527\" height=\"305\" srcset=\"https:\/\/saloni.pl\/wp-content\/uploads\/2022\/12\/Premium-Plus-cechy-3.jpg 527w, https:\/\/saloni.pl\/wp-content\/uploads\/2022\/12\/Premium-Plus-cechy-3-300x174.jpg 300w\" sizes=\"auto, (max-width: 527px) 100vw, 527px\" \/><\/p>\n<p><img loading=\"lazy\" decoding=\"async\" class=\"alignnone size-full wp-image-17148\" src=\"https:\/\/saloni.pl\/wp-content\/uploads\/2022\/12\/Premium-Plus-rys-techn.jpg\" alt=\"\" width=\"520\" height=\"579\" srcset=\"https:\/\/saloni.pl\/wp-content\/uploads\/2022\/12\/Premium-Plus-rys-techn.jpg 520w, https:\/\/saloni.pl\/wp-content\/uploads\/2022\/12\/Premium-Plus-rys-techn-269x300.jpg 269w, https:\/\/saloni.pl\/wp-content\/uploads\/2022\/12\/Premium-Plus-rys-techn-300x334.jpg 300w\" sizes=\"auto, (max-width: 520px) 100vw, 520px\" \/><\/p>\n<p>&nbsp;<\/p>\n<p>&nbsp;<\/p>\n","protected":false},"excerpt":{"rendered":"<p>Kabina prysznicowa Premium Plus A 1900 90x90 z podw\u00f3jnymi drzwiami przesuwnymi, szk\u0142o przejrzyste z pow\u0142ok\u0105 Easy Clean Kabina dost\u0119pna w wielu wymiarach, nie znalaz\u0142e\u015b wymiaru kt\u00f3rego szukasz? Zadzwo\u0144 do nas lub napisz, przedstawimy ci najlepsz\u0105 ofert\u0119. Seria Premium Plus to seria kabin o klasycznej formie, posiadaj\u0105cych funkcjonalne i estetyczne rozwi\u0105zania techniczne. Kabiny te, b\u0119d\u0105ce od [&hellip;]<\/p>\n","protected":false},"featured_media":17149,"comment_status":"closed","ping_status":"closed","template":"","meta":[],"product_brand":[],"product_cat":[195,16,102,280],"product_tag":[145,424,405,390],"berocket_brand":[123],"class_list":{"0":"post-17152","1":"product","2":"type-product","3":"status-publish","4":"has-post-thumbnail","6":"product_cat-chrom-polokragle","7":"product_cat-kabiny-prysznicowe","8":"product_cat-polokragle","9":"product_cat-przesuwne-chrom-polokragle","10":"product_tag-kabina-prysznicowa","11":"product_tag-polokragla","12":"product_tag-przesuwna","13":"product_tag-radaway","14":"berocket_brand-radaway","16":"first","17":"instock","18":"sale","19":"shipping-taxable","20":"purchasable","21":"product-type-simple"},"_links":{"self":[{"href":"https:\/\/saloni.pl\/index.php\/wp-json\/wp\/v2\/product\/17152","targetHints":{"allow":["GET"]}}],"collection":[{"href":"https:\/\/saloni.pl\/index.php\/wp-json\/wp\/v2\/product"}],"about":[{"href":"https:\/\/saloni.pl\/index.php\/wp-json\/wp\/v2\/types\/product"}],"replies":[{"embeddable":true,"href":"https:\/\/saloni.pl\/index.php\/wp-json\/wp\/v2\/comments?post=17152"}],"wp:featuredmedia":[{"embeddable":true,"href":"https:\/\/saloni.pl\/index.php\/wp-json\/wp\/v2\/media\/17149"}],"wp:attachment":[{"href":"https:\/\/saloni.pl\/index.php\/wp-json\/wp\/v2\/media?parent=17152"}],"wp:term":[{"taxonomy":"product_brand","embeddable":true,"href":"https:\/\/saloni.pl\/index.php\/wp-json\/wp\/v2\/product_brand?post=17152"},{"taxonomy":"product_cat","embeddable":true,"href":"https:\/\/saloni.pl\/index.php\/wp-json\/wp\/v2\/product_cat?post=17152"},{"taxonomy":"product_tag","embeddable":true,"href":"https:\/\/saloni.pl\/index.php\/wp-json\/wp\/v2\/product_tag?post=17152"},{"taxonomy":"berocket_brand","embeddable":true,"href":"https:\/\/saloni.pl\/index.php\/wp-json\/wp\/v2\/berocket_brand?post=17152"}],"curies":[{"name":"wp","href":"https:\/\/api.w.org\/{rel}","templated":true}]}}