{"id":17114,"date":"2022-12-21T13:34:25","date_gmt":"2022-12-21T12:34:25","guid":{"rendered":"https:\/\/saloni.pl\/?post_type=product&#038;p=17114"},"modified":"2022-12-21T13:42:50","modified_gmt":"2022-12-21T12:42:50","slug":"kabina-walk-in-modo-new-ii-140","status":"publish","type":"product","link":"https:\/\/saloni.pl\/index.php\/produkt\/kabina-walk-in-modo-new-ii-140\/","title":{"rendered":"Kabina Walk-in Modo New II 140"},"content":{"rendered":"<h5><span style=\"color: #000000;\">Kabina Walk-in Modo New II 140 cm, wersja chrom, szk\u0142o przejrzyste z pow\u0142ok\u0105 Easy Clean<\/span><\/h5>\n<h5><\/h5>\n<h5><strong>Kabina dost\u0119pna w wielu wymiarach, nie znalaz\u0142e\u015b wymiaru kt\u00f3rego szukasz?<\/strong><\/h5>\n<div class=\"option-content\">\n<p><strong>Zadzwo\u0144 do nas lub napisz, przedstawimy ci najlepsz\u0105 ofert\u0119.<\/strong><\/p>\n<p>Kabiny typu Walk-in to nowa jako\u015b\u0107 w naszych \u0142azienkach, kt\u00f3ra ka\u017cd\u0105 zmieni w modne, designerskie pomieszczenie z klas\u0105! Rozwi\u0105zanie to cieszy si\u0119 w ostatnim czasie coraz wi\u0119ksz\u0105 popularno\u015bci\u0105. System polega na wydzieleniu przestrzeni taflami bezpiecznego szk\u0142a i wspornik\u00f3w. Kabiny najpi\u0119kniej wygl\u0105daj\u0105 zamontowane bezpo\u015brednio na pod\u0142odze.<\/p>\n<p><img loading=\"lazy\" decoding=\"async\" class=\"alignnone size-full wp-image-17105\" src=\"https:\/\/saloni.pl\/wp-content\/uploads\/2022\/12\/MODE-CECHY-3.jpg\" alt=\"\" width=\"350\" height=\"601\" srcset=\"https:\/\/saloni.pl\/wp-content\/uploads\/2022\/12\/MODE-CECHY-3.jpg 350w, https:\/\/saloni.pl\/wp-content\/uploads\/2022\/12\/MODE-CECHY-3-175x300.jpg 175w, https:\/\/saloni.pl\/wp-content\/uploads\/2022\/12\/MODE-CECHY-3-300x515.jpg 300w\" sizes=\"auto, (max-width: 350px) 100vw, 350px\" \/><\/p>\n<p><img loading=\"lazy\" decoding=\"async\" class=\"alignnone size-full wp-image-17103\" src=\"https:\/\/saloni.pl\/wp-content\/uploads\/2022\/12\/MODE-CECHY-1.jpg\" alt=\"\" width=\"600\" height=\"688\" srcset=\"https:\/\/saloni.pl\/wp-content\/uploads\/2022\/12\/MODE-CECHY-1.jpg 600w, https:\/\/saloni.pl\/wp-content\/uploads\/2022\/12\/MODE-CECHY-1-262x300.jpg 262w, https:\/\/saloni.pl\/wp-content\/uploads\/2022\/12\/MODE-CECHY-1-300x344.jpg 300w\" sizes=\"auto, (max-width: 600px) 100vw, 600px\" \/><\/p>\n<p><img loading=\"lazy\" decoding=\"async\" class=\"alignnone size-full wp-image-17115\" src=\"https:\/\/saloni.pl\/wp-content\/uploads\/2022\/12\/MODE-CECHY-4.jpg\" alt=\"\" width=\"600\" height=\"485\" srcset=\"https:\/\/saloni.pl\/wp-content\/uploads\/2022\/12\/MODE-CECHY-4.jpg 600w, https:\/\/saloni.pl\/wp-content\/uploads\/2022\/12\/MODE-CECHY-4-300x243.jpg 300w\" sizes=\"auto, (max-width: 600px) 100vw, 600px\" \/><\/p>\n<p><img loading=\"lazy\" decoding=\"async\" class=\"alignnone size-full wp-image-17104\" src=\"https:\/\/saloni.pl\/wp-content\/uploads\/2022\/12\/MODE-CECHY-2.jpg\" alt=\"\" width=\"600\" height=\"150\" srcset=\"https:\/\/saloni.pl\/wp-content\/uploads\/2022\/12\/MODE-CECHY-2.jpg 600w, https:\/\/saloni.pl\/wp-content\/uploads\/2022\/12\/MODE-CECHY-2-300x75.jpg 300w\" sizes=\"auto, (max-width: 600px) 100vw, 600px\" \/><\/p>\n<p><img loading=\"lazy\" decoding=\"async\" class=\"alignnone size-full wp-image-17106\" src=\"https:\/\/saloni.pl\/wp-content\/uploads\/2022\/12\/MODO-NEW-RYS-TECHN.jpg\" alt=\"\" width=\"600\" height=\"700\" srcset=\"https:\/\/saloni.pl\/wp-content\/uploads\/2022\/12\/MODO-NEW-RYS-TECHN.jpg 600w, https:\/\/saloni.pl\/wp-content\/uploads\/2022\/12\/MODO-NEW-RYS-TECHN-257x300.jpg 257w, https:\/\/saloni.pl\/wp-content\/uploads\/2022\/12\/MODO-NEW-RYS-TECHN-300x350.jpg 300w\" sizes=\"auto, (max-width: 600px) 100vw, 600px\" \/><\/p>\n<p>&nbsp;<\/p>\n<\/div>\n","protected":false},"excerpt":{"rendered":"<p>Kabina Walk-in Modo New II 140 cm, wersja chrom, szk\u0142o przejrzyste z pow\u0142ok\u0105 Easy Clean Kabina dost\u0119pna w wielu wymiarach, nie znalaz\u0142e\u015b wymiaru kt\u00f3rego szukasz? Zadzwo\u0144 do nas lub napisz, przedstawimy ci najlepsz\u0105 ofert\u0119. Kabiny typu Walk-in to nowa jako\u015b\u0107 w naszych \u0142azienkach, kt\u00f3ra ka\u017cd\u0105 zmieni w modne, designerskie pomieszczenie z klas\u0105! Rozwi\u0105zanie to cieszy [&hellip;]<\/p>\n","protected":false},"featured_media":17108,"comment_status":"closed","ping_status":"closed","template":"","meta":[],"product_brand":[],"product_cat":[219,133],"product_tag":[425,434,433],"berocket_brand":[123],"class_list":{"0":"post-17114","1":"product","2":"type-product","3":"status-publish","4":"has-post-thumbnail","6":"product_cat-chrom-walk-in-jednoczesiowe","7":"product_cat-walk-in-jednoczesiowe","8":"product_tag-chrom","9":"product_tag-modo-ii","10":"product_tag-walk-in","11":"berocket_brand-radaway","13":"first","14":"instock","15":"sale","16":"shipping-taxable","17":"purchasable","18":"product-type-simple"},"_links":{"self":[{"href":"https:\/\/saloni.pl\/index.php\/wp-json\/wp\/v2\/product\/17114","targetHints":{"allow":["GET"]}}],"collection":[{"href":"https:\/\/saloni.pl\/index.php\/wp-json\/wp\/v2\/product"}],"about":[{"href":"https:\/\/saloni.pl\/index.php\/wp-json\/wp\/v2\/types\/product"}],"replies":[{"embeddable":true,"href":"https:\/\/saloni.pl\/index.php\/wp-json\/wp\/v2\/comments?post=17114"}],"wp:featuredmedia":[{"embeddable":true,"href":"https:\/\/saloni.pl\/index.php\/wp-json\/wp\/v2\/media\/17108"}],"wp:attachment":[{"href":"https:\/\/saloni.pl\/index.php\/wp-json\/wp\/v2\/media?parent=17114"}],"wp:term":[{"taxonomy":"product_brand","embeddable":true,"href":"https:\/\/saloni.pl\/index.php\/wp-json\/wp\/v2\/product_brand?post=17114"},{"taxonomy":"product_cat","embeddable":true,"href":"https:\/\/saloni.pl\/index.php\/wp-json\/wp\/v2\/product_cat?post=17114"},{"taxonomy":"product_tag","embeddable":true,"href":"https:\/\/saloni.pl\/index.php\/wp-json\/wp\/v2\/product_tag?post=17114"},{"taxonomy":"berocket_brand","embeddable":true,"href":"https:\/\/saloni.pl\/index.php\/wp-json\/wp\/v2\/berocket_brand?post=17114"}],"curies":[{"name":"wp","href":"https:\/\/api.w.org\/{rel}","templated":true}]}}