{"id":17023,"date":"2022-12-13T16:37:23","date_gmt":"2022-12-13T15:37:23","guid":{"rendered":"https:\/\/saloni.pl\/?post_type=product&#038;p=17023"},"modified":"2022-12-13T16:38:28","modified_gmt":"2022-12-13T15:38:28","slug":"drzwi-wnekowe-idea-dwj-130-lewe","status":"publish","type":"product","link":"https:\/\/saloni.pl\/index.php\/produkt\/drzwi-wnekowe-idea-dwj-130-lewe\/","title":{"rendered":"Drzwi wn\u0119kowe Idea DWJ 130 lewe"},"content":{"rendered":"<h5><span style=\"color: #000000;\">Drzwi prysznicowe Idea DWJ 130 cm z pojedynczymi drzwiami przesuwnymi, wersja chrom, szk\u0142o przejrzyste z pow\u0142ok\u0105 Easy Clean<\/span><\/h5>\n<h5><\/h5>\n<h5><strong>Drzwi dost\u0119pne w wielu wymiarach, nie znalaz\u0142e\u015b wymiaru kt\u00f3rego szukasz?<\/strong><\/h5>\n<div class=\"option-content\">\n<p><strong>Zadzwo\u0144 do nas lub napisz, przedstawimy ci najlepsz\u0105 ofert\u0119.<\/strong><\/p>\n<p>Drzwi Idea to wynik designerskiego po\u0142\u0105czenia szk\u0142a z eleganckimi chromowanymi detalami \u2013 doskonale sprawdz\u0105 si\u0119 we wn\u0119trzu o minimalistycznym stylu , ale r\u00f3wnie harmonijnie b\u0119d\u0105 wsp\u00f3\u0142gra\u0107 ze stylem klasycznym. S\u0105 to drzwi dla os\u00f3b ceni\u0105cych dobry design, kt\u00f3re preferuj\u0105 geometryczne formy sk\u0142adaj\u0105ce si\u0119 w proporcjonaln\u0105 ca\u0142o\u015b\u0107.<\/p>\n<p><img loading=\"lazy\" decoding=\"async\" class=\"alignnone size-full wp-image-17015\" src=\"https:\/\/saloni.pl\/wp-content\/uploads\/2022\/12\/IDEA_DWJ-CECHY-LEWE.jpg\" alt=\"\" width=\"300\" height=\"302\" srcset=\"https:\/\/saloni.pl\/wp-content\/uploads\/2022\/12\/IDEA_DWJ-CECHY-LEWE.jpg 300w, https:\/\/saloni.pl\/wp-content\/uploads\/2022\/12\/IDEA_DWJ-CECHY-LEWE-298x300.jpg 298w, https:\/\/saloni.pl\/wp-content\/uploads\/2022\/12\/IDEA_DWJ-CECHY-LEWE-150x150.jpg 150w, https:\/\/saloni.pl\/wp-content\/uploads\/2022\/12\/IDEA_DWJ-CECHY-LEWE-100x100.jpg 100w, https:\/\/saloni.pl\/wp-content\/uploads\/2022\/12\/IDEA_DWJ-CECHY-LEWE-50x50.jpg 50w\" sizes=\"auto, (max-width: 300px) 100vw, 300px\" \/><\/p>\n<p><img loading=\"lazy\" decoding=\"async\" class=\"alignnone size-full wp-image-11375\" src=\"https:\/\/saloni.pl\/wp-content\/uploads\/2022\/07\/IDEA-CECHY-2.jpg\" alt=\"\" width=\"704\" height=\"499\" srcset=\"https:\/\/saloni.pl\/wp-content\/uploads\/2022\/07\/IDEA-CECHY-2.jpg 704w, https:\/\/saloni.pl\/wp-content\/uploads\/2022\/07\/IDEA-CECHY-2-300x213.jpg 300w, https:\/\/saloni.pl\/wp-content\/uploads\/2022\/07\/IDEA-CECHY-2-600x425.jpg 600w\" sizes=\"auto, (max-width: 704px) 100vw, 704px\" \/><\/p>\n<p><img loading=\"lazy\" decoding=\"async\" class=\"alignnone size-full wp-image-11382\" src=\"https:\/\/saloni.pl\/wp-content\/uploads\/2022\/07\/IDEA-CECHY-31.jpg\" alt=\"\" width=\"706\" height=\"394\" srcset=\"https:\/\/saloni.pl\/wp-content\/uploads\/2022\/07\/IDEA-CECHY-31.jpg 706w, https:\/\/saloni.pl\/wp-content\/uploads\/2022\/07\/IDEA-CECHY-31-300x167.jpg 300w, https:\/\/saloni.pl\/wp-content\/uploads\/2022\/07\/IDEA-CECHY-31-600x335.jpg 600w\" sizes=\"auto, (max-width: 706px) 100vw, 706px\" \/><\/p>\n<p><img loading=\"lazy\" decoding=\"async\" class=\"alignnone size-full wp-image-11383\" src=\"https:\/\/saloni.pl\/wp-content\/uploads\/2022\/07\/IDEA-CECHY-41.jpg\" alt=\"\" width=\"715\" height=\"438\" srcset=\"https:\/\/saloni.pl\/wp-content\/uploads\/2022\/07\/IDEA-CECHY-41.jpg 715w, https:\/\/saloni.pl\/wp-content\/uploads\/2022\/07\/IDEA-CECHY-41-300x184.jpg 300w, https:\/\/saloni.pl\/wp-content\/uploads\/2022\/07\/IDEA-CECHY-41-600x368.jpg 600w\" sizes=\"auto, (max-width: 715px) 100vw, 715px\" \/><\/p>\n<p><img loading=\"lazy\" decoding=\"async\" class=\"alignnone size-full wp-image-17019\" src=\"https:\/\/saloni.pl\/wp-content\/uploads\/2022\/12\/IDEA_DWJ-RYS-TECHN.jpg\" alt=\"\" width=\"734\" height=\"718\" srcset=\"https:\/\/saloni.pl\/wp-content\/uploads\/2022\/12\/IDEA_DWJ-RYS-TECHN.jpg 734w, https:\/\/saloni.pl\/wp-content\/uploads\/2022\/12\/IDEA_DWJ-RYS-TECHN-300x293.jpg 300w, https:\/\/saloni.pl\/wp-content\/uploads\/2022\/12\/IDEA_DWJ-RYS-TECHN-600x587.jpg 600w, https:\/\/saloni.pl\/wp-content\/uploads\/2022\/12\/IDEA_DWJ-RYS-TECHN-50x50.jpg 50w\" sizes=\"auto, (max-width: 734px) 100vw, 734px\" \/><\/p>\n<p>&nbsp;<\/p>\n<\/div>\n","protected":false},"excerpt":{"rendered":"<p>Drzwi prysznicowe Idea DWJ 130 cm z pojedynczymi drzwiami przesuwnymi, wersja chrom, szk\u0142o przejrzyste z pow\u0142ok\u0105 Easy Clean Drzwi dost\u0119pne w wielu wymiarach, nie znalaz\u0142e\u015b wymiaru kt\u00f3rego szukasz? Zadzwo\u0144 do nas lub napisz, przedstawimy ci najlepsz\u0105 ofert\u0119. Drzwi Idea to wynik designerskiego po\u0142\u0105czenia szk\u0142a z eleganckimi chromowanymi detalami \u2013 doskonale sprawdz\u0105 si\u0119 we wn\u0119trzu o [&hellip;]<\/p>\n","protected":false},"featured_media":17017,"comment_status":"closed","ping_status":"closed","template":"","meta":[],"product_brand":[],"product_cat":[375,20,111],"product_tag":[425,428,429],"berocket_brand":[123],"class_list":{"0":"post-17023","1":"product","2":"type-product","3":"status-publish","4":"has-post-thumbnail","6":"product_cat-chrom-przesuwne","7":"product_cat-drzwi-wnekowe","8":"product_cat-przesuwne","9":"product_tag-chrom","10":"product_tag-idea-dwj","11":"product_tag-przesuwne","12":"berocket_brand-radaway","14":"first","15":"instock","16":"sale","17":"shipping-taxable","18":"purchasable","19":"product-type-simple"},"_links":{"self":[{"href":"https:\/\/saloni.pl\/index.php\/wp-json\/wp\/v2\/product\/17023","targetHints":{"allow":["GET"]}}],"collection":[{"href":"https:\/\/saloni.pl\/index.php\/wp-json\/wp\/v2\/product"}],"about":[{"href":"https:\/\/saloni.pl\/index.php\/wp-json\/wp\/v2\/types\/product"}],"replies":[{"embeddable":true,"href":"https:\/\/saloni.pl\/index.php\/wp-json\/wp\/v2\/comments?post=17023"}],"wp:featuredmedia":[{"embeddable":true,"href":"https:\/\/saloni.pl\/index.php\/wp-json\/wp\/v2\/media\/17017"}],"wp:attachment":[{"href":"https:\/\/saloni.pl\/index.php\/wp-json\/wp\/v2\/media?parent=17023"}],"wp:term":[{"taxonomy":"product_brand","embeddable":true,"href":"https:\/\/saloni.pl\/index.php\/wp-json\/wp\/v2\/product_brand?post=17023"},{"taxonomy":"product_cat","embeddable":true,"href":"https:\/\/saloni.pl\/index.php\/wp-json\/wp\/v2\/product_cat?post=17023"},{"taxonomy":"product_tag","embeddable":true,"href":"https:\/\/saloni.pl\/index.php\/wp-json\/wp\/v2\/product_tag?post=17023"},{"taxonomy":"berocket_brand","embeddable":true,"href":"https:\/\/saloni.pl\/index.php\/wp-json\/wp\/v2\/berocket_brand?post=17023"}],"curies":[{"name":"wp","href":"https:\/\/api.w.org\/{rel}","templated":true}]}}