{"id":16993,"date":"2022-12-07T18:21:46","date_gmt":"2022-12-07T17:21:46","guid":{"rendered":"https:\/\/saloni.pl\/?post_type=product&#038;p=16993"},"modified":"2022-12-07T18:23:10","modified_gmt":"2022-12-07T17:23:10","slug":"idea-black-kdd-90x90","status":"publish","type":"product","link":"https:\/\/saloni.pl\/index.php\/produkt\/idea-black-kdd-90x90\/","title":{"rendered":"Idea Black KDD 90x90"},"content":{"rendered":"<h5><span style=\"color: #000000;\">Kabina prysznicowa Idea Black KDD 90x90 z podw\u00f3jnymi drzwiami przesuwnymi, wersja black, szk\u0142o przejrzyste z pow\u0142ok\u0105 Easy Clean<\/span><\/h5>\n<h5><\/h5>\n<h5><strong>Kabina dost\u0119pna w wielu wymiarach, nie znalaz\u0142e\u015b wymiaru kt\u00f3rego szukasz?<\/strong><\/h5>\n<div class=\"option-content\">\n<p><strong>Zadzwo\u0144 do nas lub napisz, przedstawimy ci najlepsz\u0105 ofert\u0119.<\/strong><\/p>\n<p>Kabiny Idea to wynik designerskiego po\u0142\u0105czenia szk\u0142a z eleganckimi chromowanymi detalami \u2013 doskonale sprawdz\u0105 si\u0119 we wn\u0119trzu o minimalistycznym stylu , ale r\u00f3wnie harmonijnie b\u0119d\u0105 wsp\u00f3\u0142gra\u0107 ze stylem klasycznym. S\u0105 to kabiny dla os\u00f3b ceni\u0105cych dobry design, kt\u00f3re preferuj\u0105 geometryczne formy sk\u0142adaj\u0105ce si\u0119 w proporcjonaln\u0105 ca\u0142o\u015b\u0107.<\/p>\n<p>Kolor czarny \u015bwietnie prezentuje si\u0119 we wn\u0119trzach \u2013 szczeg\u00f3lnie takich, kt\u00f3re urz\u0105dzone s\u0105 w postindustrialnym, nowoczesnym lub loftowym duchu. Seria Idea Black to efektowne i wyszukane rozwi\u0105zania do ka\u017cdej \u0142azienki, kt\u00f3re przypadn\u0105 do gustu osobom lubi\u0105cym nietuzinkowe i awangardowe rozwi\u0105zania<\/p>\n<p><img loading=\"lazy\" decoding=\"async\" class=\"alignnone size-full wp-image-16976\" src=\"https:\/\/saloni.pl\/wp-content\/uploads\/2022\/12\/IDEA_KDD-CECHY.jpg\" alt=\"\" width=\"350\" height=\"333\" srcset=\"https:\/\/saloni.pl\/wp-content\/uploads\/2022\/12\/IDEA_KDD-CECHY.jpg 350w, https:\/\/saloni.pl\/wp-content\/uploads\/2022\/12\/IDEA_KDD-CECHY-300x285.jpg 300w\" sizes=\"auto, (max-width: 350px) 100vw, 350px\" \/><\/p>\n<p><img loading=\"lazy\" decoding=\"async\" class=\"alignnone size-full wp-image-11375\" src=\"https:\/\/saloni.pl\/wp-content\/uploads\/2022\/07\/IDEA-CECHY-2.jpg\" alt=\"\" width=\"704\" height=\"499\" srcset=\"https:\/\/saloni.pl\/wp-content\/uploads\/2022\/07\/IDEA-CECHY-2.jpg 704w, https:\/\/saloni.pl\/wp-content\/uploads\/2022\/07\/IDEA-CECHY-2-300x213.jpg 300w, https:\/\/saloni.pl\/wp-content\/uploads\/2022\/07\/IDEA-CECHY-2-600x425.jpg 600w\" sizes=\"auto, (max-width: 704px) 100vw, 704px\" \/><\/p>\n<p><img loading=\"lazy\" decoding=\"async\" class=\"alignnone size-full wp-image-11382\" src=\"https:\/\/saloni.pl\/wp-content\/uploads\/2022\/07\/IDEA-CECHY-31.jpg\" alt=\"\" width=\"706\" height=\"394\" srcset=\"https:\/\/saloni.pl\/wp-content\/uploads\/2022\/07\/IDEA-CECHY-31.jpg 706w, https:\/\/saloni.pl\/wp-content\/uploads\/2022\/07\/IDEA-CECHY-31-300x167.jpg 300w, https:\/\/saloni.pl\/wp-content\/uploads\/2022\/07\/IDEA-CECHY-31-600x335.jpg 600w\" sizes=\"auto, (max-width: 706px) 100vw, 706px\" \/><\/p>\n<p><img loading=\"lazy\" decoding=\"async\" class=\"alignnone size-full wp-image-16859\" src=\"https:\/\/saloni.pl\/wp-content\/uploads\/2022\/11\/FURO-CECHY-2.jpg\" alt=\"\" width=\"577\" height=\"267\" srcset=\"https:\/\/saloni.pl\/wp-content\/uploads\/2022\/11\/FURO-CECHY-2.jpg 577w, https:\/\/saloni.pl\/wp-content\/uploads\/2022\/11\/FURO-CECHY-2-300x139.jpg 300w\" sizes=\"auto, (max-width: 577px) 100vw, 577px\" \/><\/p>\n<p><img loading=\"lazy\" decoding=\"async\" class=\"alignnone size-full wp-image-16977\" src=\"https:\/\/saloni.pl\/wp-content\/uploads\/2022\/12\/IDEA_KDD-RYS-TECHN.jpg\" alt=\"\" width=\"600\" height=\"714\" srcset=\"https:\/\/saloni.pl\/wp-content\/uploads\/2022\/12\/IDEA_KDD-RYS-TECHN.jpg 600w, https:\/\/saloni.pl\/wp-content\/uploads\/2022\/12\/IDEA_KDD-RYS-TECHN-252x300.jpg 252w, https:\/\/saloni.pl\/wp-content\/uploads\/2022\/12\/IDEA_KDD-RYS-TECHN-300x357.jpg 300w\" sizes=\"auto, (max-width: 600px) 100vw, 600px\" \/><\/p>\n<p>&nbsp;<\/p>\n<\/div>\n","protected":false},"excerpt":{"rendered":"<p>Kabina prysznicowa Idea Black KDD 90x90 z podw\u00f3jnymi drzwiami przesuwnymi, wersja black, szk\u0142o przejrzyste z pow\u0142ok\u0105 Easy Clean Kabina dost\u0119pna w wielu wymiarach, nie znalaz\u0142e\u015b wymiaru kt\u00f3rego szukasz? Zadzwo\u0144 do nas lub napisz, przedstawimy ci najlepsz\u0105 ofert\u0119. Kabiny Idea to wynik designerskiego po\u0142\u0105czenia szk\u0142a z eleganckimi chromowanymi detalami \u2013 doskonale sprawdz\u0105 si\u0119 we wn\u0119trzu o [&hellip;]<\/p>\n","protected":false},"featured_media":16989,"comment_status":"closed","ping_status":"closed","template":"","meta":[],"product_brand":[],"product_cat":[188,16,101,239],"product_tag":[421,427,404,426,405],"berocket_brand":[123],"class_list":{"0":"post-16993","1":"product","2":"type-product","3":"status-publish","4":"has-post-thumbnail","6":"product_cat-black","7":"product_cat-kabiny-prysznicowe","8":"product_cat-kwadratowe","9":"product_cat-przesuwne-black","10":"product_tag-black","11":"product_tag-idea-kdd","12":"product_tag-kabina","13":"product_tag-kwadratowa","14":"product_tag-przesuwna","15":"berocket_brand-radaway","17":"first","18":"instock","19":"sale","20":"shipping-taxable","21":"purchasable","22":"product-type-simple"},"_links":{"self":[{"href":"https:\/\/saloni.pl\/index.php\/wp-json\/wp\/v2\/product\/16993","targetHints":{"allow":["GET"]}}],"collection":[{"href":"https:\/\/saloni.pl\/index.php\/wp-json\/wp\/v2\/product"}],"about":[{"href":"https:\/\/saloni.pl\/index.php\/wp-json\/wp\/v2\/types\/product"}],"replies":[{"embeddable":true,"href":"https:\/\/saloni.pl\/index.php\/wp-json\/wp\/v2\/comments?post=16993"}],"wp:featuredmedia":[{"embeddable":true,"href":"https:\/\/saloni.pl\/index.php\/wp-json\/wp\/v2\/media\/16989"}],"wp:attachment":[{"href":"https:\/\/saloni.pl\/index.php\/wp-json\/wp\/v2\/media?parent=16993"}],"wp:term":[{"taxonomy":"product_brand","embeddable":true,"href":"https:\/\/saloni.pl\/index.php\/wp-json\/wp\/v2\/product_brand?post=16993"},{"taxonomy":"product_cat","embeddable":true,"href":"https:\/\/saloni.pl\/index.php\/wp-json\/wp\/v2\/product_cat?post=16993"},{"taxonomy":"product_tag","embeddable":true,"href":"https:\/\/saloni.pl\/index.php\/wp-json\/wp\/v2\/product_tag?post=16993"},{"taxonomy":"berocket_brand","embeddable":true,"href":"https:\/\/saloni.pl\/index.php\/wp-json\/wp\/v2\/berocket_brand?post=16993"}],"curies":[{"name":"wp","href":"https:\/\/api.w.org\/{rel}","templated":true}]}}