{"id":16925,"date":"2022-12-07T13:17:51","date_gmt":"2022-12-07T12:17:51","guid":{"rendered":"https:\/\/saloni.pl\/?post_type=product&#038;p=16925"},"modified":"2022-12-07T13:18:58","modified_gmt":"2022-12-07T12:18:58","slug":"idea-kdj-120x80-prawa","status":"publish","type":"product","link":"https:\/\/saloni.pl\/index.php\/produkt\/idea-kdj-120x80-prawa\/","title":{"rendered":"Idea KDJ 120x80 prawa"},"content":{"rendered":"<h5><span style=\"color: #000000;\">Kabina prysznicowa Idea KDJ 120x80 z pojedynczymi drzwiami przesuwnymi, wersja chrom, szk\u0142o przejrzyste z pow\u0142ok\u0105 Easy Clean<\/span><\/h5>\n<h5><span style=\"color: #000000;\">Front z drzwiami 120 cm prawy, \u015bcianka sta\u0142a 80 cm<\/span><\/h5>\n<div class=\"option-content\">\n<p><strong>Kabina dost\u0119pna w wielu wymiarach, nie znalaz\u0142e\u015b wymiaru kt\u00f3rego szukasz?<\/strong><\/p>\n<p><strong>Zadzwo\u0144 do nas lub napisz, przedstawimy ci najlepsz\u0105 ofert\u0119.<\/strong><\/p>\n<p>Kabiny Idea to wynik designerskiego po\u0142\u0105czenia szk\u0142a z eleganckimi chromowanymi detalami \u2013 doskonale sprawdz\u0105 si\u0119 we wn\u0119trzu o minimalistycznym stylu , ale r\u00f3wnie harmonijnie b\u0119d\u0105 wsp\u00f3\u0142gra\u0107 ze stylem klasycznym. S\u0105 to kabiny dla os\u00f3b ceni\u0105cych dobry design, kt\u00f3re preferuj\u0105 geometryczne formy sk\u0142adaj\u0105ce si\u0119 w proporcjonaln\u0105 ca\u0142o\u015b\u0107.<\/p>\n<p><img loading=\"lazy\" decoding=\"async\" class=\"alignnone size-full wp-image-16917\" src=\"https:\/\/saloni.pl\/wp-content\/uploads\/2022\/12\/IDEA-KDJ-PRAWA-1.jpg\" alt=\"\" width=\"350\" height=\"290\" srcset=\"https:\/\/saloni.pl\/wp-content\/uploads\/2022\/12\/IDEA-KDJ-PRAWA-1.jpg 350w, https:\/\/saloni.pl\/wp-content\/uploads\/2022\/12\/IDEA-KDJ-PRAWA-1-300x249.jpg 300w\" sizes=\"auto, (max-width: 350px) 100vw, 350px\" \/><\/p>\n<p><img loading=\"lazy\" decoding=\"async\" class=\"alignnone size-full wp-image-11375\" src=\"https:\/\/saloni.pl\/wp-content\/uploads\/2022\/07\/IDEA-CECHY-2.jpg\" alt=\"\" width=\"704\" height=\"499\" srcset=\"https:\/\/saloni.pl\/wp-content\/uploads\/2022\/07\/IDEA-CECHY-2.jpg 704w, https:\/\/saloni.pl\/wp-content\/uploads\/2022\/07\/IDEA-CECHY-2-300x213.jpg 300w, https:\/\/saloni.pl\/wp-content\/uploads\/2022\/07\/IDEA-CECHY-2-600x425.jpg 600w\" sizes=\"auto, (max-width: 704px) 100vw, 704px\" \/><\/p>\n<p><img loading=\"lazy\" decoding=\"async\" class=\"alignnone size-full wp-image-11382\" src=\"https:\/\/saloni.pl\/wp-content\/uploads\/2022\/07\/IDEA-CECHY-31.jpg\" alt=\"\" width=\"706\" height=\"394\" srcset=\"https:\/\/saloni.pl\/wp-content\/uploads\/2022\/07\/IDEA-CECHY-31.jpg 706w, https:\/\/saloni.pl\/wp-content\/uploads\/2022\/07\/IDEA-CECHY-31-300x167.jpg 300w, https:\/\/saloni.pl\/wp-content\/uploads\/2022\/07\/IDEA-CECHY-31-600x335.jpg 600w\" sizes=\"auto, (max-width: 706px) 100vw, 706px\" \/><\/p>\n<p><img loading=\"lazy\" decoding=\"async\" class=\"alignnone size-full wp-image-11383\" src=\"https:\/\/saloni.pl\/wp-content\/uploads\/2022\/07\/IDEA-CECHY-41.jpg\" alt=\"\" width=\"715\" height=\"438\" srcset=\"https:\/\/saloni.pl\/wp-content\/uploads\/2022\/07\/IDEA-CECHY-41.jpg 715w, https:\/\/saloni.pl\/wp-content\/uploads\/2022\/07\/IDEA-CECHY-41-300x184.jpg 300w, https:\/\/saloni.pl\/wp-content\/uploads\/2022\/07\/IDEA-CECHY-41-600x368.jpg 600w\" sizes=\"auto, (max-width: 715px) 100vw, 715px\" \/><\/p>\n<p><img loading=\"lazy\" decoding=\"async\" class=\"alignnone size-full wp-image-11374\" src=\"https:\/\/saloni.pl\/wp-content\/uploads\/2022\/07\/IDEA-rysunek-techniczny.jpg\" alt=\"\" width=\"749\" height=\"658\" srcset=\"https:\/\/saloni.pl\/wp-content\/uploads\/2022\/07\/IDEA-rysunek-techniczny.jpg 749w, https:\/\/saloni.pl\/wp-content\/uploads\/2022\/07\/IDEA-rysunek-techniczny-300x264.jpg 300w, https:\/\/saloni.pl\/wp-content\/uploads\/2022\/07\/IDEA-rysunek-techniczny-600x527.jpg 600w\" sizes=\"auto, (max-width: 749px) 100vw, 749px\" \/><\/p>\n<p>&nbsp;<\/p>\n<\/div>\n","protected":false},"excerpt":{"rendered":"<p>Kabina prysznicowa Idea KDJ 120x80 z pojedynczymi drzwiami przesuwnymi, wersja chrom, szk\u0142o przejrzyste z pow\u0142ok\u0105 Easy Clean Front z drzwiami 120 cm prawy, \u015bcianka sta\u0142a 80 cm Kabina dost\u0119pna w wielu wymiarach, nie znalaz\u0142e\u015b wymiaru kt\u00f3rego szukasz? Zadzwo\u0144 do nas lub napisz, przedstawimy ci najlepsz\u0105 ofert\u0119. Kabiny Idea to wynik designerskiego po\u0142\u0105czenia szk\u0142a z eleganckimi [&hellip;]<\/p>\n","protected":false},"featured_media":16915,"comment_status":"closed","ping_status":"closed","template":"","meta":[],"product_brand":[],"product_cat":[207,16,100,322],"product_tag":[425,144,404,403,405],"berocket_brand":[123],"class_list":{"0":"post-16925","1":"product","2":"type-product","3":"status-publish","4":"has-post-thumbnail","6":"product_cat-chrom-prostokatne","7":"product_cat-kabiny-prysznicowe","8":"product_cat-prostokatne","9":"product_cat-przesuwne-chrom-prostokatne","10":"product_tag-chrom","11":"product_tag-idea-kdj","12":"product_tag-kabina","13":"product_tag-prostokatna","14":"product_tag-przesuwna","15":"berocket_brand-radaway","17":"first","18":"instock","19":"sale","20":"shipping-taxable","21":"purchasable","22":"product-type-simple"},"_links":{"self":[{"href":"https:\/\/saloni.pl\/index.php\/wp-json\/wp\/v2\/product\/16925","targetHints":{"allow":["GET"]}}],"collection":[{"href":"https:\/\/saloni.pl\/index.php\/wp-json\/wp\/v2\/product"}],"about":[{"href":"https:\/\/saloni.pl\/index.php\/wp-json\/wp\/v2\/types\/product"}],"replies":[{"embeddable":true,"href":"https:\/\/saloni.pl\/index.php\/wp-json\/wp\/v2\/comments?post=16925"}],"wp:featuredmedia":[{"embeddable":true,"href":"https:\/\/saloni.pl\/index.php\/wp-json\/wp\/v2\/media\/16915"}],"wp:attachment":[{"href":"https:\/\/saloni.pl\/index.php\/wp-json\/wp\/v2\/media?parent=16925"}],"wp:term":[{"taxonomy":"product_brand","embeddable":true,"href":"https:\/\/saloni.pl\/index.php\/wp-json\/wp\/v2\/product_brand?post=16925"},{"taxonomy":"product_cat","embeddable":true,"href":"https:\/\/saloni.pl\/index.php\/wp-json\/wp\/v2\/product_cat?post=16925"},{"taxonomy":"product_tag","embeddable":true,"href":"https:\/\/saloni.pl\/index.php\/wp-json\/wp\/v2\/product_tag?post=16925"},{"taxonomy":"berocket_brand","embeddable":true,"href":"https:\/\/saloni.pl\/index.php\/wp-json\/wp\/v2\/berocket_brand?post=16925"}],"curies":[{"name":"wp","href":"https:\/\/api.w.org\/{rel}","templated":true}]}}