{"id":16857,"date":"2022-11-24T17:09:32","date_gmt":"2022-11-24T16:09:32","guid":{"rendered":"https:\/\/saloni.pl\/?post_type=product&#038;p=16857"},"modified":"2022-12-05T18:34:09","modified_gmt":"2022-12-05T17:34:09","slug":"furo-black-kdj-120x90-prawa","status":"publish","type":"product","link":"https:\/\/saloni.pl\/index.php\/produkt\/furo-black-kdj-120x90-prawa\/","title":{"rendered":"Furo Black KDJ 120x90 prawa"},"content":{"rendered":"<h5><span style=\"color: #000000;\">Kabina prysznicowa Furo Black KDJ 120x90 z pojedynczymi drzwiami przesuwnymi, wersja czarny, szk\u0142o przejrzyste z pow\u0142ok\u0105 Easy Clean<\/span><\/h5>\n<h5><span style=\"color: #000000;\">Front z drzwiami 120 cm prawy, \u015bcianka sta\u0142a 90 cm<\/span><\/h5>\n<div class=\"option-content\">\n<p><strong>Kabina dost\u0119pna w wielu wymiarach, nie znalaz\u0142e\u015b wymiaru kt\u00f3rego szukasz?<\/strong><\/p>\n<p><strong>Zadzwo\u0144 do nas lub napisz, przedstawimy ci najlepsz\u0105 ofert\u0119.<\/strong><\/p>\n<p>Seria <strong>Furo<\/strong> to niespotykana dot\u0105d jako\u015b\u0107 w\u015br\u00f3d przesuwnych kabin prysznicowych. Dzi\u0119ki rezygnacji z g\u00f3rnej prowadnicy i osadzeniu drzwi na rolkach uzyskali\u015bmy kabiny o niezwyk\u0142ej elegancji, lekko\u015bci i przejrzysto\u015bci. Rolki zosta\u0142y zlicowane od wewn\u0119trznej strony ze szk\u0142em, u\u0142atwiaj\u0105c utrzymanie kabiny w czysto\u015bci. Przy otwarciu drzwi przesuwaj\u0105 si\u0119 przed sta\u0142y segment, dzi\u0119ki czemu otrzymujemy przestronne i wygodne wej\u015bcie.<\/p>\n<p>Produkty z tej kolekcji mo\u017cna dopasowa\u0107 do swoich potrzeb m.in. poprzez zamian\u0119 uchwyt\u00f3w, sposoby stabilizacji, kolor uszczelek czy kolor profili.<\/p>\n<p><img loading=\"lazy\" decoding=\"async\" class=\"alignnone size-full wp-image-16816\" src=\"https:\/\/saloni.pl\/wp-content\/uploads\/2022\/10\/FURO-PIKT-prawa.jpg\" alt=\"\" width=\"300\" height=\"248\" \/><\/p>\n<p><img loading=\"lazy\" decoding=\"async\" class=\"alignnone size-full wp-image-16799\" src=\"https:\/\/saloni.pl\/wp-content\/uploads\/2022\/10\/FURO-CECHY-1.jpg\" alt=\"\" width=\"543\" height=\"504\" srcset=\"https:\/\/saloni.pl\/wp-content\/uploads\/2022\/10\/FURO-CECHY-1.jpg 543w, https:\/\/saloni.pl\/wp-content\/uploads\/2022\/10\/FURO-CECHY-1-300x278.jpg 300w\" sizes=\"auto, (max-width: 543px) 100vw, 543px\" \/><img loading=\"lazy\" decoding=\"async\" class=\"alignnone size-full wp-image-16800\" src=\"https:\/\/saloni.pl\/wp-content\/uploads\/2022\/10\/FURO-CECHY-2.jpg\" alt=\"\" width=\"577\" height=\"391\" srcset=\"https:\/\/saloni.pl\/wp-content\/uploads\/2022\/10\/FURO-CECHY-2.jpg 577w, https:\/\/saloni.pl\/wp-content\/uploads\/2022\/10\/FURO-CECHY-2-300x203.jpg 300w\" sizes=\"auto, (max-width: 577px) 100vw, 577px\" \/><\/p>\n<p><img loading=\"lazy\" decoding=\"async\" class=\"alignnone size-full wp-image-16801\" src=\"https:\/\/saloni.pl\/wp-content\/uploads\/2022\/10\/FURO-CECHY-3.jpg\" alt=\"\" width=\"591\" height=\"569\" srcset=\"https:\/\/saloni.pl\/wp-content\/uploads\/2022\/10\/FURO-CECHY-3.jpg 591w, https:\/\/saloni.pl\/wp-content\/uploads\/2022\/10\/FURO-CECHY-3-300x289.jpg 300w\" sizes=\"auto, (max-width: 591px) 100vw, 591px\" \/><\/p>\n<p><img loading=\"lazy\" decoding=\"async\" class=\"alignnone size-full wp-image-16802\" src=\"https:\/\/saloni.pl\/wp-content\/uploads\/2022\/10\/FURO-CECHY-4.jpg\" alt=\"\" width=\"500\" height=\"117\" srcset=\"https:\/\/saloni.pl\/wp-content\/uploads\/2022\/10\/FURO-CECHY-4.jpg 500w, https:\/\/saloni.pl\/wp-content\/uploads\/2022\/10\/FURO-CECHY-4-300x70.jpg 300w\" sizes=\"auto, (max-width: 500px) 100vw, 500px\" \/><\/p>\n<p><img loading=\"lazy\" decoding=\"async\" class=\"alignnone size-full wp-image-16806\" src=\"https:\/\/saloni.pl\/wp-content\/uploads\/2022\/10\/FURO-RYS-TECHN-1.jpg\" alt=\"\" width=\"731\" height=\"684\" srcset=\"https:\/\/saloni.pl\/wp-content\/uploads\/2022\/10\/FURO-RYS-TECHN-1.jpg 731w, https:\/\/saloni.pl\/wp-content\/uploads\/2022\/10\/FURO-RYS-TECHN-1-300x281.jpg 300w, https:\/\/saloni.pl\/wp-content\/uploads\/2022\/10\/FURO-RYS-TECHN-1-600x561.jpg 600w\" sizes=\"auto, (max-width: 731px) 100vw, 731px\" \/><\/p>\n<p><img loading=\"lazy\" decoding=\"async\" class=\"alignnone size-full wp-image-16807\" src=\"https:\/\/saloni.pl\/wp-content\/uploads\/2022\/10\/FURO-RYS-TECHN-2.jpg\" alt=\"\" width=\"734\" height=\"380\" srcset=\"https:\/\/saloni.pl\/wp-content\/uploads\/2022\/10\/FURO-RYS-TECHN-2.jpg 734w, https:\/\/saloni.pl\/wp-content\/uploads\/2022\/10\/FURO-RYS-TECHN-2-300x155.jpg 300w, https:\/\/saloni.pl\/wp-content\/uploads\/2022\/10\/FURO-RYS-TECHN-2-600x311.jpg 600w\" sizes=\"auto, (max-width: 734px) 100vw, 734px\" \/><\/p>\n<p>&nbsp;<\/p>\n<\/div>\n","protected":false},"excerpt":{"rendered":"<p>Kabina prysznicowa Furo Black KDJ 120x90 z pojedynczymi drzwiami przesuwnymi, wersja czarny, szk\u0142o przejrzyste z pow\u0142ok\u0105 Easy Clean Front z drzwiami 120 cm prawy, \u015bcianka sta\u0142a 90 cm Kabina dost\u0119pna w wielu wymiarach, nie znalaz\u0142e\u015b wymiaru kt\u00f3rego szukasz? Zadzwo\u0144 do nas lub napisz, przedstawimy ci najlepsz\u0105 ofert\u0119. Seria Furo to niespotykana dot\u0105d jako\u015b\u0107 w\u015br\u00f3d przesuwnych [&hellip;]<\/p>\n","protected":false},"featured_media":16854,"comment_status":"closed","ping_status":"closed","template":"","meta":[],"product_brand":[],"product_cat":[208,16,100,318],"product_tag":[421,406,404,403,405],"berocket_brand":[123],"class_list":{"0":"post-16857","1":"product","2":"type-product","3":"status-publish","4":"has-post-thumbnail","6":"product_cat-black-prostokatne","7":"product_cat-kabiny-prysznicowe","8":"product_cat-prostokatne","9":"product_cat-przesuwne-black-prostokatne","10":"product_tag-black","11":"product_tag-furo-kdj","12":"product_tag-kabina","13":"product_tag-prostokatna","14":"product_tag-przesuwna","15":"berocket_brand-radaway","17":"first","18":"instock","19":"sale","20":"shipping-taxable","21":"purchasable","22":"product-type-simple"},"_links":{"self":[{"href":"https:\/\/saloni.pl\/index.php\/wp-json\/wp\/v2\/product\/16857","targetHints":{"allow":["GET"]}}],"collection":[{"href":"https:\/\/saloni.pl\/index.php\/wp-json\/wp\/v2\/product"}],"about":[{"href":"https:\/\/saloni.pl\/index.php\/wp-json\/wp\/v2\/types\/product"}],"replies":[{"embeddable":true,"href":"https:\/\/saloni.pl\/index.php\/wp-json\/wp\/v2\/comments?post=16857"}],"wp:featuredmedia":[{"embeddable":true,"href":"https:\/\/saloni.pl\/index.php\/wp-json\/wp\/v2\/media\/16854"}],"wp:attachment":[{"href":"https:\/\/saloni.pl\/index.php\/wp-json\/wp\/v2\/media?parent=16857"}],"wp:term":[{"taxonomy":"product_brand","embeddable":true,"href":"https:\/\/saloni.pl\/index.php\/wp-json\/wp\/v2\/product_brand?post=16857"},{"taxonomy":"product_cat","embeddable":true,"href":"https:\/\/saloni.pl\/index.php\/wp-json\/wp\/v2\/product_cat?post=16857"},{"taxonomy":"product_tag","embeddable":true,"href":"https:\/\/saloni.pl\/index.php\/wp-json\/wp\/v2\/product_tag?post=16857"},{"taxonomy":"berocket_brand","embeddable":true,"href":"https:\/\/saloni.pl\/index.php\/wp-json\/wp\/v2\/berocket_brand?post=16857"}],"curies":[{"name":"wp","href":"https:\/\/api.w.org\/{rel}","templated":true}]}}