{"id":16607,"date":"2022-10-12T17:16:34","date_gmt":"2022-10-12T15:16:34","guid":{"rendered":"https:\/\/saloni.pl\/?post_type=product&#038;p=16607"},"modified":"2022-11-10T11:26:46","modified_gmt":"2022-11-10T10:26:46","slug":"brodzik-kyntos-f-140x80-antracyt","status":"publish","type":"product","link":"https:\/\/saloni.pl\/index.php\/produkt\/brodzik-kyntos-f-140x80-antracyt\/","title":{"rendered":"Brodzik Kyntos F 140x80 Antracyt"},"content":{"rendered":"<div class=\"option-content\">\n<h3 class=\"head tiny\"><span style=\"color: #000000;\">BRODZIK Z KONGLOMERATU MARMUROWEGO<\/span><\/h3>\n<p><strong>Brodzik dost\u0119pny w wielu wymiarach, nie znalaz\u0142e\u015b wymiaru kt\u00f3rego szukasz?<\/strong><\/p>\n<p><strong>Zadzwo\u0144 do nas lub napisz, przedstawimy ci najlepsz\u0105 ofert\u0119.<\/strong><\/p>\n<p><img loading=\"lazy\" decoding=\"async\" class=\"size-full wp-image-16495 alignnone\" src=\"https:\/\/saloni.pl\/wp-content\/uploads\/2022\/10\/Kyntos-cechy.jpg\" alt=\"\" width=\"711\" height=\"555\" srcset=\"https:\/\/saloni.pl\/wp-content\/uploads\/2022\/10\/Kyntos-cechy.jpg 711w, https:\/\/saloni.pl\/wp-content\/uploads\/2022\/10\/Kyntos-cechy-300x234.jpg 300w, https:\/\/saloni.pl\/wp-content\/uploads\/2022\/10\/Kyntos-cechy-600x468.jpg 600w\" sizes=\"auto, (max-width: 711px) 100vw, 711px\" \/><\/p>\n<h3><span style=\"color: #000000;\"><strong>Rysunek techniczny<\/strong><\/span><\/h3>\n<p><img loading=\"lazy\" decoding=\"async\" class=\"alignnone size-full wp-image-16566\" src=\"https:\/\/saloni.pl\/wp-content\/uploads\/2022\/10\/Kyntos-rysunek-techn.jpg\" alt=\"\" width=\"528\" height=\"692\" srcset=\"https:\/\/saloni.pl\/wp-content\/uploads\/2022\/10\/Kyntos-rysunek-techn.jpg 528w, https:\/\/saloni.pl\/wp-content\/uploads\/2022\/10\/Kyntos-rysunek-techn-300x393.jpg 300w, https:\/\/saloni.pl\/wp-content\/uploads\/2022\/10\/Kyntos-rysunek-techn-229x300.jpg 229w\" sizes=\"auto, (max-width: 528px) 100vw, 528px\" \/><\/p>\n<h3><span style=\"color: #000000;\"><strong>Istnieje mo\u017cliwo\u015b\u0107 doci\u0119cia brodzika na wymiar<\/strong><\/span><\/h3>\n<p><img loading=\"lazy\" decoding=\"async\" class=\"alignnone size-full wp-image-16497\" src=\"https:\/\/saloni.pl\/wp-content\/uploads\/2022\/10\/Kyntos-dociecie.jpg\" alt=\"\" width=\"627\" height=\"352\" srcset=\"https:\/\/saloni.pl\/wp-content\/uploads\/2022\/10\/Kyntos-dociecie.jpg 627w, https:\/\/saloni.pl\/wp-content\/uploads\/2022\/10\/Kyntos-dociecie-300x168.jpg 300w, https:\/\/saloni.pl\/wp-content\/uploads\/2022\/10\/Kyntos-dociecie-600x337.jpg 600w\" sizes=\"auto, (max-width: 627px) 100vw, 627px\" \/><\/p>\n<h5><span style=\"color: #000000;\"><strong>Brodzik dost\u0119pny w kolorach bia\u0142y, czarny, antracyt i cemento.<\/strong><\/span><\/h5>\n<h5><span style=\"color: #000000;\">W celu skompletowania brodzika nale\u017cy dokupi\u0107 do niego kratk\u0119 odp\u0142ywow\u0105 i syfon<\/span><\/h5>\n<h5><span style=\"color: #000000;\"><strong>Kratka odp\u0142ywowa dost\u0119pna w kolorze cemento, stalowym, bia\u0142ym lub czarnym.<\/strong><\/span><\/h5>\n<h5><span style=\"color: #000000;\"><strong>Do brodzika pasuje syfon HS1<\/strong><\/span><\/h5>\n<p>&nbsp;<\/p>\n<\/div>\n","protected":false},"excerpt":{"rendered":"<p>BRODZIK Z KONGLOMERATU MARMUROWEGO Brodzik dost\u0119pny w wielu wymiarach, nie znalaz\u0142e\u015b wymiaru kt\u00f3rego szukasz? Zadzwo\u0144 do nas lub napisz, przedstawimy ci najlepsz\u0105 ofert\u0119. Rysunek techniczny Istnieje mo\u017cliwo\u015b\u0107 doci\u0119cia brodzika na wymiar Brodzik dost\u0119pny w kolorach bia\u0142y, czarny, antracyt i cemento. W celu skompletowania brodzika nale\u017cy dokupi\u0107 do niego kratk\u0119 odp\u0142ywow\u0105 i syfon Kratka odp\u0142ywowa dost\u0119pna [&hellip;]<\/p>\n","protected":false},"featured_media":9006,"comment_status":"closed","ping_status":"closed","template":"","meta":[],"product_brand":[],"product_cat":[411,28,135,29],"product_tag":[387,389,388,398,390],"berocket_brand":[123],"class_list":{"0":"post-16607","1":"product","2":"type-product","3":"status-publish","4":"has-post-thumbnail","6":"product_cat-antracytowe","7":"product_cat-brodziki-prysznicowe","8":"product_cat-prostokatne-brodziki-prysznicowe","9":"product_cat-radaway-brodziki-prysznicowe","10":"product_tag-brodzik","11":"product_tag-konglomerat","12":"product_tag-niski","13":"product_tag-prostokatny","14":"product_tag-radaway","15":"berocket_brand-radaway","17":"first","18":"instock","19":"sale","20":"shipping-taxable","21":"purchasable","22":"product-type-simple"},"_links":{"self":[{"href":"https:\/\/saloni.pl\/index.php\/wp-json\/wp\/v2\/product\/16607","targetHints":{"allow":["GET"]}}],"collection":[{"href":"https:\/\/saloni.pl\/index.php\/wp-json\/wp\/v2\/product"}],"about":[{"href":"https:\/\/saloni.pl\/index.php\/wp-json\/wp\/v2\/types\/product"}],"replies":[{"embeddable":true,"href":"https:\/\/saloni.pl\/index.php\/wp-json\/wp\/v2\/comments?post=16607"}],"wp:featuredmedia":[{"embeddable":true,"href":"https:\/\/saloni.pl\/index.php\/wp-json\/wp\/v2\/media\/9006"}],"wp:attachment":[{"href":"https:\/\/saloni.pl\/index.php\/wp-json\/wp\/v2\/media?parent=16607"}],"wp:term":[{"taxonomy":"product_brand","embeddable":true,"href":"https:\/\/saloni.pl\/index.php\/wp-json\/wp\/v2\/product_brand?post=16607"},{"taxonomy":"product_cat","embeddable":true,"href":"https:\/\/saloni.pl\/index.php\/wp-json\/wp\/v2\/product_cat?post=16607"},{"taxonomy":"product_tag","embeddable":true,"href":"https:\/\/saloni.pl\/index.php\/wp-json\/wp\/v2\/product_tag?post=16607"},{"taxonomy":"berocket_brand","embeddable":true,"href":"https:\/\/saloni.pl\/index.php\/wp-json\/wp\/v2\/berocket_brand?post=16607"}],"curies":[{"name":"wp","href":"https:\/\/api.w.org\/{rel}","templated":true}]}}