{"id":16559,"date":"2022-10-11T19:22:53","date_gmt":"2022-10-11T17:22:53","guid":{"rendered":"https:\/\/saloni.pl\/?post_type=product&#038;p=16559"},"modified":"2022-11-10T12:26:01","modified_gmt":"2022-11-10T11:26:01","slug":"brodzik-kyntos-a-90x90-cemento","status":"publish","type":"product","link":"https:\/\/saloni.pl\/index.php\/produkt\/brodzik-kyntos-a-90x90-cemento\/","title":{"rendered":"Brodzik Kyntos A 90x90 Cemento"},"content":{"rendered":"<div class=\"option-content\">\n<h3 class=\"head tiny\"><span style=\"color: #000000;\">BRODZIK Z KONGLOMERATU MARMUROWEGO<\/span><\/h3>\n<p><img loading=\"lazy\" decoding=\"async\" class=\"size-full wp-image-16495 alignnone\" src=\"https:\/\/saloni.pl\/wp-content\/uploads\/2022\/10\/Kyntos-cechy.jpg\" alt=\"\" width=\"711\" height=\"555\" srcset=\"https:\/\/saloni.pl\/wp-content\/uploads\/2022\/10\/Kyntos-cechy.jpg 711w, https:\/\/saloni.pl\/wp-content\/uploads\/2022\/10\/Kyntos-cechy-300x234.jpg 300w, https:\/\/saloni.pl\/wp-content\/uploads\/2022\/10\/Kyntos-cechy-600x468.jpg 600w\" sizes=\"auto, (max-width: 711px) 100vw, 711px\" \/><\/p>\n<h3><span style=\"color: #000000;\"><strong>Rysunek techniczny<\/strong><\/span><\/h3>\n<p><img loading=\"lazy\" decoding=\"async\" class=\"alignnone size-full wp-image-16553\" src=\"https:\/\/saloni.pl\/wp-content\/uploads\/2022\/10\/Kyntos-A-rys-techn.jpg\" alt=\"\" width=\"425\" height=\"624\" srcset=\"https:\/\/saloni.pl\/wp-content\/uploads\/2022\/10\/Kyntos-A-rys-techn.jpg 425w, https:\/\/saloni.pl\/wp-content\/uploads\/2022\/10\/Kyntos-A-rys-techn-300x440.jpg 300w, https:\/\/saloni.pl\/wp-content\/uploads\/2022\/10\/Kyntos-A-rys-techn-204x300.jpg 204w\" sizes=\"auto, (max-width: 425px) 100vw, 425px\" \/><\/p>\n<h3><span style=\"color: #000000;\"><strong>Istnieje mo\u017cliwo\u015b\u0107 doci\u0119cia brodzika na wymiar<\/strong><\/span><\/h3>\n<p><img loading=\"lazy\" decoding=\"async\" class=\"alignnone size-full wp-image-16497\" src=\"https:\/\/saloni.pl\/wp-content\/uploads\/2022\/10\/Kyntos-dociecie.jpg\" alt=\"\" width=\"627\" height=\"352\" srcset=\"https:\/\/saloni.pl\/wp-content\/uploads\/2022\/10\/Kyntos-dociecie.jpg 627w, https:\/\/saloni.pl\/wp-content\/uploads\/2022\/10\/Kyntos-dociecie-300x168.jpg 300w, https:\/\/saloni.pl\/wp-content\/uploads\/2022\/10\/Kyntos-dociecie-600x337.jpg 600w\" sizes=\"auto, (max-width: 627px) 100vw, 627px\" \/><\/p>\n<h5><span style=\"color: #000000;\"><strong>Brodzik dost\u0119pny w kolorach bia\u0142y, czarny, antracyt i cemento.<\/strong><\/span><\/h5>\n<h5><span style=\"color: #000000;\">W celu skompletowania brodzika nale\u017cy dokupi\u0107 do niego kratk\u0119 odp\u0142ywow\u0105 i syfon<\/span><\/h5>\n<h5><span style=\"color: #000000;\"><strong>Kratka odp\u0142ywowa dost\u0119pna w kolorze cemento, stalowym, bia\u0142ym lub czarnym.<\/strong><\/span><\/h5>\n<h5><span style=\"color: #000000;\"><strong>Do brodzika pasuje syfon HS1<\/strong><\/span><\/h5>\n<p>&nbsp;<\/p>\n<\/div>\n","protected":false},"excerpt":{"rendered":"<p>BRODZIK Z KONGLOMERATU MARMUROWEGO Rysunek techniczny Istnieje mo\u017cliwo\u015b\u0107 doci\u0119cia brodzika na wymiar Brodzik dost\u0119pny w kolorach bia\u0142y, czarny, antracyt i cemento. W celu skompletowania brodzika nale\u017cy dokupi\u0107 do niego kratk\u0119 odp\u0142ywow\u0105 i syfon Kratka odp\u0142ywowa dost\u0119pna w kolorze cemento, stalowym, bia\u0142ym lub czarnym. Do brodzika pasuje syfon HS1 &nbsp;<\/p>\n","protected":false},"featured_media":14210,"comment_status":"closed","ping_status":"closed","template":"","meta":[],"product_brand":[],"product_cat":[28,420,137,29],"product_tag":[387,389,388,390],"berocket_brand":[123],"class_list":{"0":"post-16559","1":"product","2":"type-product","3":"status-publish","4":"has-post-thumbnail","6":"product_cat-brodziki-prysznicowe","7":"product_cat-cemento-polokragle-brodziki-prysznicowe","8":"product_cat-polokragle-brodziki-prysznicowe","9":"product_cat-radaway-brodziki-prysznicowe","10":"product_tag-brodzik","11":"product_tag-konglomerat","12":"product_tag-niski","13":"product_tag-radaway","14":"berocket_brand-radaway","16":"first","17":"instock","18":"sale","19":"shipping-taxable","20":"purchasable","21":"product-type-simple"},"_links":{"self":[{"href":"https:\/\/saloni.pl\/index.php\/wp-json\/wp\/v2\/product\/16559","targetHints":{"allow":["GET"]}}],"collection":[{"href":"https:\/\/saloni.pl\/index.php\/wp-json\/wp\/v2\/product"}],"about":[{"href":"https:\/\/saloni.pl\/index.php\/wp-json\/wp\/v2\/types\/product"}],"replies":[{"embeddable":true,"href":"https:\/\/saloni.pl\/index.php\/wp-json\/wp\/v2\/comments?post=16559"}],"wp:featuredmedia":[{"embeddable":true,"href":"https:\/\/saloni.pl\/index.php\/wp-json\/wp\/v2\/media\/14210"}],"wp:attachment":[{"href":"https:\/\/saloni.pl\/index.php\/wp-json\/wp\/v2\/media?parent=16559"}],"wp:term":[{"taxonomy":"product_brand","embeddable":true,"href":"https:\/\/saloni.pl\/index.php\/wp-json\/wp\/v2\/product_brand?post=16559"},{"taxonomy":"product_cat","embeddable":true,"href":"https:\/\/saloni.pl\/index.php\/wp-json\/wp\/v2\/product_cat?post=16559"},{"taxonomy":"product_tag","embeddable":true,"href":"https:\/\/saloni.pl\/index.php\/wp-json\/wp\/v2\/product_tag?post=16559"},{"taxonomy":"berocket_brand","embeddable":true,"href":"https:\/\/saloni.pl\/index.php\/wp-json\/wp\/v2\/berocket_brand?post=16559"}],"curies":[{"name":"wp","href":"https:\/\/api.w.org\/{rel}","templated":true}]}}