{"id":3,"date":"2022-03-07T09:37:14","date_gmt":"2022-03-07T08:37:14","guid":{"rendered":"https:\/\/webserwis.net\/saloni\/?page_id=3"},"modified":"2022-04-27T12:46:17","modified_gmt":"2022-04-27T10:46:17","slug":"polityka-prywatnosci","status":"publish","type":"page","link":"https:\/\/saloni.pl\/index.php\/polityka-prywatnosci\/","title":{"rendered":"Polityka prywatno\u015bci"},"content":{"rendered":"<p class=\"BezWciecia\">Zgodnie z art. 13 ust. 1 i ust. 2 Rozporz\u0105dzenia Parlamentu Europejskiego i Rady (UE) 2016 \/ 679 z dn. 27.04.2016 r. w sprawie ochrony os\u00f3b fizycznych w zwi\u0105zku z przetwarzaniem danych osobowych i w sprawie swobodnego przep\u0142ywu takich danych oraz chylenia dyrektywy 95\/46\/WE, Dziennik Urz\u0119dowy UE, L 119\/1 z dn. 4.05.2016 r. F.H.Saloni jako Administrator danych osobowych U\u017cytkownika, b\u0119d\u0105cego osob\u0105 fizyczn\u0105 (osoba, kt\u00f3rej dane dotycz\u0105), podaje nast\u0119puj\u0105ce informacje.<\/p>\n<h2>POSTANOWIENIA OG\u00d3LNE<\/h2>\n<ul>\n<li>W\u0142a\u015bcicielem sklepu internetowego oraz Administratorem danych osobowych w sklepie internetowym www.saloni.pl jest firma\u00a0<strong>F.H.Saloni Pawe\u0142 Szewczyk, ul.Or\u0142owska 3 lok 69, 03-571 Warszawa NIP: 524-101-56-55 REGON: 010986074<\/strong><\/li>\n<li>Dane osobowe Us\u0142ugobiorcy s\u0105 przetwarzane zgodnie z ustaw\u0105 o ochronie danych osobowych z dnia 29 sierpnia 1997 r. (Dz. U. Nr 133, poz. 883 ze zm.) oraz ustaw\u0105 o \u015bwiadczeniu us\u0142ug drog\u0105 elektroniczn\u0105 z dnia 18 lipca 2002 r. (Dz. U. Nr 144, poz. 1204 ze zm.).<\/li>\n<li>Administrator dok\u0142ada szczeg\u00f3lnej staranno\u015bci w celu ochrony interes\u00f3w os\u00f3b, kt\u00f3rych dane dotycz\u0105, a w szczeg\u00f3lno\u015bci zapewnia, \u017ce zbierane przez niego dane s\u0105 przetwarzane zgodnie z prawem.<\/li>\n<\/ul>\n<h2>CEL I ZAKRES ZBIERANIA DANYCH<\/h2>\n<ul>\n<li>Celem przetwarzania danych osobowych jest realizacja zam\u00f3wienia internetowego oraz kontakt w ramach opieki posprzeda\u017cowej dotycz\u0105cy: reklamacji, obs\u0142ugi zwrot\u00f3w, przyj\u0119cia odst\u0105pienia od umowy oraz korzystania z rabat\u00f3w przypisanych do konta klienta i promocji.<\/li>\n<li>Warunkiem realizacji zam\u00f3wienia z\u0142o\u017conego przez stron\u0119 www.saloni.pl jest akceptacja warunk\u00f3w REGULAMINU i \u015bwiadome udzielenie zgody na przetwarzanie danych osobowych.<\/li>\n<li>W trakcie rejestracji Konta U\u017cytkownika, U\u017cytkownik ustala samodzielnie has\u0142o dost\u0119pu do Konta U\u017cytkownika w Sklepie Internetowym oraz podaje nast\u0119puj\u0105ce dane:<br \/>- Imi\u0119 i nazwisko,<br \/>- Adres e-mail,<br \/>- Numer telefonu,<br \/>- NIP (w przypadku rejestracji firmy),<br \/>- Nazwa firmy,<br \/>- Adres do wysy\u0142ki i faktury,<\/li>\n<li>Powy\u017csze dane mog\u0105 by\u0107 zmieniane samodzielnie przez U\u017cytkownika po zalogowaniu si\u0119 do Konta U\u017cytkownika lub poprzez kontakt z F.H.Saloni.<\/li>\n<li>Przys\u0142uguje Pa\u0144stwu, w odniesieniu do Pa\u0144stwa danych osobowych, prawo do kontroli przetwarzania danych, kt\u00f3re jej dotycz\u0105, zawartych w zbiorze danych Administratora, a zw\u0142aszcza prawo do \u017c\u0105dania uzupe\u0142nienia, uaktualnienia, sprostowania danych osobowych, czasowego lub sta\u0142ego wstrzymania ich przetwarzania lub ich usuni\u0119cia, je\u017celi s\u0105 one niekompletne, nieaktualne, nieprawdziwe lub zosta\u0142y zebrane z naruszeniem ustawy albo s\u0105 ju\u017c zb\u0119dne do realizacji celu, dla kt\u00f3rego zosta\u0142y zebrane.<\/li>\n<li>Dane powy\u017csze nie s\u0105 przekazywane innym osobom trzecim z wyj\u0105tkiem podmiot\u00f3w niezb\u0119dnych do realizacji zam\u00f3wienia jak: podmiot realizuj\u0105cy dostaw\u0119 towar\u00f3w, hurtownia, dostawca p\u0142atno\u015bci, biuro ksi\u0119gowe, hostingodawca, podmiot u\u0142atwiaj\u0105cy optymalizacj\u0119 Sklepu, podmiot zapewniaj\u0105cy us\u0142ugi marketingowe, dostawca oprogramowania potrzebnego do prowadzenia sklepu internetowego. Dane mog\u0105 zosta\u0107 ujawnione r\u00f3wnie\u017c na wniosek i \u017c\u0105danie uprawnionych organ\u00f3w, np. policji, prokuratury, s\u0105du.<br \/>Administrator o\u015bwiadcza, i\u017c zlecaj\u0105c innym podmiotom \u015bwiadczenie us\u0142ug, wymaga od partner\u00f3w zgodnie z dyspozycj\u0105 art.28 RODO, zapewnienia odpowiednio wysokich standard\u00f3w ochrony powierzonych danych osobowych.<\/li>\n<li>Dane osobowe b\u0119d\u0105 przetwarzane do odwo\u0142ania zgody a po takim odwo\u0142aniu przez okres przedawnienia roszcze\u0144 przys\u0142uguj\u0105cych administratorowi danych i w stosunku do niego.<\/li>\n<\/ul>\n<h2>PLIKI COOKIES<\/h2>\n<ul>\n<li>Strona internetowa www.saloni.pl wykorzystuje ciasteczka, kt\u00f3re s\u0142u\u017c\u0105 identyfikacji u\u017cytkownika. Brak zmiany po stronie U\u017cytkownika ustawie\u0144 przegl\u0105darki jest r\u00f3wnoznaczny z wyra\u017ceniem zgody na ich u\u017cycie.<\/li>\n<li>Instalacja plik\u00f3w \u201ecookies\u201d jest konieczna do prawid\u0142owego \u015bwiadczenia us\u0142ug w Sklepie Internetowym. W plikach \u201ecookies\" znajduj\u0105 si\u0119 informacje niezb\u0119dne do prawid\u0142owego funkcjonowania Sklepu Internetowego, w szczeg\u00f3lno\u015bci tych wymagaj\u0105cych autoryzacji.<\/li>\n<li>W ramach Sklepu Internetowego stosowane s\u0105 pliki Cookies sesyjne. S\u0105 one plikami tymczasowymi, kt\u00f3re przechowywane s\u0105 w urz\u0105dzeniu ko\u0144cowym Us\u0142ugobiorcy do czasu wylogowania (opuszczenia Sklepu) lub zamkni\u0119cia przegl\u0105darki internetowej.<\/li>\n<li>U\u017cytkownik ma prawo zadecydowania w zakresie dost\u0119pu plik\u00f3w \u201ecookies\u201d do swojego komputera poprzez ich uprzedni wyb\u00f3r w oknie swojej przegl\u0105darki. Szczeg\u00f3\u0142owe informacje o mo\u017cliwo\u015bci i sposobach obs\u0142ugi plik\u00f3w \u201ecookies\u201d dost\u0119pne s\u0105 w ustawieniach oprogramowania (przegl\u0105darki internetowej).<\/li>\n<li>Sklep Internetowy zawiera linki i odno\u015bniki do innych stron internetowych. Sklep Internetowy nie ponosi odpowiedzialno\u015bci za zasady ochrony prywatno\u015bci na nich obowi\u0105zuj\u0105ce. Z tego powodu zach\u0119camy Pa\u0144stwa, by po przej\u015bciu za po\u015brednictwem Sklepu Internetowego na stron\u0119 zarz\u0105dzan\u0105 przez innego administratora, zapozna\u0107 si\u0119 z polityk\u0105 prywatno\u015bci tam przyj\u0119t\u0105.<\/li>\n<\/ul>\n<h2>ZABEZPIECZENIA<\/h2>\n<ul>\n<li>Sklep Internetowy stosuje zabezpieczenia zapewniaj\u0105ce ochron\u0119 danych przed utrat\u0105, niew\u0142a\u015bciwym wykorzystaniem i modyfikacj\u0105. Sklep Internetowy zobowi\u0105zuje si\u0119 chroni\u0107 wszelkie Pa\u0144stwa dane zgodnie z normami ochrony bezpiecze\u0144stwa i zachowania poufno\u015bci.<\/li>\n<li>Dane osobowe w Sklepie Internetowym s\u0105 chronione zgodnie z obowi\u0105zuj\u0105cymi Ustawami w spos\u00f3b uniemo\u017cliwiaj\u0105cy dost\u0119p do nich os\u00f3b trzecich.<\/li>\n<li>Strony internetowe Sklepu Internetowego zabezpieczone s\u0105 certyfikatem SLL, a komunikacja jest szyfrowana.<\/li>\n<li>W przypadku, gdy U\u017cytkownik posiadaj\u0105cy konto w Sklepie Internetowym utraci\u0142 w jakikolwiek spos\u00f3b has\u0142o dost\u0119pu, Sklep internetowy umo\u017cliwia wygenerowanie nowego has\u0142a do Sklepu Internetowego. Has\u0142o U\u017cytkownika jest przechowywane w bazie danych w formie zaszyfrowanej, w spos\u00f3b uniemo\u017cliwiaj\u0105cy jego odczytanie.<\/li>\n<li>Sklep Internetowy nigdy nie wysy\u0142a \u017cadnej korespondencji, w tym korespondencji elektronicznej, z pro\u015bb\u0105 o podanie danych do logowania, a w szczeg\u00f3lno\u015bci has\u0142a dost\u0119powego do Konta U\u017cytkownika. Informacje takie nie s\u0105 r\u00f3wnie\u017c udost\u0119pniane drog\u0105 telefoniczn\u0105.<\/li>\n<\/ul>\n<h2>POSTANOWIENIA KO\u0143COWE<\/h2>\n<ul>\n<li>Administrator wyznaczy\u0142 Inspektora Ochrony Danych, z kt\u00f3rym mo\u017cna si\u0119 kontaktowa\u0107 za pomoc\u0105 poczty elektronicznej na adres: email: biuro@saloni.pl<\/li>\n<li>W przypadku jakichkolwiek pyta\u0144 i w\u0105tpliwo\u015bci odno\u015bnie ochrony danych osobowych prosimy o kontakt z biurem w\u0142a\u015bciciela pod adresem e-mail: biuro@saloni.pl<\/li>\n<li>W sprawach nieuregulowanych niniejsz\u0105 Polityk\u0105 Prywatno\u015bci stosuje si\u0119 odpowiednio postanowienia Regulaminu Sklepu Internetowego oraz inne w\u0142a\u015bciwe przepisy prawa polskiego<\/li>\n<\/ul>\n","protected":false},"excerpt":{"rendered":"<p>Zgodnie z art. 13 ust. 1 i ust. 2 Rozporz\u0105dzenia Parlamentu Europejskiego i Rady (UE) 2016 \/ 679 z dn. 27.04.2016 r. w sprawie ochrony os\u00f3b fizycznych w zwi\u0105zku z przetwarzaniem danych osobowych i w sprawie swobodnego przep\u0142ywu takich danych oraz chylenia dyrektywy 95\/46\/WE, Dziennik Urz\u0119dowy UE, L 119\/1 z dn. 4.05.2016 r. F.H.Saloni jako [&hellip;]<\/p>\n","protected":false},"author":1,"featured_media":0,"parent":0,"menu_order":0,"comment_status":"closed","ping_status":"open","template":"","meta":{"footnotes":""},"class_list":["post-3","page","type-page","status-publish","hentry"],"_links":{"self":[{"href":"https:\/\/saloni.pl\/index.php\/wp-json\/wp\/v2\/pages\/3","targetHints":{"allow":["GET"]}}],"collection":[{"href":"https:\/\/saloni.pl\/index.php\/wp-json\/wp\/v2\/pages"}],"about":[{"href":"https:\/\/saloni.pl\/index.php\/wp-json\/wp\/v2\/types\/page"}],"author":[{"embeddable":true,"href":"https:\/\/saloni.pl\/index.php\/wp-json\/wp\/v2\/users\/1"}],"replies":[{"embeddable":true,"href":"https:\/\/saloni.pl\/index.php\/wp-json\/wp\/v2\/comments?post=3"}],"version-history":[{"count":2,"href":"https:\/\/saloni.pl\/index.php\/wp-json\/wp\/v2\/pages\/3\/revisions"}],"predecessor-version":[{"id":204,"href":"https:\/\/saloni.pl\/index.php\/wp-json\/wp\/v2\/pages\/3\/revisions\/204"}],"wp:attachment":[{"href":"https:\/\/saloni.pl\/index.php\/wp-json\/wp\/v2\/media?parent=3"}],"curies":[{"name":"wp","href":"https:\/\/api.w.org\/{rel}","templated":true}]}}