{"id":206,"date":"2022-04-27T12:47:02","date_gmt":"2022-04-27T10:47:02","guid":{"rendered":"https:\/\/webserwis.net\/saloni\/?page_id=206"},"modified":"2022-04-27T12:47:02","modified_gmt":"2022-04-27T10:47:02","slug":"polityka-cookie","status":"publish","type":"page","link":"https:\/\/saloni.pl\/index.php\/polityka-cookie\/","title":{"rendered":"Polityka Cookie"},"content":{"rendered":"<div>Sprzedawca zbiera automatycznie dane zawarte w plikach cookies podczas korzystania ze strony internetowej sklepu internetowego. Pliki cookies to dane informatyczne, w szczeg\u00f3lno\u015bci pliki tekstowe, przechowywane w urz\u0105dzeniach ko\u0144cowych u\u017cytkownik\u00f3w przeznaczone do korzystania ze stron internetowych. Pliki te pozwalaj\u0105 rozpozna\u0107 urz\u0105dzenie u\u017cytkownika i odpowiednio wy\u015bwietli\u0107 stron\u0119 internetow\u0105 dostosowan\u0105 do jego indywidualnych preferencji. Cookies zazwyczaj zawieraj\u0105 nazw\u0119 strony internetowej, z kt\u00f3rej pochodz\u0105, czas przechowywania ich na urz\u0105dzeniu ko\u0144cowym oraz unikalny numer. W\u0142\u0105czenie mechanizmu Cookies jest niezb\u0119dne do korzystania ze sklepu oraz koszyka sklepu i panelu klienta, gdy\u017c na jego podstawie dzia\u0142a mechanizm sesji. Sklep zapisuje informacje w plikach Cookie dotycz\u0105cych obszar\u00f3w:\u00a0 id sesji, informacji o odwiedzinach sklepu. Dane gromadzone przy u\u017cyciu plik\u00f3w cookies mog\u0105 by\u0107 zbierane wy\u0142\u0105cznie w celu wykonywania okre\u015blonych funkcji na rzecz u\u017cytkownika. Oprogramowanie s\u0142u\u017c\u0105ce do przegl\u0105dania stron internetowych domy\u015blnie umo\u017cliwia umieszczanie plik\u00f3w cookies na urz\u0105dzeniu ko\u0144cowym. Ustawienia te mog\u0105 zosta\u0107 zmienione w taki spos\u00f3b, by blokowa\u0107 obs\u0142ug\u0119 plik\u00f3w cookies w ustawieniach przegl\u0105darki internetowej. Szczeg\u00f3\u0142owe informacje o mo\u017cliwo\u015bci i sposobach obs\u0142ugi plik\u00f3w cookies dost\u0119pne s\u0105 w ustawieniach przegl\u0105darki internetowej.<\/div>\n","protected":false},"excerpt":{"rendered":"<p>Sprzedawca zbiera automatycznie dane zawarte w plikach cookies podczas korzystania ze strony internetowej sklepu internetowego. Pliki cookies to dane informatyczne, w szczeg\u00f3lno\u015bci pliki tekstowe, przechowywane w urz\u0105dzeniach ko\u0144cowych u\u017cytkownik\u00f3w przeznaczone do korzystania ze stron internetowych. Pliki te pozwalaj\u0105 rozpozna\u0107 urz\u0105dzenie u\u017cytkownika i odpowiednio wy\u015bwietli\u0107 stron\u0119 internetow\u0105 dostosowan\u0105 do jego indywidualnych preferencji. Cookies zazwyczaj zawieraj\u0105 nazw\u0119 [&hellip;]<\/p>\n","protected":false},"author":1,"featured_media":0,"parent":0,"menu_order":0,"comment_status":"closed","ping_status":"closed","template":"","meta":{"footnotes":""},"class_list":["post-206","page","type-page","status-publish","hentry"],"_links":{"self":[{"href":"https:\/\/saloni.pl\/index.php\/wp-json\/wp\/v2\/pages\/206","targetHints":{"allow":["GET"]}}],"collection":[{"href":"https:\/\/saloni.pl\/index.php\/wp-json\/wp\/v2\/pages"}],"about":[{"href":"https:\/\/saloni.pl\/index.php\/wp-json\/wp\/v2\/types\/page"}],"author":[{"embeddable":true,"href":"https:\/\/saloni.pl\/index.php\/wp-json\/wp\/v2\/users\/1"}],"replies":[{"embeddable":true,"href":"https:\/\/saloni.pl\/index.php\/wp-json\/wp\/v2\/comments?post=206"}],"version-history":[{"count":1,"href":"https:\/\/saloni.pl\/index.php\/wp-json\/wp\/v2\/pages\/206\/revisions"}],"predecessor-version":[{"id":207,"href":"https:\/\/saloni.pl\/index.php\/wp-json\/wp\/v2\/pages\/206\/revisions\/207"}],"wp:attachment":[{"href":"https:\/\/saloni.pl\/index.php\/wp-json\/wp\/v2\/media?parent=206"}],"curies":[{"name":"wp","href":"https:\/\/api.w.org\/{rel}","templated":true}]}}